{"id":1721,"date":"2023-05-10T10:29:50","date_gmt":"2023-05-10T08:29:50","guid":{"rendered":"https:\/\/masante-cam.org\/masante\/?page_id=1721"},"modified":"2023-05-10T11:21:12","modified_gmt":"2023-05-10T09:21:12","slug":"cholera-surveillance-for-cameroon","status":"publish","type":"page","link":"https:\/\/masante-cam.org\/masante\/en\/cholera-surveillance-for-cameroon\/","title":{"rendered":"cholera surveillance for Cameroon"},"content":{"rendered":"<div data-elementor-type=\"wp-page\" data-elementor-id=\"1721\" class=\"elementor elementor-1721\">\n\t\t\t\t\t\t<section class=\"elementor-section elementor-top-section elementor-element elementor-element-4c3719d elementor-section-boxed elementor-section-height-default elementor-section-height-default\" data-id=\"4c3719d\" data-element_type=\"section\" data-e-type=\"section\">\n\t\t\t\t\t\t<div class=\"elementor-container elementor-column-gap-default\">\n\t\t\t\t\t<div class=\"elementor-column elementor-col-100 elementor-top-column elementor-element elementor-element-4592a88\" data-id=\"4592a88\" data-element_type=\"column\" data-e-type=\"column\">\n\t\t\t<div class=\"elementor-widget-wrap elementor-element-populated\">\n\t\t\t\t\t\t<div class=\"elementor-element elementor-element-add81e7 elementor-widget elementor-widget-image\" data-id=\"add81e7\" data-element_type=\"widget\" data-e-type=\"widget\" data-widget_type=\"image.default\">\n\t\t\t\t<div class=\"elementor-widget-container\">\n\t\t\t\t\t\t\t\t\t\t\t\t\t\t\t<img fetchpriority=\"high\" decoding=\"async\" width=\"1024\" height=\"768\" src=\"https:\/\/masante-cam.org\/masante\/wp-content\/uploads\/2023\/05\/410f502c-7898-4716-8b47-e0b6f8602a1f-1024x768.jpg\" class=\"attachment-large size-large wp-image-1727\" alt=\"\" srcset=\"https:\/\/masante-cam.org\/masante\/wp-content\/uploads\/2023\/05\/410f502c-7898-4716-8b47-e0b6f8602a1f-1024x768.jpg 1024w, https:\/\/masante-cam.org\/masante\/wp-content\/uploads\/2023\/05\/410f502c-7898-4716-8b47-e0b6f8602a1f-300x225.jpg 300w, https:\/\/masante-cam.org\/masante\/wp-content\/uploads\/2023\/05\/410f502c-7898-4716-8b47-e0b6f8602a1f-768x576.jpg 768w, https:\/\/masante-cam.org\/masante\/wp-content\/uploads\/2023\/05\/410f502c-7898-4716-8b47-e0b6f8602a1f-16x12.jpg 16w, https:\/\/masante-cam.org\/masante\/wp-content\/uploads\/2023\/05\/410f502c-7898-4716-8b47-e0b6f8602a1f.jpg 1080w\" sizes=\"(max-width: 1024px) 100vw, 1024px\" \/>\t\t\t\t\t\t\t\t\t\t\t\t\t\t\t<\/div>\n\t\t\t\t<\/div>\n\t\t\t\t\t<\/div>\n\t\t<\/div>\n\t\t\t\t\t<\/div>\n\t\t<\/section>\n\t\t\t\t<section class=\"elementor-section elementor-top-section elementor-element elementor-element-4e4269f elementor-section-boxed elementor-section-height-default elementor-section-height-default\" data-id=\"4e4269f\" data-element_type=\"section\" data-e-type=\"section\" data-settings=\"{&quot;background_background&quot;:&quot;gradient&quot;}\">\n\t\t\t\t\t\t<div class=\"elementor-container elementor-column-gap-default\">\n\t\t\t\t\t<div class=\"elementor-column elementor-col-100 elementor-top-column elementor-element elementor-element-62b6da3\" data-id=\"62b6da3\" data-element_type=\"column\" data-e-type=\"column\" data-settings=\"{&quot;background_background&quot;:&quot;slideshow&quot;,&quot;background_slideshow_gallery&quot;:[],&quot;background_slideshow_loop&quot;:&quot;yes&quot;,&quot;background_slideshow_slide_duration&quot;:5000,&quot;background_slideshow_slide_transition&quot;:&quot;fade&quot;,&quot;background_slideshow_transition_duration&quot;:500}\">\n\t\t\t<div class=\"elementor-widget-wrap elementor-element-populated\">\n\t\t\t\t\t\t<div class=\"elementor-element elementor-element-f5f12fc elementor-widget elementor-widget-text-editor\" data-id=\"f5f12fc\" data-element_type=\"widget\" data-e-type=\"widget\" data-widget_type=\"text-editor.default\">\n\t\t\t\t<div class=\"elementor-widget-container\">\n\t\t\t\t\t\t\t\t\t<h4><strong>Titre du projet<\/strong><\/h4><p>cholera surveillance for Cameroon<\/p><h4><strong>Partenaires impliqu\u00e9s<\/strong><\/h4><p>DOVE PROJECT; Minist\u00e8re de la Sant\u00e9 Public du Cameroun<\/p><h4><strong>Objectifs<\/strong><\/h4><p>Identifier les m\u00e9thodes efficientes pour une d\u00e9tection pr\u00e9coce et une riposte ad\u00e9quate des \u00e9pid\u00e9mies de chol\u00e9ra au Cameroun<\/p><h4><strong>Zone d\u2019impl\u00e9mentation<\/strong><strong>\/<\/strong><strong>P\u00e9riode de mise en \u0153uvre<\/strong><\/h4><p>Districts de sant\u00e9 de Goulfey, Kouss\u00e9ri, Mada, Makari (zone du lac Tchad Cameroun) ; Districts de sant\u00e9 de Bonassama, Deido, New-bell et Nylon (Douala-Cameroun)\/ Mars 2013 \u2013 Avril 2016<\/p><h4><strong>Equipe du projet<\/strong><\/h4><p>Investigateur principal : Pr David Sack ;<br \/>Co-investigateurs : Amanda Debes, Ram Malathi. Dr ATEUDJIEU Jerome , YAKUM Martin NDINAKIE , NGOUFACK C\u00e9lestin , KIADJIEU DIEUMO Frank, EBILE Walter , GOURA Andr\u00e9 Pascal, WAMBA Aude Myriam , NAFACK Sonkeng Sonia , KENGMO FEUDJIO Isma\u00ebl , NGOUNOU Etienne , Tadzong Sonkoua Isaa<\/p><h4><strong>Publications<\/strong><\/h4><p><a href=\"https:\/\/bmcresnotes.biomedcentral.com\/articles\/10.1186\/s13104-017-2756-9\">Health seeking behaviour among suspected cases of cholera in Cameroonian health districts in Lake Chad basin<\/a>.<br \/><a href=\"https:\/\/bmcresnotes.biomedcentral.com\/articles\/10.1186\/s13104-015-1257-y\">Factors Associated with Fatal Outcomes Following Cholera-Like Syndrome in Far North Region of Cameroon: A Community-Based Survey.<\/a><\/p><p><a href=\"https:\/\/pubmed.ncbi.nlm.nih.gov\/26735969\/\">Evaluation in Cameroon of a Novel, Simplified Methodology to Assist Molecular Microbiological Analysis of V. cholerae in Resource-Limited Settings.<\/a><a href=\"https:\/\/www.researchgate.net\/publication\/290220146_Clinical_and_Environmental_Surveillance_for_Vibrio_cholerae_in_Resource_Constrained_Areas_Application_During_a_1-Year_Surveillance_in_the_Far_North_Region_of_Cameroon\">Clinical and Environmental Surveillance for Vibrio cholerae in Resource Constrained Areas: Application During a 1-Year Surveillance in the Far North Region of Cameroon.<\/a><\/p>\t\t\t\t\t\t\t\t<\/div>\n\t\t\t\t<\/div>\n\t\t\t\t\t<\/div>\n\t\t<\/div>\n\t\t\t\t\t<\/div>\n\t\t<\/section>\n\t\t\t\t<\/div>","protected":false},"excerpt":{"rendered":"<p>Titre du projet cholera surveillance for Cameroon Partenaires impliqu\u00e9s DOVE PROJECT; Minist\u00e8re de la Sant\u00e9 Public du Cameroun Objectifs Identifier les m\u00e9thodes efficientes pour une d\u00e9tection pr\u00e9coce et une riposte ad\u00e9quate des \u00e9pid\u00e9mies de chol\u00e9ra au Cameroun Zone d\u2019impl\u00e9mentation\/P\u00e9riode de mise en \u0153uvre Districts de sant\u00e9 de Goulfey, Kouss\u00e9ri, Mada, Makari (zone du lac Tchad [&hellip;]<\/p>\n","protected":false},"author":1,"featured_media":0,"parent":0,"menu_order":0,"comment_status":"closed","ping_status":"closed","template":"","meta":{"_eb_attr":"","om_disable_all_campaigns":false,"_exactmetrics_skip_tracking":false,"_exactmetrics_sitenote_active":false,"_exactmetrics_sitenote_note":"","_exactmetrics_sitenote_category":0,"_monsterinsights_skip_tracking":false,"_monsterinsights_sitenote_active":false,"_monsterinsights_sitenote_note":"","_monsterinsights_sitenote_category":0,"site-sidebar-layout":"no-sidebar","site-content-layout":"page-builder","ast-site-content-layout":"default","site-content-style":"default","site-sidebar-style":"default","ast-global-header-display":"","ast-banner-title-visibility":"","ast-main-header-display":"","ast-hfb-above-header-display":"","ast-hfb-below-header-display":"","ast-hfb-mobile-header-display":"","site-post-title":"disabled","ast-breadcrumbs-content":"","ast-featured-img":"disabled","footer-sml-layout":"","ast-disable-related-posts":"","theme-transparent-header-meta":"","adv-header-id-meta":"","stick-header-meta":"","header-above-stick-meta":"","header-main-stick-meta":"","header-below-stick-meta":"","astra-migrate-meta-layouts":"default","ast-page-background-enabled":"default","ast-page-background-meta":{"desktop":{"background-color":"","background-image":"","background-repeat":"repeat","background-position":"center center","background-size":"auto","background-attachment":"scroll","background-type":"","background-media":"","overlay-type":"","overlay-color":"","overlay-opacity":"","overlay-gradient":""},"tablet":{"background-color":"","background-image":"","background-repeat":"repeat","background-position":"center center","background-size":"auto","background-attachment":"scroll","background-type":"","background-media":"","overlay-type":"","overlay-color":"","overlay-opacity":"","overlay-gradient":""},"mobile":{"background-color":"","background-image":"","background-repeat":"repeat","background-position":"center center","background-size":"auto","background-attachment":"scroll","background-type":"","background-media":"","overlay-type":"","overlay-color":"","overlay-opacity":"","overlay-gradient":""}},"ast-content-background-meta":{"desktop":{"background-color":"var(--ast-global-color-5)","background-image":"","background-repeat":"repeat","background-position":"center center","background-size":"auto","background-attachment":"scroll","background-type":"","background-media":"","overlay-type":"","overlay-color":"","overlay-opacity":"","overlay-gradient":""},"tablet":{"background-color":"var(--ast-global-color-5)","background-image":"","background-repeat":"repeat","background-position":"center center","background-size":"auto","background-attachment":"scroll","background-type":"","background-media":"","overlay-type":"","overlay-color":"","overlay-opacity":"","overlay-gradient":""},"mobile":{"background-color":"var(--ast-global-color-5)","background-image":"","background-repeat":"repeat","background-position":"center center","background-size":"auto","background-attachment":"scroll","background-type":"","background-media":"","overlay-type":"","overlay-color":"","overlay-opacity":"","overlay-gradient":""}},"footnotes":""},"class_list":["post-1721","page","type-page","status-publish","hentry"],"aioseo_notices":[],"_links":{"self":[{"href":"https:\/\/masante-cam.org\/masante\/en\/wp-json\/wp\/v2\/pages\/1721","targetHints":{"allow":["GET"]}}],"collection":[{"href":"https:\/\/masante-cam.org\/masante\/en\/wp-json\/wp\/v2\/pages"}],"about":[{"href":"https:\/\/masante-cam.org\/masante\/en\/wp-json\/wp\/v2\/types\/page"}],"author":[{"embeddable":true,"href":"https:\/\/masante-cam.org\/masante\/en\/wp-json\/wp\/v2\/users\/1"}],"replies":[{"embeddable":true,"href":"https:\/\/masante-cam.org\/masante\/en\/wp-json\/wp\/v2\/comments?post=1721"}],"version-history":[{"count":19,"href":"https:\/\/masante-cam.org\/masante\/en\/wp-json\/wp\/v2\/pages\/1721\/revisions"}],"predecessor-version":[{"id":1744,"href":"https:\/\/masante-cam.org\/masante\/en\/wp-json\/wp\/v2\/pages\/1721\/revisions\/1744"}],"wp:attachment":[{"href":"https:\/\/masante-cam.org\/masante\/en\/wp-json\/wp\/v2\/media?parent=1721"}],"curies":[{"name":"wp","href":"https:\/\/api.w.org\/{rel}","templated":true}]}}