{"id":1858,"date":"2023-05-19T11:09:28","date_gmt":"2023-05-19T09:09:28","guid":{"rendered":"https:\/\/masante-cam.org\/masante\/?page_id=1858"},"modified":"2025-04-04T11:55:22","modified_gmt":"2025-04-04T09:55:22","slug":"appel-a-candidature-stagiaire-secretaire","status":"publish","type":"page","link":"https:\/\/masante-cam.org\/masante\/en\/appel-a-candidature-stagiaire-secretaire\/","title":{"rendered":"Appel \u00e0 candidature : Stagiaires"},"content":{"rendered":"\t\t<div data-elementor-type=\"wp-page\" data-elementor-id=\"1858\" class=\"elementor elementor-1858\">\n\t\t\t\t\t\t<section class=\"elementor-section elementor-top-section elementor-element elementor-element-e689dcb elementor-section-boxed elementor-section-height-default elementor-section-height-default\" data-id=\"e689dcb\" data-element_type=\"section\" data-e-type=\"section\">\n\t\t\t\t\t\t<div class=\"elementor-container elementor-column-gap-default\">\n\t\t\t\t\t<div class=\"elementor-column elementor-col-100 elementor-top-column elementor-element elementor-element-079124a\" data-id=\"079124a\" data-element_type=\"column\" data-e-type=\"column\">\n\t\t\t<div class=\"elementor-widget-wrap elementor-element-populated\">\n\t\t\t\t\t\t<div class=\"elementor-element elementor-element-1ce536f elementor-widget elementor-widget-heading\" data-id=\"1ce536f\" data-element_type=\"widget\" data-e-type=\"widget\" data-widget_type=\"heading.default\">\n\t\t\t\t<div class=\"elementor-widget-container\">\n\t\t\t\t\t<h4 class=\"elementor-heading-title elementor-size-default\">APPEL D\u2019OFFRE : STAGIAIRES<\/h4>\t\t\t\t<\/div>\n\t\t\t\t<\/div>\n\t\t\t\t\t<\/div>\n\t\t<\/div>\n\t\t\t\t\t<\/div>\n\t\t<\/section>\n\t\t\t\t<section class=\"elementor-section elementor-top-section elementor-element elementor-element-feadfa0 elementor-section-boxed elementor-section-height-default elementor-section-height-default\" data-id=\"feadfa0\" data-element_type=\"section\" data-e-type=\"section\" data-settings=\"{&quot;background_background&quot;:&quot;classic&quot;}\">\n\t\t\t\t\t\t<div class=\"elementor-container elementor-column-gap-default\">\n\t\t\t\t\t<div class=\"elementor-column elementor-col-100 elementor-top-column elementor-element elementor-element-8e6b8bc\" data-id=\"8e6b8bc\" data-element_type=\"column\" data-e-type=\"column\">\n\t\t\t<div class=\"elementor-widget-wrap elementor-element-populated\">\n\t\t\t\t\t\t<div class=\"elementor-element elementor-element-880b3c2 elementor-widget elementor-widget-text-editor\" data-id=\"880b3c2\" data-element_type=\"widget\" data-e-type=\"widget\" data-widget_type=\"text-editor.default\">\n\t\t\t\t<div class=\"elementor-widget-container\">\n\t\t\t\t\t\t\t\t\t<p><strong>Date limite de candidature : 19 Avril 2025 \u00e0 17h00<\/strong><\/p><p>M.A. SANT\u00c9 [Meilleur Acc\u00e8s aux Soins de Sant\u00e9] est une ONG camerounaise bas\u00e9e \u00e0 Yaound\u00e9. Elle a \u00e9t\u00e9 cr\u00e9\u00e9e depuis 2006 avec pour objectif de contribuer \u00e0 l\u2019am\u00e9lioration de l\u2019acc\u00e8s des populations aux soins de sant\u00e9 au Cameroun \u00e0 travers la recherche, la formation et la mise en \u0153uvre des interventions sanitaires. Ses activit\u00e9s sont organis\u00e9es \u00e0 partir de son si\u00e8ge social \u00e0 Yaound\u00e9 et de ses sites d\u00e9centralis\u00e9s.<\/p><p>Dans le cadre de la mise en \u0153uvre de ses activit\u00e9s, l\u2019Association recherche\u00a0<strong>02 stagiaires\u00a0aux postes de secr\u00e9taire et d\u2019assistant financier:\u00a0<\/strong>Les conditions d\u2019\u00e9ligibilit\u00e9 sont les suivantes:<\/p><ul><li>\u00catre titulaire de baccalaur\u00e9at G1 ou G2, G3 ou de tout autre dipl\u00f4me sanctionnant une formation \u00e9quivalant\u00a0;<\/li><li>Avoir au moins trois mois d\u2019exp\u00e9rience au secr\u00e9tariat et ou dans un poste de la chaine de gestion financi\u00e8re dans un projet ou une organisation<\/li><li>Avoir termin\u00e9 sa vie acad\u00e9mique depuis moins de 24 mois\u00a0;<\/li><li>\u00catre rod\u00e9 \u00e0 l\u2019utilisation des logiciel Word, Excel, Publisher, PowerPoint;<\/li><li>\u00catre capable de travailler dans les deux langues officielles du Cameroun,<\/li><li>\u00catre int\u00e8gre<\/li><\/ul><p><strong>Composition du dossier de candidature\u00a0:<\/strong><\/p><ul><li>CV de deux pages au maximum\u00a0;<\/li><li>Lettre de motivation de 300 mots au maximum\u00a0;<\/li><li>Copie certifi\u00e9e de la Carte Nationale d\u2019Identit\u00e9\u00a0;<\/li><li>Copies de tous les dipl\u00f4mes obtenus et des preuves de sa qualification;<\/li><li>Tous documents attestant de l\u2019exp\u00e9rience dans le domaine.<\/li><\/ul><p><strong>Comment soumettre sa candidature<\/strong><u>\u00a0:<\/u><\/p><p>Les dossiers de candidature doivent soit \u00eatre d\u00e9pos\u00e9s au plus tard le 19 avril<strong>\u00a02025\u00a0<\/strong>\u00e0 17h au si\u00e8ge de l\u2019Association\u00a0:\u00a0<strong>Yaound\u00e9, Quartier Biyem-Assi, face Wisdom Academic Complex\u00a0;\u00a0<\/strong>soit envoy\u00e9s \u00e0 l\u2019adresse suivante\u00a0:\u00a0<a href=\"mailto:secretariat@masante-cam.org\">secretariat@masante-cam.org<\/a>\u00a0avec copie \u00e0\u00a0\u00a0<a href=\"mailto:cmmassante@gmail.com\">cmmassante@gmail.com<\/a><u> et \u00e0 <\/u><a href=\"mailto:jateudj@yahoo.fr\">jateudj@yahoo.fr<\/a><\/p><p>Seules les candidatures pr\u00e9s\u00e9lectionn\u00e9es seront contact\u00e9es pour les auditions.<\/p><p><strong>NB: Votre email devra avoir pour objet\u00a0: Dossier de candidature de (votre nom) au poste de (stagiaire secr\u00e9taire\/stagiaire assistant financier)<\/strong><\/p>\t\t\t\t\t\t\t\t<\/div>\n\t\t\t\t<\/div>\n\t\t\t\t\t<\/div>\n\t\t<\/div>\n\t\t\t\t\t<\/div>\n\t\t<\/section>\n\t\t\t\t<\/div>\n\t\t","protected":false},"excerpt":{"rendered":"<p>APPEL D\u2019OFFRE : STAGIAIRES Date limite de candidature : 19 Avril 2025 \u00e0 17h00 M.A. SANT\u00c9 [Meilleur Acc\u00e8s aux Soins de Sant\u00e9] est une ONG camerounaise bas\u00e9e \u00e0 Yaound\u00e9. Elle a \u00e9t\u00e9 cr\u00e9\u00e9e depuis 2006 avec pour objectif de contribuer \u00e0 l\u2019am\u00e9lioration de l\u2019acc\u00e8s des populations aux soins de sant\u00e9 au Cameroun \u00e0 travers la [&hellip;]<\/p>\n","protected":false},"author":1,"featured_media":0,"parent":0,"menu_order":0,"comment_status":"closed","ping_status":"closed","template":"","meta":{"_eb_attr":"","om_disable_all_campaigns":false,"_exactmetrics_skip_tracking":false,"_exactmetrics_sitenote_active":false,"_exactmetrics_sitenote_note":"","_exactmetrics_sitenote_category":0,"_monsterinsights_skip_tracking":false,"_monsterinsights_sitenote_active":false,"_monsterinsights_sitenote_note":"","_monsterinsights_sitenote_category":0,"site-sidebar-layout":"no-sidebar","site-content-layout":"page-builder","ast-site-content-layout":"default","site-content-style":"default","site-sidebar-style":"default","ast-global-header-display":"","ast-banner-title-visibility":"","ast-main-header-display":"","ast-hfb-above-header-display":"","ast-hfb-below-header-display":"","ast-hfb-mobile-header-display":"","site-post-title":"disabled","ast-breadcrumbs-content":"","ast-featured-img":"disabled","footer-sml-layout":"","ast-disable-related-posts":"","theme-transparent-header-meta":"","adv-header-id-meta":"","stick-header-meta":"","header-above-stick-meta":"","header-main-stick-meta":"","header-below-stick-meta":"","astra-migrate-meta-layouts":"default","ast-page-background-enabled":"default","ast-page-background-meta":{"desktop":{"background-color":"","background-image":"","background-repeat":"repeat","background-position":"center center","background-size":"auto","background-attachment":"scroll","background-type":"","background-media":"","overlay-type":"","overlay-color":"","overlay-opacity":"","overlay-gradient":""},"tablet":{"background-color":"","background-image":"","background-repeat":"repeat","background-position":"center center","background-size":"auto","background-attachment":"scroll","background-type":"","background-media":"","overlay-type":"","overlay-color":"","overlay-opacity":"","overlay-gradient":""},"mobile":{"background-color":"","background-image":"","background-repeat":"repeat","background-position":"center center","background-size":"auto","background-attachment":"scroll","background-type":"","background-media":"","overlay-type":"","overlay-color":"","overlay-opacity":"","overlay-gradient":""}},"ast-content-background-meta":{"desktop":{"background-color":"var(--ast-global-color-5)","background-image":"","background-repeat":"repeat","background-position":"center center","background-size":"auto","background-attachment":"scroll","background-type":"","background-media":"","overlay-type":"","overlay-color":"","overlay-opacity":"","overlay-gradient":""},"tablet":{"background-color":"var(--ast-global-color-5)","background-image":"","background-repeat":"repeat","background-position":"center center","background-size":"auto","background-attachment":"scroll","background-type":"","background-media":"","overlay-type":"","overlay-color":"","overlay-opacity":"","overlay-gradient":""},"mobile":{"background-color":"var(--ast-global-color-5)","background-image":"","background-repeat":"repeat","background-position":"center center","background-size":"auto","background-attachment":"scroll","background-type":"","background-media":"","overlay-type":"","overlay-color":"","overlay-opacity":"","overlay-gradient":""}},"footnotes":""},"class_list":["post-1858","page","type-page","status-publish","hentry"],"aioseo_notices":[],"_links":{"self":[{"href":"https:\/\/masante-cam.org\/masante\/en\/wp-json\/wp\/v2\/pages\/1858","targetHints":{"allow":["GET"]}}],"collection":[{"href":"https:\/\/masante-cam.org\/masante\/en\/wp-json\/wp\/v2\/pages"}],"about":[{"href":"https:\/\/masante-cam.org\/masante\/en\/wp-json\/wp\/v2\/types\/page"}],"author":[{"embeddable":true,"href":"https:\/\/masante-cam.org\/masante\/en\/wp-json\/wp\/v2\/users\/1"}],"replies":[{"embeddable":true,"href":"https:\/\/masante-cam.org\/masante\/en\/wp-json\/wp\/v2\/comments?post=1858"}],"version-history":[{"count":11,"href":"https:\/\/masante-cam.org\/masante\/en\/wp-json\/wp\/v2\/pages\/1858\/revisions"}],"predecessor-version":[{"id":3725,"href":"https:\/\/masante-cam.org\/masante\/en\/wp-json\/wp\/v2\/pages\/1858\/revisions\/3725"}],"wp:attachment":[{"href":"https:\/\/masante-cam.org\/masante\/en\/wp-json\/wp\/v2\/media?parent=1858"}],"curies":[{"name":"wp","href":"https:\/\/api.w.org\/{rel}","templated":true}]}}