{"id":1866,"date":"2023-05-19T11:39:44","date_gmt":"2023-05-19T09:39:44","guid":{"rendered":"https:\/\/masante-cam.org\/masante\/?page_id=1866"},"modified":"2023-05-19T12:27:41","modified_gmt":"2023-05-19T10:27:41","slug":"intervention-sanitaire","status":"publish","type":"page","link":"https:\/\/masante-cam.org\/masante\/en\/intervention-sanitaire\/","title":{"rendered":"HEALTH INTERVENTION"},"content":{"rendered":"\t\t<div data-elementor-type=\"wp-page\" data-elementor-id=\"1866\" class=\"elementor elementor-1866\">\n\t\t\t\t\t\t<section class=\"elementor-section elementor-top-section elementor-element elementor-element-984d779 elementor-section-boxed elementor-section-height-default elementor-section-height-default\" data-id=\"984d779\" data-element_type=\"section\" data-e-type=\"section\" data-settings=\"{&quot;background_background&quot;:&quot;slideshow&quot;,&quot;background_slideshow_gallery&quot;:[{&quot;id&quot;:1406,&quot;url&quot;:&quot;http:\\\/\\\/masante-cam.org\\\/masante\\\/wp-content\\\/uploads\\\/2023\\\/04\\\/TDM6-scaled.jpg&quot;}],&quot;background_slideshow_loop&quot;:&quot;yes&quot;,&quot;background_slideshow_slide_duration&quot;:5000,&quot;background_slideshow_slide_transition&quot;:&quot;fade&quot;,&quot;background_slideshow_transition_duration&quot;:500}\">\n\t\t\t\t\t\t<div class=\"elementor-container elementor-column-gap-default\">\n\t\t\t\t\t<div class=\"elementor-column elementor-col-100 elementor-top-column elementor-element elementor-element-9fab2f8\" data-id=\"9fab2f8\" data-element_type=\"column\" data-e-type=\"column\">\n\t\t\t<div class=\"elementor-widget-wrap elementor-element-populated\">\n\t\t\t\t\t\t<div class=\"elementor-element elementor-element-4d17e7a elementor-widget elementor-widget-heading\" data-id=\"4d17e7a\" data-element_type=\"widget\" data-e-type=\"widget\" data-widget_type=\"heading.default\">\n\t\t\t\t<div class=\"elementor-widget-container\">\n\t\t\t\t\t<h3 class=\"elementor-heading-title elementor-size-default\">INTERVENTION SANITAIRE<\/h3>\t\t\t\t<\/div>\n\t\t\t\t<\/div>\n\t\t\t\t\t<\/div>\n\t\t<\/div>\n\t\t\t\t\t<\/div>\n\t\t<\/section>\n\t\t\t\t<section class=\"elementor-section elementor-top-section elementor-element elementor-element-8f6c3b1 elementor-section-boxed elementor-section-height-default elementor-section-height-default\" data-id=\"8f6c3b1\" data-element_type=\"section\" data-e-type=\"section\" data-settings=\"{&quot;background_background&quot;:&quot;classic&quot;}\">\n\t\t\t\t\t\t<div class=\"elementor-container elementor-column-gap-default\">\n\t\t\t\t\t<div class=\"elementor-column elementor-col-100 elementor-top-column elementor-element elementor-element-5f64155\" data-id=\"5f64155\" data-element_type=\"column\" data-e-type=\"column\">\n\t\t\t<div class=\"elementor-widget-wrap elementor-element-populated\">\n\t\t\t\t\t\t<div class=\"elementor-element elementor-element-aad79b4 elementor-widget elementor-widget-spacer\" data-id=\"aad79b4\" data-element_type=\"widget\" data-e-type=\"widget\" data-widget_type=\"spacer.default\">\n\t\t\t\t<div class=\"elementor-widget-container\">\n\t\t\t\t\t\t\t<div class=\"elementor-spacer\">\n\t\t\t<div class=\"elementor-spacer-inner\"><\/div>\n\t\t<\/div>\n\t\t\t\t\t\t<\/div>\n\t\t\t\t<\/div>\n\t\t\t\t\t<\/div>\n\t\t<\/div>\n\t\t\t\t\t<\/div>\n\t\t<\/section>\n\t\t\t\t<section class=\"elementor-section elementor-top-section elementor-element elementor-element-2944064 elementor-section-boxed elementor-section-height-default elementor-section-height-default\" data-id=\"2944064\" data-element_type=\"section\" data-e-type=\"section\" data-settings=\"{&quot;background_background&quot;:&quot;classic&quot;}\">\n\t\t\t\t\t\t<div class=\"elementor-container elementor-column-gap-default\">\n\t\t\t\t\t<div class=\"elementor-column elementor-col-50 elementor-top-column elementor-element elementor-element-43692f8\" data-id=\"43692f8\" data-element_type=\"column\" data-e-type=\"column\">\n\t\t\t<div class=\"elementor-widget-wrap elementor-element-populated\">\n\t\t\t\t\t\t<div class=\"elementor-element elementor-element-dfab743 elementor-widget elementor-widget-text-editor\" data-id=\"dfab743\" data-element_type=\"widget\" data-e-type=\"widget\" data-widget_type=\"text-editor.default\">\n\t\t\t\t<div class=\"elementor-widget-container\">\n\t\t\t\t\t\t\t\t\t<p>L\u2019organisation de l\u2019offre de soins au Cameroun est bas\u00e9e sur le District de sant\u00e9. Ce qui suppose que la r\u00e9ponse aux besoins objectifs et subjectifs des soins des populations se fait par les acteurs impliqu\u00e9s aussi bien au niveau des formations sanitaires qu\u2019au niveau communautaire. La partie communautaire de l\u2019offre compose l\u2019essentiel d\u2019un certain nombre de programmes de sant\u00e9 propos\u00e9s par le minist\u00e8re de la sant\u00e9 publique pour r\u00e9duire la mortalit\u00e9 et ou la morbidit\u00e9 r\u00e9sultants des probl\u00e8mes de sant\u00e9 majeurs du Cameroun. Il se trouve que la plus part de ces\u00a0 programmes n\u2019atteignent pas leurs objectifs pour au moins une des raisons suivantes\u00a0: l\u2019analyse situationnelle aboutissant \u00e0 la mise en place du programme n\u2019a pas \u00e9t\u00e9 faite, n\u2019a pas \u00e9t\u00e9 utilis\u00e9e ou n\u2019a pas bien identifi\u00e9 les objectifs du programme\u00a0; certains facteurs freinent l\u2019atteinte des objectifs lors de la mise en \u0153uvre des programmes\u00a0tel que le manque des ressources ou des strat\u00e9gies ad\u00e9quates pour atteindre les cibles du programme. M.A. SANTE contribue \u00e0 am\u00e9liorer l\u2019efficience des programmes de sant\u00e9 \u00e0 travers:<\/p><ul><li>la mobilisation des ressources ou \u00e0 la conduite de l\u2019analyse situationnelle pr\u00e9alable \u00e0 la mise en place d\u2019un programme de sant\u00e9 ou \u00e0 la mise \u00e0 jour des objectifs\u00a0;<\/li><li>l\u2019identification par la recherche des facteurs limitant l\u2019acc\u00e8s des populations aux interventions sanitaires\u00a0;<\/li><li>la mise en \u0153uvre des interventions sanitaires quand sollicit\u00e9 par le Minist\u00e8re de la sant\u00e9 publique, les partenaires ou la population.<\/li><\/ul>\t\t\t\t\t\t\t\t<\/div>\n\t\t\t\t<\/div>\n\t\t\t\t\t<\/div>\n\t\t<\/div>\n\t\t\t\t<div class=\"elementor-column elementor-col-50 elementor-top-column elementor-element elementor-element-4ee3107\" data-id=\"4ee3107\" data-element_type=\"column\" data-e-type=\"column\">\n\t\t\t<div class=\"elementor-widget-wrap elementor-element-populated\">\n\t\t\t\t\t\t<div class=\"elementor-element elementor-element-c2864b2 elementor-widget elementor-widget-text-editor\" data-id=\"c2864b2\" data-element_type=\"widget\" data-e-type=\"widget\" data-widget_type=\"text-editor.default\">\n\t\t\t\t<div class=\"elementor-widget-container\">\n\t\t\t\t\t\t\t\t\t<p><img fetchpriority=\"high\" decoding=\"async\" class=\"alignnone wp-image-1887 size-full\" src=\"http:\/\/masante-cam.org\/masante\/wp-content\/uploads\/2023\/05\/intervention-sanitaire.jpeg\" alt=\"\" width=\"534\" height=\"400\" srcset=\"https:\/\/masante-cam.org\/masante\/wp-content\/uploads\/2023\/05\/intervention-sanitaire.jpeg 534w, https:\/\/masante-cam.org\/masante\/wp-content\/uploads\/2023\/05\/intervention-sanitaire-300x225.jpeg 300w, https:\/\/masante-cam.org\/masante\/wp-content\/uploads\/2023\/05\/intervention-sanitaire-16x12.jpeg 16w\" sizes=\"(max-width: 534px) 100vw, 534px\" \/><\/p><h6>\u00a0 \u00a0 \u00a0 photo1<\/h6><p>\u00a0<\/p><p>\u00a0<\/p>\t\t\t\t\t\t\t\t<\/div>\n\t\t\t\t<\/div>\n\t\t\t\t\t<\/div>\n\t\t<\/div>\n\t\t\t\t\t<\/div>\n\t\t<\/section>\n\t\t\t\t<\/div>\n\t\t","protected":false},"excerpt":{"rendered":"<p>INTERVENTION SANITAIRE L\u2019organisation de l\u2019offre de soins au Cameroun est bas\u00e9e sur le District de sant\u00e9. Ce qui suppose que la r\u00e9ponse aux besoins objectifs et subjectifs des soins des populations se fait par les acteurs impliqu\u00e9s aussi bien au niveau des formations sanitaires qu\u2019au niveau communautaire. La partie communautaire de l\u2019offre compose l\u2019essentiel d\u2019un [&hellip;]<\/p>\n","protected":false},"author":1,"featured_media":0,"parent":0,"menu_order":0,"comment_status":"closed","ping_status":"closed","template":"","meta":{"_eb_attr":"","om_disable_all_campaigns":false,"_exactmetrics_skip_tracking":false,"_exactmetrics_sitenote_active":false,"_exactmetrics_sitenote_note":"","_exactmetrics_sitenote_category":0,"_monsterinsights_skip_tracking":false,"_monsterinsights_sitenote_active":false,"_monsterinsights_sitenote_note":"","_monsterinsights_sitenote_category":0,"site-sidebar-layout":"no-sidebar","site-content-layout":"page-builder","ast-site-content-layout":"default","site-content-style":"default","site-sidebar-style":"default","ast-global-header-display":"","ast-banner-title-visibility":"","ast-main-header-display":"","ast-hfb-above-header-display":"","ast-hfb-below-header-display":"","ast-hfb-mobile-header-display":"","site-post-title":"disabled","ast-breadcrumbs-content":"","ast-featured-img":"disabled","footer-sml-layout":"","ast-disable-related-posts":"","theme-transparent-header-meta":"","adv-header-id-meta":"","stick-header-meta":"","header-above-stick-meta":"","header-main-stick-meta":"","header-below-stick-meta":"","astra-migrate-meta-layouts":"default","ast-page-background-enabled":"default","ast-page-background-meta":{"desktop":{"background-color":"","background-image":"","background-repeat":"repeat","background-position":"center center","background-size":"auto","background-attachment":"scroll","background-type":"","background-media":"","overlay-type":"","overlay-color":"","overlay-opacity":"","overlay-gradient":""},"tablet":{"background-color":"","background-image":"","background-repeat":"repeat","background-position":"center center","background-size":"auto","background-attachment":"scroll","background-type":"","background-media":"","overlay-type":"","overlay-color":"","overlay-opacity":"","overlay-gradient":""},"mobile":{"background-color":"","background-image":"","background-repeat":"repeat","background-position":"center center","background-size":"auto","background-attachment":"scroll","background-type":"","background-media":"","overlay-type":"","overlay-color":"","overlay-opacity":"","overlay-gradient":""}},"ast-content-background-meta":{"desktop":{"background-color":"var(--ast-global-color-5)","background-image":"","background-repeat":"repeat","background-position":"center center","background-size":"auto","background-attachment":"scroll","background-type":"","background-media":"","overlay-type":"","overlay-color":"","overlay-opacity":"","overlay-gradient":""},"tablet":{"background-color":"var(--ast-global-color-5)","background-image":"","background-repeat":"repeat","background-position":"center center","background-size":"auto","background-attachment":"scroll","background-type":"","background-media":"","overlay-type":"","overlay-color":"","overlay-opacity":"","overlay-gradient":""},"mobile":{"background-color":"var(--ast-global-color-5)","background-image":"","background-repeat":"repeat","background-position":"center center","background-size":"auto","background-attachment":"scroll","background-type":"","background-media":"","overlay-type":"","overlay-color":"","overlay-opacity":"","overlay-gradient":""}},"footnotes":""},"class_list":["post-1866","page","type-page","status-publish","hentry"],"aioseo_notices":[],"_links":{"self":[{"href":"https:\/\/masante-cam.org\/masante\/en\/wp-json\/wp\/v2\/pages\/1866","targetHints":{"allow":["GET"]}}],"collection":[{"href":"https:\/\/masante-cam.org\/masante\/en\/wp-json\/wp\/v2\/pages"}],"about":[{"href":"https:\/\/masante-cam.org\/masante\/en\/wp-json\/wp\/v2\/types\/page"}],"author":[{"embeddable":true,"href":"https:\/\/masante-cam.org\/masante\/en\/wp-json\/wp\/v2\/users\/1"}],"replies":[{"embeddable":true,"href":"https:\/\/masante-cam.org\/masante\/en\/wp-json\/wp\/v2\/comments?post=1866"}],"version-history":[{"count":28,"href":"https:\/\/masante-cam.org\/masante\/en\/wp-json\/wp\/v2\/pages\/1866\/revisions"}],"predecessor-version":[{"id":1902,"href":"https:\/\/masante-cam.org\/masante\/en\/wp-json\/wp\/v2\/pages\/1866\/revisions\/1902"}],"wp:attachment":[{"href":"https:\/\/masante-cam.org\/masante\/en\/wp-json\/wp\/v2\/media?parent=1866"}],"curies":[{"name":"wp","href":"https:\/\/api.w.org\/{rel}","templated":true}]}}