{"id":1950,"date":"2023-05-29T17:02:08","date_gmt":"2023-05-29T15:02:08","guid":{"rendered":"http:\/\/masante-cam.org\/masante\/?page_id=1950"},"modified":"2023-11-03T12:58:02","modified_gmt":"2023-11-03T11:58:02","slug":"presentation_masante","status":"publish","type":"page","link":"https:\/\/masante-cam.org\/masante\/en\/presentation_masante\/","title":{"rendered":"Pr\u00e9sentation de M.A. SANTE"},"content":{"rendered":"<div data-elementor-type=\"wp-page\" data-elementor-id=\"1950\" class=\"elementor elementor-1950\">\n\t\t\t\t\t\t<section class=\"elementor-section elementor-top-section elementor-element elementor-element-5de437c elementor-section-full_width elementor-section-height-default elementor-section-height-default\" data-id=\"5de437c\" data-element_type=\"section\" data-e-type=\"section\">\n\t\t\t\t\t\t\t<div class=\"elementor-background-overlay\"><\/div>\n\t\t\t\t\t\t\t<div class=\"elementor-container elementor-column-gap-default\">\n\t\t\t\t\t<div class=\"elementor-column elementor-col-100 elementor-top-column elementor-element elementor-element-19efbf4\" data-id=\"19efbf4\" data-element_type=\"column\" data-e-type=\"column\">\n\t\t\t<div class=\"elementor-widget-wrap\">\n\t\t\t\t\t\t\t<\/div>\n\t\t<\/div>\n\t\t\t\t\t<\/div>\n\t\t<\/section>\n\t\t\t\t<section class=\"elementor-section elementor-top-section elementor-element elementor-element-49e88ff elementor-section-boxed elementor-section-height-default elementor-section-height-default\" data-id=\"49e88ff\" data-element_type=\"section\" data-e-type=\"section\" data-settings=\"{&quot;background_background&quot;:&quot;classic&quot;}\">\n\t\t\t\t\t\t<div class=\"elementor-container elementor-column-gap-default\">\n\t\t\t\t\t<div class=\"elementor-column elementor-col-100 elementor-top-column elementor-element elementor-element-6ff1159\" data-id=\"6ff1159\" data-element_type=\"column\" data-e-type=\"column\">\n\t\t\t<div class=\"elementor-widget-wrap elementor-element-populated\">\n\t\t\t\t\t\t<div class=\"elementor-element elementor-element-49cc417 elementor-widget elementor-widget-text-editor\" data-id=\"49cc417\" data-element_type=\"widget\" data-e-type=\"widget\" data-widget_type=\"text-editor.default\">\n\t\t\t\t<div class=\"elementor-widget-container\">\n\t\t\t\t\t\t\t\t\t<p>M.A. SANTE is a Cameroon based not-for-profit organization created in 2006 with the objective to contribute to the improvement of the population's access to health care through training, implementation of health interventions and conducting health research. In line with this vision, its activities focus on:<\/p><ul><li>Planning, mobilising resources, implementing and disseminating the results of observational studies (longitudinal and cross-sectional surveys, case-control and cohort studies), clinical trials and field studies to help generate evidence for updating healthcare policies and protocols;<\/li><li>Strengthening epidemiological surveillance systems, including zoonosis surveillance, genomics, and improving the routine surveillance system;<\/li><li>Strengthening the pharmacovigilance system;<\/li><li>Contributing to the protection of research participants by improving the regulatory framework for research ethics and strengthening the stakeholders involved in research;<\/li><li>La contribution \u00e0 l\u2019am\u00e9lioration de l\u2019utilisation des \u00e9vidences g\u00e9n\u00e9r\u00e9es par la recherche en organisant sur une base biannuelle une conf\u00e9rence(lien hypertext) offrant une plateforme de diss\u00e9mination et de discussion des r\u00e9sultats de projets de recherche\u00a0;<\/li><li>Capacity building for researchers and students in drafting projects, protocols, articles and abstracts;<\/li><li>Supporting the health sector in updating policies and guidelines for healthcare programmes and in implementing interventions to improve the supply or demand for healthcare;<\/li><li>Monitoring and evaluation of health programmes and care protocols in accordance with the needs of the health sector in all regions of Cameroon;<\/li><li>Providing internships to prepare new graduates in the health sector for research and employment, in collaboration with Cameroon's universities and university institutes;<\/li><li>Developing collaboration with institutions and stakeholders to improve access to healthcare;<\/li><li>Mobilising and connecting experts from all disciplines and of all ages to harness their expertise for capacity building and innovation to improve peoples access to healthcare.<\/li><\/ul>\t\t\t\t\t\t\t\t<\/div>\n\t\t\t\t<\/div>\n\t\t\t\t\t<\/div>\n\t\t<\/div>\n\t\t\t\t\t<\/div>\n\t\t<\/section>\n\t\t\t\t<\/div>","protected":false},"excerpt":{"rendered":"<p>M.A. SANTE est une organisation \u00e0 but non lucratif bas\u00e9e au Cameroun, cr\u00e9\u00e9e en 2006 avec pour objectif de contribuer \u00e0 l\u2019am\u00e9lioration de l\u2019acc\u00e8s aux soins de Sant\u00e9 des populations par la formation, la mise en \u0153uvre d\u2019interventions sanitaires et la conduite des projets de recherches dans le domaine de la sant\u00e9. Conform\u00e9ment \u00e0 cette [&hellip;]<\/p>\n","protected":false},"author":1,"featured_media":0,"parent":0,"menu_order":0,"comment_status":"closed","ping_status":"closed","template":"","meta":{"_eb_attr":"","om_disable_all_campaigns":false,"_exactmetrics_skip_tracking":false,"_exactmetrics_sitenote_active":false,"_exactmetrics_sitenote_note":"","_exactmetrics_sitenote_category":0,"_monsterinsights_skip_tracking":false,"_monsterinsights_sitenote_active":false,"_monsterinsights_sitenote_note":"","_monsterinsights_sitenote_category":0,"site-sidebar-layout":"no-sidebar","site-content-layout":"page-builder","ast-site-content-layout":"default","site-content-style":"default","site-sidebar-style":"default","ast-global-header-display":"","ast-banner-title-visibility":"","ast-main-header-display":"","ast-hfb-above-header-display":"","ast-hfb-below-header-display":"","ast-hfb-mobile-header-display":"","site-post-title":"disabled","ast-breadcrumbs-content":"","ast-featured-img":"disabled","footer-sml-layout":"","ast-disable-related-posts":"","theme-transparent-header-meta":"","adv-header-id-meta":"","stick-header-meta":"","header-above-stick-meta":"","header-main-stick-meta":"","header-below-stick-meta":"","astra-migrate-meta-layouts":"default","ast-page-background-enabled":"default","ast-page-background-meta":{"desktop":{"background-color":"","background-image":"","background-repeat":"repeat","background-position":"center center","background-size":"auto","background-attachment":"scroll","background-type":"","background-media":"","overlay-type":"","overlay-color":"","overlay-opacity":"","overlay-gradient":""},"tablet":{"background-color":"","background-image":"","background-repeat":"repeat","background-position":"center center","background-size":"auto","background-attachment":"scroll","background-type":"","background-media":"","overlay-type":"","overlay-color":"","overlay-opacity":"","overlay-gradient":""},"mobile":{"background-color":"","background-image":"","background-repeat":"repeat","background-position":"center center","background-size":"auto","background-attachment":"scroll","background-type":"","background-media":"","overlay-type":"","overlay-color":"","overlay-opacity":"","overlay-gradient":""}},"ast-content-background-meta":{"desktop":{"background-color":"var(--ast-global-color-5)","background-image":"","background-repeat":"repeat","background-position":"center center","background-size":"auto","background-attachment":"scroll","background-type":"","background-media":"","overlay-type":"","overlay-color":"","overlay-opacity":"","overlay-gradient":""},"tablet":{"background-color":"var(--ast-global-color-5)","background-image":"","background-repeat":"repeat","background-position":"center center","background-size":"auto","background-attachment":"scroll","background-type":"","background-media":"","overlay-type":"","overlay-color":"","overlay-opacity":"","overlay-gradient":""},"mobile":{"background-color":"var(--ast-global-color-5)","background-image":"","background-repeat":"repeat","background-position":"center center","background-size":"auto","background-attachment":"scroll","background-type":"","background-media":"","overlay-type":"","overlay-color":"","overlay-opacity":"","overlay-gradient":""}},"footnotes":""},"class_list":["post-1950","page","type-page","status-publish","hentry"],"aioseo_notices":[],"_links":{"self":[{"href":"https:\/\/masante-cam.org\/masante\/en\/wp-json\/wp\/v2\/pages\/1950","targetHints":{"allow":["GET"]}}],"collection":[{"href":"https:\/\/masante-cam.org\/masante\/en\/wp-json\/wp\/v2\/pages"}],"about":[{"href":"https:\/\/masante-cam.org\/masante\/en\/wp-json\/wp\/v2\/types\/page"}],"author":[{"embeddable":true,"href":"https:\/\/masante-cam.org\/masante\/en\/wp-json\/wp\/v2\/users\/1"}],"replies":[{"embeddable":true,"href":"https:\/\/masante-cam.org\/masante\/en\/wp-json\/wp\/v2\/comments?post=1950"}],"version-history":[{"count":29,"href":"https:\/\/masante-cam.org\/masante\/en\/wp-json\/wp\/v2\/pages\/1950\/revisions"}],"predecessor-version":[{"id":2298,"href":"https:\/\/masante-cam.org\/masante\/en\/wp-json\/wp\/v2\/pages\/1950\/revisions\/2298"}],"wp:attachment":[{"href":"https:\/\/masante-cam.org\/masante\/en\/wp-json\/wp\/v2\/media?parent=1950"}],"curies":[{"name":"wp","href":"https:\/\/api.w.org\/{rel}","templated":true}]}}