{"id":2130,"date":"2023-08-01T09:41:34","date_gmt":"2023-08-01T07:41:34","guid":{"rendered":"https:\/\/masante-cam.org\/masante\/?page_id=2130"},"modified":"2023-08-01T09:48:59","modified_gmt":"2023-08-01T07:48:59","slug":"appel-a-candidature-hotesse","status":"publish","type":"page","link":"https:\/\/masante-cam.org\/masante\/en\/appel-a-candidature-hotesse\/","title":{"rendered":"Call for hostess applications"},"content":{"rendered":"<div data-elementor-type=\"wp-page\" data-elementor-id=\"2130\" class=\"elementor elementor-2130\">\n\t\t\t\t\t\t<section class=\"elementor-section elementor-top-section elementor-element elementor-element-aef91bd elementor-section-boxed elementor-section-height-default elementor-section-height-default\" data-id=\"aef91bd\" data-element_type=\"section\" data-e-type=\"section\">\n\t\t\t\t\t\t<div class=\"elementor-container elementor-column-gap-default\">\n\t\t\t\t\t<div class=\"elementor-column elementor-col-100 elementor-top-column elementor-element elementor-element-cb0aee0\" data-id=\"cb0aee0\" data-element_type=\"column\" data-e-type=\"column\">\n\t\t\t<div class=\"elementor-widget-wrap elementor-element-populated\">\n\t\t\t\t\t\t<div class=\"elementor-element elementor-element-84763c8 elementor-widget elementor-widget-heading\" data-id=\"84763c8\" data-element_type=\"widget\" data-e-type=\"widget\" data-widget_type=\"heading.default\">\n\t\t\t\t<div class=\"elementor-widget-container\">\n\t\t\t\t\t<h3 class=\"elementor-heading-title elementor-size-default\">Call for hostess applications<\/h3>\t\t\t\t<\/div>\n\t\t\t\t<\/div>\n\t\t\t\t\t<\/div>\n\t\t<\/div>\n\t\t\t\t\t<\/div>\n\t\t<\/section>\n\t\t\t\t<section class=\"elementor-section elementor-top-section elementor-element elementor-element-1022166 elementor-section-boxed elementor-section-height-default elementor-section-height-default\" data-id=\"1022166\" data-element_type=\"section\" data-e-type=\"section\">\n\t\t\t\t\t\t<div class=\"elementor-container elementor-column-gap-default\">\n\t\t\t\t\t<div class=\"elementor-column elementor-col-100 elementor-top-column elementor-element elementor-element-ccc06ca\" data-id=\"ccc06ca\" data-element_type=\"column\" data-e-type=\"column\" data-settings=\"{&quot;background_background&quot;:&quot;gradient&quot;}\">\n\t\t\t<div class=\"elementor-widget-wrap elementor-element-populated\">\n\t\t\t\t\t\t<div class=\"elementor-element elementor-element-43e697a elementor-widget elementor-widget-text-editor\" data-id=\"43e697a\" data-element_type=\"widget\" data-e-type=\"widget\" data-widget_type=\"text-editor.default\">\n\t\t\t\t<div class=\"elementor-widget-container\">\n\t\t\t\t\t\t\t\t\t<p>CaHReF \"Cameroon Health Research Forum\" is a platform for the dissemination of research results which aims to improve access and use of health research results in Cameroon in particular and in Africa in general. It is a conference organized every two years under the coordination of M.A. SANTE (Better Access to Health Care). The first two editions organized in 2016 and 2018 allowed communications and recommendations on the benefits of research conducted by students and on the use of patient data to improve the healthcare offer.<\/p><p>\u00a0<\/p><p class=\"translation-block\">The 2023 edition of CaHReF is scheduled for August 16 to 19, 2023 at the Yaound\u00e9 Congres Hall under the theme: \"Learning from past pandemics to efficiently respond to future epidemics and pandemics\". The aim is to bring together researchers, innovators, trainers, students from various areas of the health system to share and discuss research results and experiences of interventions implemented during past pandemics. The recommendations resulting from these discussions will be prioritized and made available to the actors in charge for better preparation and response to future epidemics.<\/p><p>As part of the organization of CaHReF 2023, it is planned to recruit hostesses to support the conference with the reception, installation and registration of participants, communicators and moderators; facilitate interactions between participants, communicators and moderators and respect for time. To this end, the organizers are looking <strong>for 16 hostesses and 06 room supervisors. <\/strong><\/p><p><strong>\u00a0Skills \/ Requirements \/ Required Qualities:<\/strong><\/p><ul><li>Have a university level of education,<\/li><li>Be currently enrolled in the university<\/li><li>Have a good command of oral communication in English and French<\/li><li>Reside in Yaound\u00e9<\/li><li>Be between 21 and 28 years old<\/li><li>Be physically presentable<\/li><li>Have a minimum `knowledge on the use of the smartphone<\/li><li>Be humble in nature<\/li><li>Not being under contract<\/li><li>Be punctual<\/li><\/ul><p><strong>Composition of file<\/strong><\/p><ul><li>Copy of your CV (2 pages) signed<\/li><li>One-page motivation letter addressed to the scientific coordinator of CaHReF<\/li><li>Photocopy of National Identity Card<\/li><li>Proof of registration at the university<\/li><li>Photocopy of the Baccalaureate diploma\/Advanced Level and\/or the highest diploma<\/li><\/ul><p>\u00a0<\/p><p class=\"translation-block\">For files submitted by email, the documents must be sent in PDF format in a single file named according to the following format: Surname_First name.pdf.<\/p><p class=\"translation-block\">Application files must be submitted no later than 07\/08\/2023 either to the headquarters of M.A SANTE located in Biyem Assi lac opposite the Tyrannus educational complex or sent to the following address: cahref@masante-cam.org with a copy to secretariat@masante-cam.org<\/p><p class=\"translation-block\">Applications received after the deadline or that do not meet all the conditions will not be considered. Only shortlisted candidates will be contacted for auditions.<\/p>\t\t\t\t\t\t\t\t<\/div>\n\t\t\t\t<\/div>\n\t\t\t\t\t<\/div>\n\t\t<\/div>\n\t\t\t\t\t<\/div>\n\t\t<\/section>\n\t\t\t\t<\/div>","protected":false},"excerpt":{"rendered":"<p>Appel \u00e0 candidature h\u00f4tesse CaHReF \u00ab\u00a0Cameroon Health Research Forum\u00a0\u00bb est une plateforme de diss\u00e9mination des r\u00e9sultats de recherche qui vise \u00e0 am\u00e9liorer l&rsquo;acc\u00e8s et l\u2019utilisation des r\u00e9sultats de recherche en sant\u00e9 au Cameroun en particulier et en Afrique en g\u00e9n\u00e9ral. C&rsquo;est une conf\u00e9rence organis\u00e9e tous les deux ans par un ensemble d\u2019institutions partenaires sous la [&hellip;]<\/p>\n","protected":false},"author":1,"featured_media":0,"parent":0,"menu_order":0,"comment_status":"closed","ping_status":"closed","template":"","meta":{"_eb_attr":"","om_disable_all_campaigns":false,"_exactmetrics_skip_tracking":false,"_exactmetrics_sitenote_active":false,"_exactmetrics_sitenote_note":"","_exactmetrics_sitenote_category":0,"_monsterinsights_skip_tracking":false,"_monsterinsights_sitenote_active":false,"_monsterinsights_sitenote_note":"","_monsterinsights_sitenote_category":0,"site-sidebar-layout":"no-sidebar","site-content-layout":"page-builder","ast-site-content-layout":"default","site-content-style":"default","site-sidebar-style":"default","ast-global-header-display":"","ast-banner-title-visibility":"","ast-main-header-display":"","ast-hfb-above-header-display":"","ast-hfb-below-header-display":"","ast-hfb-mobile-header-display":"","site-post-title":"disabled","ast-breadcrumbs-content":"","ast-featured-img":"disabled","footer-sml-layout":"","ast-disable-related-posts":"","theme-transparent-header-meta":"","adv-header-id-meta":"","stick-header-meta":"","header-above-stick-meta":"","header-main-stick-meta":"","header-below-stick-meta":"","astra-migrate-meta-layouts":"default","ast-page-background-enabled":"default","ast-page-background-meta":{"desktop":{"background-color":"","background-image":"","background-repeat":"repeat","background-position":"center center","background-size":"auto","background-attachment":"scroll","background-type":"","background-media":"","overlay-type":"","overlay-color":"","overlay-opacity":"","overlay-gradient":""},"tablet":{"background-color":"","background-image":"","background-repeat":"repeat","background-position":"center center","background-size":"auto","background-attachment":"scroll","background-type":"","background-media":"","overlay-type":"","overlay-color":"","overlay-opacity":"","overlay-gradient":""},"mobile":{"background-color":"","background-image":"","background-repeat":"repeat","background-position":"center center","background-size":"auto","background-attachment":"scroll","background-type":"","background-media":"","overlay-type":"","overlay-color":"","overlay-opacity":"","overlay-gradient":""}},"ast-content-background-meta":{"desktop":{"background-color":"var(--ast-global-color-5)","background-image":"","background-repeat":"repeat","background-position":"center center","background-size":"auto","background-attachment":"scroll","background-type":"","background-media":"","overlay-type":"","overlay-color":"","overlay-opacity":"","overlay-gradient":""},"tablet":{"background-color":"var(--ast-global-color-5)","background-image":"","background-repeat":"repeat","background-position":"center center","background-size":"auto","background-attachment":"scroll","background-type":"","background-media":"","overlay-type":"","overlay-color":"","overlay-opacity":"","overlay-gradient":""},"mobile":{"background-color":"var(--ast-global-color-5)","background-image":"","background-repeat":"repeat","background-position":"center center","background-size":"auto","background-attachment":"scroll","background-type":"","background-media":"","overlay-type":"","overlay-color":"","overlay-opacity":"","overlay-gradient":""}},"footnotes":""},"class_list":["post-2130","page","type-page","status-publish","hentry"],"aioseo_notices":[],"_links":{"self":[{"href":"https:\/\/masante-cam.org\/masante\/en\/wp-json\/wp\/v2\/pages\/2130","targetHints":{"allow":["GET"]}}],"collection":[{"href":"https:\/\/masante-cam.org\/masante\/en\/wp-json\/wp\/v2\/pages"}],"about":[{"href":"https:\/\/masante-cam.org\/masante\/en\/wp-json\/wp\/v2\/types\/page"}],"author":[{"embeddable":true,"href":"https:\/\/masante-cam.org\/masante\/en\/wp-json\/wp\/v2\/users\/1"}],"replies":[{"embeddable":true,"href":"https:\/\/masante-cam.org\/masante\/en\/wp-json\/wp\/v2\/comments?post=2130"}],"version-history":[{"count":4,"href":"https:\/\/masante-cam.org\/masante\/en\/wp-json\/wp\/v2\/pages\/2130\/revisions"}],"predecessor-version":[{"id":2134,"href":"https:\/\/masante-cam.org\/masante\/en\/wp-json\/wp\/v2\/pages\/2130\/revisions\/2134"}],"wp:attachment":[{"href":"https:\/\/masante-cam.org\/masante\/en\/wp-json\/wp\/v2\/media?parent=2130"}],"curies":[{"name":"wp","href":"https:\/\/api.w.org\/{rel}","templated":true}]}}