{"id":2266,"date":"2023-10-02T11:02:57","date_gmt":"2023-10-02T09:02:57","guid":{"rendered":"https:\/\/masante-cam.org\/masante\/?page_id=2266"},"modified":"2023-10-02T12:32:10","modified_gmt":"2023-10-02T10:32:10","slug":"appel-doffre-pour-location-de-voiture","status":"publish","type":"page","link":"https:\/\/masante-cam.org\/masante\/en\/appel-doffre-pour-location-de-voiture\/","title":{"rendered":"Appel d\u2019offre pour location de voiture"},"content":{"rendered":"\t\t<div data-elementor-type=\"wp-page\" data-elementor-id=\"2266\" class=\"elementor elementor-2266\">\n\t\t\t\t\t\t<section class=\"elementor-section elementor-top-section elementor-element elementor-element-676cd76 elementor-section-boxed elementor-section-height-default elementor-section-height-default\" data-id=\"676cd76\" data-element_type=\"section\" data-e-type=\"section\">\n\t\t\t\t\t\t<div class=\"elementor-container elementor-column-gap-default\">\n\t\t\t\t\t<div class=\"elementor-column elementor-col-100 elementor-top-column elementor-element elementor-element-090e9ab\" data-id=\"090e9ab\" data-element_type=\"column\" data-e-type=\"column\">\n\t\t\t<div class=\"elementor-widget-wrap elementor-element-populated\">\n\t\t\t\t\t\t<div class=\"elementor-element elementor-element-feb8bce elementor-widget elementor-widget-text-editor\" data-id=\"feb8bce\" data-element_type=\"widget\" data-e-type=\"widget\" data-widget_type=\"text-editor.default\">\n\t\t\t\t<div class=\"elementor-widget-container\">\n\t\t\t\t\t\t\t\t\t<p><strong>Date limite de soumission des dossiers\u00a0: \u00a011 Octobre 2023<\/strong><\/p><p><strong>\u00a0<\/strong><strong>M.A.SANTE<\/strong> [Meilleur Acc\u00e8s aux Soins de Sant\u00e9] est une ONG camerounaise bas\u00e9e \u00e0 Yaound\u00e9, cr\u00e9\u00e9e en 2006 avec pour objectif de contribuer \u00e0 l\u2019am\u00e9lioration de l&rsquo;acc\u00e8s aux soins de sant\u00e9 au Cameroun \u00e0 travers la recherche, la formation en sant\u00e9 ainsi que la mise en \u0153uvre des interventions sanitaires. Ses activit\u00e9s sont organis\u00e9es \u00e0 partir de son si\u00e8ge social \u00e0 Yaound\u00e9 et de ses sites d\u00e9centralis\u00e9s bas\u00e9s \u00e0 l\u2019h\u00f4pital r\u00e9gional de Kousseri \u00a0(Extr\u00eame-Nord, Cameroun), au CMA de Congo I (Douala, Cameroun), au district de sant\u00e9 de Mogod\u00e9 (Extr\u00eame-Nord, Cameroun).<\/p><p>Dans le cadre de la mise en \u0153uvre de ses activit\u00e9s dans les r\u00e9gions de l\u2019Extr\u00eame Nord, du Nord et de l\u2019Adamaoua, l\u2019Association souhaite louer dix <strong>(10) v\u00e9hicules<\/strong>.<\/p><p><strong>Caract\u00e9ristiques\u00a0: <\/strong>Toyota 4&#215;4, 05 places, climatis\u00e9e avec chauffeur.<\/p><p><strong>Dur\u00e9e de la location<\/strong>\u00a0: 20 jours, \u00e9chelonn\u00e9 suivant un calendrier qui sera communiqu\u00e9 ult\u00e9rieurement.<\/p><p>\u00a0<\/p><p><strong>Composition du dossier<\/strong><\/p><ul><li>Proforma de proposition de prix<\/li><li>Dossier fiscal \u00e0 jour de la structure<\/li><li>Photocopie du dossier du v\u00e9hicule<\/li><li>Photocopie du permis de conduire et de la CNI du chauffeur<\/li><\/ul><p><strong>Comment soumettre sa candidature\u00a0:<\/strong><\/p><p>Les dossiers de candidature doivent \u00eatre d\u00e9pos\u00e9s au plus tard <strong>le 11 Octobre 2023 \u00e0 17 heures<\/strong> au si\u00e8ge de l\u2019Association\u00a0: Yaound\u00e9, Quartier Biyem-Assi, face Centre Educatif Tyrannus, soit envoy\u00e9 \u00e0 l\u2019adresse suivante\u00a0: <a href=\"mailto:secretariat@masante-cam.org\"><strong>secretariat@masante-cam.org<\/strong><\/a> avec copie \u00e0\u00a0 <a href=\"mailto:cmmassante@gmail.com\"><strong>cmmassante@gmail.com<\/strong><\/a><strong>.<\/strong><\/p><p>Seules les candidatures retenues seront contact\u00e9es pour les auditions.<\/p><p>\u00a0<\/p>\t\t\t\t\t\t\t\t<\/div>\n\t\t\t\t<\/div>\n\t\t\t\t\t<\/div>\n\t\t<\/div>\n\t\t\t\t\t<\/div>\n\t\t<\/section>\n\t\t\t\t<\/div>\n\t\t","protected":false},"excerpt":{"rendered":"<p>Date limite de soumission des dossiers\u00a0: \u00a011 Octobre 2023 \u00a0M.A.SANTE [Meilleur Acc\u00e8s aux Soins de Sant\u00e9] est une ONG camerounaise bas\u00e9e \u00e0 Yaound\u00e9, cr\u00e9\u00e9e en 2006 avec pour objectif de contribuer \u00e0 l\u2019am\u00e9lioration de l&rsquo;acc\u00e8s aux soins de sant\u00e9 au Cameroun \u00e0 travers la recherche, la formation en sant\u00e9 ainsi que la mise en \u0153uvre [&hellip;]<\/p>\n","protected":false},"author":1,"featured_media":0,"parent":0,"menu_order":0,"comment_status":"closed","ping_status":"closed","template":"","meta":{"_eb_attr":"","om_disable_all_campaigns":false,"_exactmetrics_skip_tracking":false,"_exactmetrics_sitenote_active":false,"_exactmetrics_sitenote_note":"","_exactmetrics_sitenote_category":0,"_monsterinsights_skip_tracking":false,"_monsterinsights_sitenote_active":false,"_monsterinsights_sitenote_note":"","_monsterinsights_sitenote_category":0,"site-sidebar-layout":"default","site-content-layout":"","ast-site-content-layout":"default","site-content-style":"default","site-sidebar-style":"default","ast-global-header-display":"","ast-banner-title-visibility":"","ast-main-header-display":"","ast-hfb-above-header-display":"","ast-hfb-below-header-display":"","ast-hfb-mobile-header-display":"","site-post-title":"","ast-breadcrumbs-content":"","ast-featured-img":"","footer-sml-layout":"","ast-disable-related-posts":"","theme-transparent-header-meta":"","adv-header-id-meta":"","stick-header-meta":"","header-above-stick-meta":"","header-main-stick-meta":"","header-below-stick-meta":"","astra-migrate-meta-layouts":"set","ast-page-background-enabled":"default","ast-page-background-meta":{"desktop":{"background-color":"","background-image":"","background-repeat":"repeat","background-position":"center center","background-size":"auto","background-attachment":"scroll","background-type":"","background-media":"","overlay-type":"","overlay-color":"","overlay-opacity":"","overlay-gradient":""},"tablet":{"background-color":"","background-image":"","background-repeat":"repeat","background-position":"center center","background-size":"auto","background-attachment":"scroll","background-type":"","background-media":"","overlay-type":"","overlay-color":"","overlay-opacity":"","overlay-gradient":""},"mobile":{"background-color":"","background-image":"","background-repeat":"repeat","background-position":"center center","background-size":"auto","background-attachment":"scroll","background-type":"","background-media":"","overlay-type":"","overlay-color":"","overlay-opacity":"","overlay-gradient":""}},"ast-content-background-meta":{"desktop":{"background-color":"var(--ast-global-color-5)","background-image":"","background-repeat":"repeat","background-position":"center center","background-size":"auto","background-attachment":"scroll","background-type":"","background-media":"","overlay-type":"","overlay-color":"","overlay-opacity":"","overlay-gradient":""},"tablet":{"background-color":"var(--ast-global-color-5)","background-image":"","background-repeat":"repeat","background-position":"center center","background-size":"auto","background-attachment":"scroll","background-type":"","background-media":"","overlay-type":"","overlay-color":"","overlay-opacity":"","overlay-gradient":""},"mobile":{"background-color":"var(--ast-global-color-5)","background-image":"","background-repeat":"repeat","background-position":"center center","background-size":"auto","background-attachment":"scroll","background-type":"","background-media":"","overlay-type":"","overlay-color":"","overlay-opacity":"","overlay-gradient":""}},"footnotes":""},"class_list":["post-2266","page","type-page","status-publish","hentry"],"aioseo_notices":[],"_links":{"self":[{"href":"https:\/\/masante-cam.org\/masante\/en\/wp-json\/wp\/v2\/pages\/2266","targetHints":{"allow":["GET"]}}],"collection":[{"href":"https:\/\/masante-cam.org\/masante\/en\/wp-json\/wp\/v2\/pages"}],"about":[{"href":"https:\/\/masante-cam.org\/masante\/en\/wp-json\/wp\/v2\/types\/page"}],"author":[{"embeddable":true,"href":"https:\/\/masante-cam.org\/masante\/en\/wp-json\/wp\/v2\/users\/1"}],"replies":[{"embeddable":true,"href":"https:\/\/masante-cam.org\/masante\/en\/wp-json\/wp\/v2\/comments?post=2266"}],"version-history":[{"count":16,"href":"https:\/\/masante-cam.org\/masante\/en\/wp-json\/wp\/v2\/pages\/2266\/revisions"}],"predecessor-version":[{"id":2286,"href":"https:\/\/masante-cam.org\/masante\/en\/wp-json\/wp\/v2\/pages\/2266\/revisions\/2286"}],"wp:attachment":[{"href":"https:\/\/masante-cam.org\/masante\/en\/wp-json\/wp\/v2\/media?parent=2266"}],"curies":[{"name":"wp","href":"https:\/\/api.w.org\/{rel}","templated":true}]}}