{"id":2724,"date":"2024-01-05T15:12:56","date_gmt":"2024-01-05T14:12:56","guid":{"rendered":"https:\/\/masante-cam.org\/masante\/?page_id=2724"},"modified":"2024-01-05T15:19:50","modified_gmt":"2024-01-05T14:19:50","slug":"appel-doffre-chauffeur","status":"publish","type":"page","link":"https:\/\/masante-cam.org\/masante\/en\/appel-doffre-chauffeur\/","title":{"rendered":"Appel d&rsquo;offre : Chauffeur"},"content":{"rendered":"\t\t<div data-elementor-type=\"wp-page\" data-elementor-id=\"2724\" class=\"elementor elementor-2724\">\n\t\t\t\t\t\t<section class=\"elementor-section elementor-top-section elementor-element elementor-element-3c295e7 elementor-section-boxed elementor-section-height-default elementor-section-height-default\" data-id=\"3c295e7\" data-element_type=\"section\" data-e-type=\"section\">\n\t\t\t\t\t\t<div class=\"elementor-container elementor-column-gap-default\">\n\t\t\t\t\t<div class=\"elementor-column elementor-col-100 elementor-top-column elementor-element elementor-element-20e3862\" data-id=\"20e3862\" data-element_type=\"column\" data-e-type=\"column\">\n\t\t\t<div class=\"elementor-widget-wrap elementor-element-populated\">\n\t\t\t\t\t\t<div class=\"elementor-element elementor-element-a62ce04 elementor-widget elementor-widget-heading\" data-id=\"a62ce04\" data-element_type=\"widget\" data-e-type=\"widget\" data-widget_type=\"heading.default\">\n\t\t\t\t<div class=\"elementor-widget-container\">\n\t\t\t\t\t<h2 class=\"elementor-heading-title elementor-size-default\">Appel d'offre : Chauffeur<\/h2>\t\t\t\t<\/div>\n\t\t\t\t<\/div>\n\t\t\t\t\t<\/div>\n\t\t<\/div>\n\t\t\t\t\t<\/div>\n\t\t<\/section>\n\t\t\t\t<section class=\"elementor-section elementor-top-section elementor-element elementor-element-664812d elementor-section-boxed elementor-section-height-default elementor-section-height-default\" data-id=\"664812d\" data-element_type=\"section\" data-e-type=\"section\" data-settings=\"{&quot;background_background&quot;:&quot;classic&quot;}\">\n\t\t\t\t\t\t<div class=\"elementor-container elementor-column-gap-default\">\n\t\t\t\t\t<div class=\"elementor-column elementor-col-100 elementor-top-column elementor-element elementor-element-8d53049\" data-id=\"8d53049\" data-element_type=\"column\" data-e-type=\"column\">\n\t\t\t<div class=\"elementor-widget-wrap elementor-element-populated\">\n\t\t\t\t\t\t<div class=\"elementor-element elementor-element-67ffbd9 elementor-widget elementor-widget-text-editor\" data-id=\"67ffbd9\" data-element_type=\"widget\" data-e-type=\"widget\" data-widget_type=\"text-editor.default\">\n\t\t\t\t<div class=\"elementor-widget-container\">\n\t\t\t\t\t\t\t\t\t<p><strong>M.A. SANTE<\/strong>\u00a0[Meilleur Acc\u00e8s aux Soins de Sant\u00e9] est une ONG camerounaise bas\u00e9e \u00e0 Yaound\u00e9, cr\u00e9\u00e9e en 2006 avec pour objectif de contribuer \u00e0 l\u2019am\u00e9lioration de l\u2019acc\u00e8s aux soins de sant\u00e9 au Cameroun \u00e0 travers la recherche, la formation en sant\u00e9 ainsi que la mise en \u0153uvre des interventions sanitaires. Ses activit\u00e9s sont organis\u00e9es \u00e0 partir de son si\u00e8ge social \u00e0 Yaound\u00e9 et de ses sites d\u00e9centralis\u00e9s bas\u00e9s \u00e0 l\u2019h\u00f4pital r\u00e9gional de Kousseri\u00a0(Extr\u00eame-Nord, Cameroun), au CMA de Congo I (Douala, Cameroun), au district de sant\u00e9 de Mogod\u00e9 (Extr\u00eame-Nord, Cameroun) et au district de sant\u00e9 de Dschang (Ouest, Cameroun).<\/p><p>Dans le cadre de la mise en \u0153uvre de ses activit\u00e9s, l\u2019Association recherche\u00a0: 01 CHAUFFEUR d\u00e9tenteur d\u2019un permis B<\/p><p><strong>Lieu de travail\u00a0:\u00a0<\/strong>KOUSSERI, Cameroun<\/p><p><strong>Dur\u00e9e de contrat : 12<\/strong> Mois renouvelable<strong>\u00a0<\/strong><\/p><p><strong>Comp\u00e9tences \/ exigences \/ Qualit\u00e9s\u00a0:<\/strong><\/p><ul><li>Avoir au moins 2 ans d\u2019exp\u00e9rience dans le domaine de la conduite\u00a0;<\/li><li>R\u00e9sider \u00e0 Kousseri serait un atout ;<\/li><li>Avoir une bonne connaissance du r\u00e9seau routier du Logone et chari et des communaut\u00e9s environnantes<\/li><li>\u00catre une personne de bonne moralit\u00e9<\/li><li>Avoir une comp\u00e9tence en maintenance de v\u00e9hicule sera un atout<\/li><li>Avoir une bonne ma\u00eetrise de la communication oral en anglais et en fran\u00e7ais<\/li><\/ul><p><strong>Composition du dossier<\/strong><\/p><ul><li>Copie du CV<\/li><li>Lettre de motivation d\u2019une page adress\u00e9e au directeur scientifique de M.A. SANTE<\/li><li>Copie l\u00e9galis\u00e9e\u00a0du permis de conduire \u00e0 jour<\/li><li>Photocopie de la Carte Nationale d\u2019Identit\u00e9 l\u00e9galis\u00e9<\/li><li>Tous documents attestant de l\u2019exp\u00e9rience dans le domaine de la conduite.<\/li><\/ul><p>Pour les dossiers soumis par mail, les pi\u00e8ces devront parvenir au format PDF dans\u00a0<strong>un seul\u00a0fichier\u00a0<\/strong>nomm\u00e9 selon le format suivant<strong>\u00a0:\u00a0<\/strong>Nom_Pr\u00e9nom.pdf.<\/p><p><strong>Comment soumettre sa candidature<\/strong>\u00a0:<\/p><p>Les dossiers de candidature doivent \u00eatre d\u00e9pos\u00e9s au plus tard le <strong>18\/01\/2024\u00a0 \u00a0\u00a0<\/strong>envoy\u00e9s \u00e0 l\u2019adresse suivante<strong>\u00a0:\u00a0<\/strong><a href=\"mailto:secretariat@masante-cam.org\"><strong>secretariat@masante-cam.org<\/strong><\/a><strong>\u00a0<\/strong>avec copie \u00e0<strong>\u00a0\u00a0<\/strong><a href=\"mailto:cmmassante@gmail.com\"><strong>cmmassante@gmail.com<\/strong><\/a><strong> ou au <\/strong>si\u00e8ge de l\u2019Association : Yaound\u00e9, Quartier Biyem-Assi <strong>en face du complexe Educatif Tyrannus ou \u00e0 Kousseri \u00e0 l\u2019h\u00f4pital R\u00e9gional de Kousseri \u00a0\u00a0 \u00a0 \u00a0 \u00a0 \u00a0 \u00a0 \u00a0 \u00a0 \u00a0 \u00a0 \u00a0 \u00a0 \u00a0 \u00a0 \u00a0 \u00a0 \u00a0 \u00a0 \u00a0 \u00a0 \u00a0 \u00a0 \u00a0 \u00a0 \u00a0 \u00a0 \u00a0 \u00a0 <\/strong><\/p><p>Les candidatures re\u00e7ues apr\u00e8s la date limite ou ne remplissant pas toutes les conditions ne seront pas prises en compte.<\/p><p>Seules les candidatures pr\u00e9s\u00e9lectionn\u00e9es seront contact\u00e9es pour les auditions.<\/p>\t\t\t\t\t\t\t\t<\/div>\n\t\t\t\t<\/div>\n\t\t\t\t\t<\/div>\n\t\t<\/div>\n\t\t\t\t\t<\/div>\n\t\t<\/section>\n\t\t\t\t<\/div>\n\t\t","protected":false},"excerpt":{"rendered":"<p>Appel d&rsquo;offre : Chauffeur M.A. SANTE\u00a0[Meilleur Acc\u00e8s aux Soins de Sant\u00e9] est une ONG camerounaise bas\u00e9e \u00e0 Yaound\u00e9, cr\u00e9\u00e9e en 2006 avec pour objectif de contribuer \u00e0 l\u2019am\u00e9lioration de l\u2019acc\u00e8s aux soins de sant\u00e9 au Cameroun \u00e0 travers la recherche, la formation en sant\u00e9 ainsi que la mise en \u0153uvre des interventions sanitaires. Ses activit\u00e9s [&hellip;]<\/p>\n","protected":false},"author":1,"featured_media":0,"parent":0,"menu_order":0,"comment_status":"closed","ping_status":"closed","template":"","meta":{"_eb_attr":"","om_disable_all_campaigns":false,"_exactmetrics_skip_tracking":false,"_exactmetrics_sitenote_active":false,"_exactmetrics_sitenote_note":"","_exactmetrics_sitenote_category":0,"_monsterinsights_skip_tracking":false,"_monsterinsights_sitenote_active":false,"_monsterinsights_sitenote_note":"","_monsterinsights_sitenote_category":0,"site-sidebar-layout":"no-sidebar","site-content-layout":"page-builder","ast-site-content-layout":"full-width-container","site-content-style":"default","site-sidebar-style":"default","ast-global-header-display":"","ast-banner-title-visibility":"","ast-main-header-display":"","ast-hfb-above-header-display":"","ast-hfb-below-header-display":"","ast-hfb-mobile-header-display":"","site-post-title":"disabled","ast-breadcrumbs-content":"","ast-featured-img":"disabled","footer-sml-layout":"","ast-disable-related-posts":"","theme-transparent-header-meta":"","adv-header-id-meta":"","stick-header-meta":"","header-above-stick-meta":"","header-main-stick-meta":"","header-below-stick-meta":"","astra-migrate-meta-layouts":"set","ast-page-background-enabled":"default","ast-page-background-meta":{"desktop":{"background-color":"","background-image":"","background-repeat":"repeat","background-position":"center center","background-size":"auto","background-attachment":"scroll","background-type":"","background-media":"","overlay-type":"","overlay-color":"","overlay-opacity":"","overlay-gradient":""},"tablet":{"background-color":"","background-image":"","background-repeat":"repeat","background-position":"center center","background-size":"auto","background-attachment":"scroll","background-type":"","background-media":"","overlay-type":"","overlay-color":"","overlay-opacity":"","overlay-gradient":""},"mobile":{"background-color":"","background-image":"","background-repeat":"repeat","background-position":"center center","background-size":"auto","background-attachment":"scroll","background-type":"","background-media":"","overlay-type":"","overlay-color":"","overlay-opacity":"","overlay-gradient":""}},"ast-content-background-meta":{"desktop":{"background-color":"var(--ast-global-color-5)","background-image":"","background-repeat":"repeat","background-position":"center center","background-size":"auto","background-attachment":"scroll","background-type":"","background-media":"","overlay-type":"","overlay-color":"","overlay-opacity":"","overlay-gradient":""},"tablet":{"background-color":"var(--ast-global-color-5)","background-image":"","background-repeat":"repeat","background-position":"center center","background-size":"auto","background-attachment":"scroll","background-type":"","background-media":"","overlay-type":"","overlay-color":"","overlay-opacity":"","overlay-gradient":""},"mobile":{"background-color":"var(--ast-global-color-5)","background-image":"","background-repeat":"repeat","background-position":"center center","background-size":"auto","background-attachment":"scroll","background-type":"","background-media":"","overlay-type":"","overlay-color":"","overlay-opacity":"","overlay-gradient":""}},"footnotes":""},"class_list":["post-2724","page","type-page","status-publish","hentry"],"aioseo_notices":[],"_links":{"self":[{"href":"https:\/\/masante-cam.org\/masante\/en\/wp-json\/wp\/v2\/pages\/2724","targetHints":{"allow":["GET"]}}],"collection":[{"href":"https:\/\/masante-cam.org\/masante\/en\/wp-json\/wp\/v2\/pages"}],"about":[{"href":"https:\/\/masante-cam.org\/masante\/en\/wp-json\/wp\/v2\/types\/page"}],"author":[{"embeddable":true,"href":"https:\/\/masante-cam.org\/masante\/en\/wp-json\/wp\/v2\/users\/1"}],"replies":[{"embeddable":true,"href":"https:\/\/masante-cam.org\/masante\/en\/wp-json\/wp\/v2\/comments?post=2724"}],"version-history":[{"count":7,"href":"https:\/\/masante-cam.org\/masante\/en\/wp-json\/wp\/v2\/pages\/2724\/revisions"}],"predecessor-version":[{"id":2732,"href":"https:\/\/masante-cam.org\/masante\/en\/wp-json\/wp\/v2\/pages\/2724\/revisions\/2732"}],"wp:attachment":[{"href":"https:\/\/masante-cam.org\/masante\/en\/wp-json\/wp\/v2\/media?parent=2724"}],"curies":[{"name":"wp","href":"https:\/\/api.w.org\/{rel}","templated":true}]}}