{"id":3031,"date":"2024-05-08T09:44:59","date_gmt":"2024-05-08T07:44:59","guid":{"rendered":"https:\/\/masante-cam.org\/masante\/?page_id=3031"},"modified":"2024-05-08T09:49:45","modified_gmt":"2024-05-08T07:49:45","slug":"appel-a-candidature-un-consultant-en-communication","status":"publish","type":"page","link":"https:\/\/masante-cam.org\/masante\/en\/appel-a-candidature-un-consultant-en-communication\/","title":{"rendered":"CALL FOR APPLICATION : A COMMUNICATION CONSULTANT"},"content":{"rendered":"<div data-elementor-type=\"wp-page\" data-elementor-id=\"3031\" class=\"elementor elementor-3031\">\n\t\t\t\t\t\t<section class=\"elementor-section elementor-top-section elementor-element elementor-element-62fb026 elementor-section-boxed elementor-section-height-default elementor-section-height-default\" data-id=\"62fb026\" data-element_type=\"section\" data-e-type=\"section\">\n\t\t\t\t\t\t<div class=\"elementor-container elementor-column-gap-default\">\n\t\t\t\t\t<div class=\"elementor-column elementor-col-100 elementor-top-column elementor-element elementor-element-aaa080a\" data-id=\"aaa080a\" data-element_type=\"column\" data-e-type=\"column\">\n\t\t\t<div class=\"elementor-widget-wrap elementor-element-populated\">\n\t\t\t\t\t\t<div class=\"elementor-element elementor-element-6b77513 elementor-widget elementor-widget-heading\" data-id=\"6b77513\" data-element_type=\"widget\" data-e-type=\"widget\" data-widget_type=\"heading.default\">\n\t\t\t\t<div class=\"elementor-widget-container\">\n\t\t\t\t\t<h3 class=\"elementor-heading-title elementor-size-default\">CALL FOR APPLICATION : A COMMUNICATION CONSULTANT <\/h3>\t\t\t\t<\/div>\n\t\t\t\t<\/div>\n\t\t\t\t\t<\/div>\n\t\t<\/div>\n\t\t\t\t\t<\/div>\n\t\t<\/section>\n\t\t\t\t<section class=\"elementor-section elementor-top-section elementor-element elementor-element-c1983de elementor-section-boxed elementor-section-height-default elementor-section-height-default\" data-id=\"c1983de\" data-element_type=\"section\" data-e-type=\"section\" data-settings=\"{&quot;background_background&quot;:&quot;classic&quot;}\">\n\t\t\t\t\t\t<div class=\"elementor-container elementor-column-gap-default\">\n\t\t\t\t\t<div class=\"elementor-column elementor-col-100 elementor-top-column elementor-element elementor-element-59e5c7e\" data-id=\"59e5c7e\" data-element_type=\"column\" data-e-type=\"column\">\n\t\t\t<div class=\"elementor-widget-wrap elementor-element-populated\">\n\t\t\t\t\t\t<div class=\"elementor-element elementor-element-dbf3e54 elementor-widget elementor-widget-text-editor\" data-id=\"dbf3e54\" data-element_type=\"widget\" data-e-type=\"widget\" data-widget_type=\"text-editor.default\">\n\t\t\t\t<div class=\"elementor-widget-container\">\n\t\t\t\t\t\t\t\t\t<p>Meilleur Acc\u00e8s aux Soins de Sant\u00e9 (M.A SANTE) is a Cameroonian NGO based in Yaound\u00e9, created in 2006 with the aim of contributing to improving access to health care in Cameroon through research, health training and implementation. implementation of health interventions. Its activities are organized from its head office in Yaound\u00e9 and its decentralized sites based at the regional hospital of Kousseri (Far North, Cameroon), at the CMA of Congo I (Douala, Cameroon), at the health district of Mogod\u00e9 (Far North, Cameroon) and the Dschang health district (West, Cameroon).<\/p><p class=\"translation-block\">As part of strengthening the visibility of M.A SANTE association on social networks, M.A SANTE is launching a call for application for the position of a COMMUNICATION CONSULTANT<\/p><p><strong>Place of work: Yaound\u00e9 <\/strong><\/p><p><strong>Missions:<\/strong><\/p><ul><li>Summarize, analyze and comment on communication, national and international health events<\/li><li>Propose to project leaders communication plans on their activities and the results of their projects;<\/li><li>Explore and propose a communication plan to meet communication needs on major health problems;<\/li><li>Lead M.A SANTE\u2019s main communication platforms<\/li><li>Propose improvements to the form, substance and content of the website and the main communication platforms of M.A SANTE<\/li><\/ul><p><strong>Candidate\u2019s profile<\/strong><\/p><ul><li>Be of Cameroonian nationality<\/li><li>Be at least 21 years old<\/li><li>Have experience in the field of communication on health issues<\/li><li>Demonstrate integrity, honesty and good moral character<\/li><li>Have a great capacity for adaptation and problem solving,<\/li><li>Master both official languages (English\/French)<\/li><li>Have at least two documented years of university education<\/li><\/ul><p><strong>Composition of file<\/strong><\/p><ul><li>Cover letter addressed to the project coordinator M.A SANTE;<\/li><li>A resume<\/li><li>Photocopy of national identity card<\/li><li>Copy of diplomas obtained<\/li><\/ul><p>For files submitted by email, the documents must be sent in PDF format in a single file (Last name First name.pdf).\u00a0<strong>un seul\u00a0fichier\u00a0<\/strong>(Nom_Pr\u00e9nom.pdf).<\/p><p class=\"translation-block\">How to submit your application: Application files must be submitted no later than 05\/17\/24 at 5 p.m. at the headquarters of the Association: Yaound\u00e9, Biyem-Assi Lac District, opposite Center Educatif Tyrannus; be sent to the following address: secretariat@masante-cam.org  with a copy to cmmassante@gmail.com<\/p><p>Applications received after the deadline or that do not meet all the conditions will not be considered.<\/p><p>Only shortlisted candidates will be contacted for auditions. <\/p>\t\t\t\t\t\t\t\t<\/div>\n\t\t\t\t<\/div>\n\t\t\t\t\t<\/div>\n\t\t<\/div>\n\t\t\t\t\t<\/div>\n\t\t<\/section>\n\t\t\t\t<\/div>","protected":false},"excerpt":{"rendered":"<p>APPEL \u00c0 CANDIDATURE : UN CONSULTANT EN COMMUNICATION Meilleur Acc\u00e8s aux Soins de Sant\u00e9 est une ONG camerounaise bas\u00e9e \u00e0 Yaound\u00e9, cr\u00e9\u00e9e en 2006 avec pour objectif de contribuer \u00e0 l\u2019am\u00e9lioration de l\u2019acc\u00e8s aux soins de sant\u00e9 au Cameroun \u00e0 travers la recherche, la formation en sant\u00e9 ainsi que la mise en \u0153uvre des interventions [&hellip;]<\/p>\n","protected":false},"author":1,"featured_media":0,"parent":0,"menu_order":0,"comment_status":"closed","ping_status":"closed","template":"","meta":{"_eb_attr":"","om_disable_all_campaigns":false,"_exactmetrics_skip_tracking":false,"_exactmetrics_sitenote_active":false,"_exactmetrics_sitenote_note":"","_exactmetrics_sitenote_category":0,"_monsterinsights_skip_tracking":false,"_monsterinsights_sitenote_active":false,"_monsterinsights_sitenote_note":"","_monsterinsights_sitenote_category":0,"site-sidebar-layout":"no-sidebar","site-content-layout":"page-builder","ast-site-content-layout":"full-width-container","site-content-style":"default","site-sidebar-style":"default","ast-global-header-display":"","ast-banner-title-visibility":"","ast-main-header-display":"","ast-hfb-above-header-display":"","ast-hfb-below-header-display":"","ast-hfb-mobile-header-display":"","site-post-title":"disabled","ast-breadcrumbs-content":"","ast-featured-img":"disabled","footer-sml-layout":"","ast-disable-related-posts":"","theme-transparent-header-meta":"","adv-header-id-meta":"","stick-header-meta":"","header-above-stick-meta":"","header-main-stick-meta":"","header-below-stick-meta":"","astra-migrate-meta-layouts":"set","ast-page-background-enabled":"default","ast-page-background-meta":{"desktop":{"background-color":"","background-image":"","background-repeat":"repeat","background-position":"center center","background-size":"auto","background-attachment":"scroll","background-type":"","background-media":"","overlay-type":"","overlay-color":"","overlay-opacity":"","overlay-gradient":""},"tablet":{"background-color":"","background-image":"","background-repeat":"repeat","background-position":"center center","background-size":"auto","background-attachment":"scroll","background-type":"","background-media":"","overlay-type":"","overlay-color":"","overlay-opacity":"","overlay-gradient":""},"mobile":{"background-color":"","background-image":"","background-repeat":"repeat","background-position":"center center","background-size":"auto","background-attachment":"scroll","background-type":"","background-media":"","overlay-type":"","overlay-color":"","overlay-opacity":"","overlay-gradient":""}},"ast-content-background-meta":{"desktop":{"background-color":"var(--ast-global-color-5)","background-image":"","background-repeat":"repeat","background-position":"center center","background-size":"auto","background-attachment":"scroll","background-type":"","background-media":"","overlay-type":"","overlay-color":"","overlay-opacity":"","overlay-gradient":""},"tablet":{"background-color":"var(--ast-global-color-5)","background-image":"","background-repeat":"repeat","background-position":"center center","background-size":"auto","background-attachment":"scroll","background-type":"","background-media":"","overlay-type":"","overlay-color":"","overlay-opacity":"","overlay-gradient":""},"mobile":{"background-color":"var(--ast-global-color-5)","background-image":"","background-repeat":"repeat","background-position":"center center","background-size":"auto","background-attachment":"scroll","background-type":"","background-media":"","overlay-type":"","overlay-color":"","overlay-opacity":"","overlay-gradient":""}},"footnotes":""},"class_list":["post-3031","page","type-page","status-publish","hentry"],"aioseo_notices":[],"_links":{"self":[{"href":"https:\/\/masante-cam.org\/masante\/en\/wp-json\/wp\/v2\/pages\/3031","targetHints":{"allow":["GET"]}}],"collection":[{"href":"https:\/\/masante-cam.org\/masante\/en\/wp-json\/wp\/v2\/pages"}],"about":[{"href":"https:\/\/masante-cam.org\/masante\/en\/wp-json\/wp\/v2\/types\/page"}],"author":[{"embeddable":true,"href":"https:\/\/masante-cam.org\/masante\/en\/wp-json\/wp\/v2\/users\/1"}],"replies":[{"embeddable":true,"href":"https:\/\/masante-cam.org\/masante\/en\/wp-json\/wp\/v2\/comments?post=3031"}],"version-history":[{"count":7,"href":"https:\/\/masante-cam.org\/masante\/en\/wp-json\/wp\/v2\/pages\/3031\/revisions"}],"predecessor-version":[{"id":3038,"href":"https:\/\/masante-cam.org\/masante\/en\/wp-json\/wp\/v2\/pages\/3031\/revisions\/3038"}],"wp:attachment":[{"href":"https:\/\/masante-cam.org\/masante\/en\/wp-json\/wp\/v2\/media?parent=3031"}],"curies":[{"name":"wp","href":"https:\/\/api.w.org\/{rel}","templated":true}]}}