{"id":3498,"date":"2024-12-13T11:07:06","date_gmt":"2024-12-13T10:07:06","guid":{"rendered":"https:\/\/masante-cam.org\/masante\/?page_id=3498"},"modified":"2024-12-13T15:17:44","modified_gmt":"2024-12-13T14:17:44","slug":"appel-a-candidature-5-enqueteurs","status":"publish","type":"page","link":"https:\/\/masante-cam.org\/masante\/en\/appel-a-candidature-5-enqueteurs\/","title":{"rendered":"Appel \u00e0 candidature 5 enqu\u00eateurs"},"content":{"rendered":"\t\t<div data-elementor-type=\"wp-page\" data-elementor-id=\"3498\" class=\"elementor elementor-3498\">\n\t\t\t\t\t\t<section class=\"elementor-section elementor-top-section elementor-element elementor-element-fe46367 elementor-section-boxed elementor-section-height-default elementor-section-height-default\" data-id=\"fe46367\" data-element_type=\"section\" data-e-type=\"section\" data-settings=\"{&quot;background_background&quot;:&quot;classic&quot;}\">\n\t\t\t\t\t\t<div class=\"elementor-container elementor-column-gap-default\">\n\t\t\t\t\t<div class=\"elementor-column elementor-col-100 elementor-top-column elementor-element elementor-element-e13f580\" data-id=\"e13f580\" data-element_type=\"column\" data-e-type=\"column\">\n\t\t\t<div class=\"elementor-widget-wrap elementor-element-populated\">\n\t\t\t\t\t\t<div class=\"elementor-element elementor-element-8ae03b1 elementor-widget elementor-widget-heading\" data-id=\"8ae03b1\" data-element_type=\"widget\" data-e-type=\"widget\" data-widget_type=\"heading.default\">\n\t\t\t\t<div class=\"elementor-widget-container\">\n\t\t\t\t\t<h3 class=\"elementor-heading-title elementor-size-default\">Appel \u00e0 candidature 5 enqu\u00eateurs<\/h3>\t\t\t\t<\/div>\n\t\t\t\t<\/div>\n\t\t\t\t\t<\/div>\n\t\t<\/div>\n\t\t\t\t\t<\/div>\n\t\t<\/section>\n\t\t\t\t<section class=\"elementor-section elementor-top-section elementor-element elementor-element-7a42b2a elementor-section-boxed elementor-section-height-default elementor-section-height-default\" data-id=\"7a42b2a\" data-element_type=\"section\" data-e-type=\"section\" data-settings=\"{&quot;background_background&quot;:&quot;classic&quot;}\">\n\t\t\t\t\t\t<div class=\"elementor-container elementor-column-gap-default\">\n\t\t\t\t\t<div class=\"elementor-column elementor-col-100 elementor-top-column elementor-element elementor-element-11d0324\" data-id=\"11d0324\" data-element_type=\"column\" data-e-type=\"column\">\n\t\t\t<div class=\"elementor-widget-wrap elementor-element-populated\">\n\t\t\t\t\t\t<div class=\"elementor-element elementor-element-c81a74f elementor-widget elementor-widget-text-editor\" data-id=\"c81a74f\" data-element_type=\"widget\" data-e-type=\"widget\" data-widget_type=\"text-editor.default\">\n\t\t\t\t<div class=\"elementor-widget-container\">\n\t\t\t\t\t\t\t\t\t<p>Dans le cadre de la r\u00e9alisation de l\u2019enqu\u00eate de fin du projet \u00ab Digital Technologies for Health Financing: Introducing openIMIS to Improve Population outcomes of the Ch\u00e8que Sant\u00e9 Program in Cameroon \u00bb M.A. SANT\u00c9 recherche\u00a0<strong>5 enqu\u00eateurs.<\/strong><\/p><p>\u00ab Digital Technologies for Health Financing: Introducing openIMIS to Improve Population outcomes of the Ch\u00e8que Sant\u00e9 Program in Cameroon \u00bb \u00a0est un projet mis en \u0153uvre au Cameroun dans les r\u00e9gions de l\u2019Extr\u00eame Nord (Maroua), du Nord (Garoua) et de l\u2019Adamaoua (Ngaoundere) par M.A. SANTE\u00a0<strong>(<\/strong>Meilleur Acces Aux Soins de Sant\u00e9) en collaboration avec Heidelberg Institute of Global Health sous le financement de Deutsches Evaluierungsinstitut der Entwicklungszusammenarbeit (DEval) avec pour objectif d\u2019\u00e9valuer le b\u00e9nefice de la digitalisation (utilisation du logiciel open IMIS) du programme ch\u00e8que sant\u00e9 sur les performances des formations sanitaires, sur l\u2019offre de service aux femmes (par exemple, la proportion de femmes inscrites qui re\u00e7oivent des soins maternels r\u00e9pondant aux normes de qualit\u00e9 souhait\u00e9es) et sur la protection financi\u00e8re (par exemple, la proportion de femmes inscrites qui re\u00e7oivent des services de soins maternels pour lesquels elles sont \u00e9ligibles sans frais).<\/p><p>M.A. SANT\u00c9 [Meilleur Acc\u00e8s aux Soins de Sant\u00e9] est une ONG camerounaise bas\u00e9e \u00e0 Yaound\u00e9. Elle a \u00e9t\u00e9 cr\u00e9\u00e9e depuis 2006 avec pour objectif de contribuer \u00e0 l\u2019am\u00e9lioration de l\u2019acc\u00e8s aux soins de sant\u00e9 au Cameroun \u00e0 travers la recherche, la formation et la mise en \u0153uvre des interventions sanitaires. Ses activit\u00e9s sont organis\u00e9es \u00e0 partir de son si\u00e8ge social \u00e0 Yaound\u00e9 et de ses sites d\u00e9centralis\u00e9s bas\u00e9s \u00e0 l\u2019h\u00f4pital r\u00e9gional annexe de Kousseri (Extr\u00eame-Nord, Cameroun), au CMA de Congo I (Douala, Cameroun), au district de sant\u00e9 de Mogod\u00e9 (Extr\u00eame-Nord, Cameroun) et au district de sant\u00e9 de Foumban (Ouest, Cameroun).<\/p><p><strong><u>Lieux de l\u2019enqu\u00eate<\/u><\/strong><\/p><p>Les enqu\u00eates se d\u00e9rouleront dans les 3 r\u00e9gions septentrionales du Cameroun \u00e0 savoir\u00a0: l\u2019Extr\u00eame Nord, le Nord et l\u2019Adamaoua.<\/p><p>Les enqu\u00eateurs seront charg\u00e9s de\u00a0:<\/p><ul><li>Participer \u00e0 la formation sur les outils\/m\u00e9thodes de collecte de donn\u00e9es quantitatives<\/li><li>Interviewer les cibles en utilisant la langue \u00e0 laquelle ils sont le plus \u00e0 l\u2019aise<\/li><li>Collecter les donn\u00e9es aupr\u00e8s des cibles \u00e0 l\u2019aide des tablettes<\/li><li>Recueillir les donn\u00e9es dans les registres des formations sanitaires<\/li><li>V\u00e9rifier r\u00e9guli\u00e8rement la qualit\u00e9 des donn\u00e9es apr\u00e8s chaque interview<\/li><li>Assister aux r\u00e9unions de d\u00e9briefing<\/li><li>Rendre compte \u00e0 son superviseur ainsi que sa hi\u00e9rarchie<\/li><li>Elaborer un rapport final de collecte de donn\u00e9es<\/li><\/ul><p>Les conditions d\u2019\u00e9ligibilit\u00e9 sont les suivantes :<\/p><ul><li>\u00catre titulaire d\u2019un Baccalaur\u00e9at, d\u00e9mographie, statistique<\/li><li>Avoir une exp\u00e9rience av\u00e9r\u00e9e dans la collecte de donn\u00e9es \u00e0 base hospitali\u00e8re et communautaire<\/li><li>\u00catre capable de s\u2019exprimer en fran\u00e7ais et en anglais, l\u2019expression en arabe et fulfulde serait un atout<\/li><li>Avoir une bonne ma\u00eetrise des activit\u00e9s communautaires,<\/li><li>Avoir une connaissance de l\u2019une des r\u00e9gions cibles de l\u2019\u00e9tude<\/li><li>\u00catre disponible pour une enqu\u00eate de la p\u00e9riode allant du 03 F\u00e9vrier au 03 Mars 2025<\/li><li>Maitriser les outils de collecte de donn\u00e9es sera un atout (KOBO collect, ODK collect)<\/li><\/ul><p><strong>Composition du dossier de candidature :<\/strong><\/p><p>Le dossier de candidature r\u00e9dig\u00e9 en langue fran\u00e7aise ou anglaise comprendra<\/p><ul><li>Un curriculum vitae de deux pages au maximum ;<\/li><li>Une lettre de motivation pr\u00e9cisant l\u2019objet de la candidature, la r\u00e9gion choisie ;<\/li><li>Copie\u00a0 de la Carte Nationale d\u2019Identit\u00e9 ;<\/li><li>Copies du dipl\u00f4me le plus \u00e9lev\u00e9 ;<\/li><li>Tous documents attestant de l\u2019exp\u00e9rience dans le domaine.<\/li><\/ul><p><strong><u>N.B :<\/u><\/strong>\u00a0Dans le processus de s\u00e9lection des candidats, un test de langue et d\u2019utilisation de tablette pour administrer un questionnaire pourrait \u00eatre organis\u00e9. Seuls les candidats pr\u00e9s\u00e9lectionn\u00e9s seront contact\u00e9s<\/p><p><strong>Comment soumettre sa candidature :<\/strong><\/p><p>Les dossiers de candidature doivent soit \u00eatre d\u00e9pos\u00e9s au plus tard le 20 D\u00e9cembre 2024 \u00e0 17h au si\u00e8ge de l\u2019Association : Yaound\u00e9, Quartier Biyem-Assi, face Centre Educatif Tyrannus ; soit envoy\u00e9s \u00e0 l\u2019adresse suivante :\u00a0<a href=\"mailto:secretariat@masante-cam.org\">secretariat@masante-cam.org<\/a>\u00a0avec copie \u00e0\u00a0<a href=\"mailto:cmmassante@gmail.com\">cmmassante@gmail.com<\/a>.<\/p>\t\t\t\t\t\t\t\t<\/div>\n\t\t\t\t<\/div>\n\t\t\t\t\t<\/div>\n\t\t<\/div>\n\t\t\t\t\t<\/div>\n\t\t<\/section>\n\t\t\t\t<\/div>\n\t\t","protected":false},"excerpt":{"rendered":"<p>Appel \u00e0 candidature 5 enqu\u00eateurs Dans le cadre de la r\u00e9alisation de l\u2019enqu\u00eate de fin du projet \u00ab Digital Technologies for Health Financing: Introducing openIMIS to Improve Population outcomes of the Ch\u00e8que Sant\u00e9 Program in Cameroon \u00bb M.A. SANT\u00c9 recherche\u00a05 enqu\u00eateurs. \u00ab Digital Technologies for Health Financing: Introducing openIMIS to Improve Population outcomes of the [&hellip;]<\/p>\n","protected":false},"author":1,"featured_media":0,"parent":0,"menu_order":0,"comment_status":"closed","ping_status":"closed","template":"","meta":{"_eb_attr":"","om_disable_all_campaigns":false,"_exactmetrics_skip_tracking":false,"_exactmetrics_sitenote_active":false,"_exactmetrics_sitenote_note":"","_exactmetrics_sitenote_category":0,"_monsterinsights_skip_tracking":false,"_monsterinsights_sitenote_active":false,"_monsterinsights_sitenote_note":"","_monsterinsights_sitenote_category":0,"site-sidebar-layout":"no-sidebar","site-content-layout":"page-builder","ast-site-content-layout":"full-width-container","site-content-style":"unboxed","site-sidebar-style":"unboxed","ast-global-header-display":"","ast-banner-title-visibility":"","ast-main-header-display":"","ast-hfb-above-header-display":"","ast-hfb-below-header-display":"","ast-hfb-mobile-header-display":"","site-post-title":"disabled","ast-breadcrumbs-content":"","ast-featured-img":"disabled","footer-sml-layout":"","ast-disable-related-posts":"","theme-transparent-header-meta":"","adv-header-id-meta":"","stick-header-meta":"","header-above-stick-meta":"","header-main-stick-meta":"","header-below-stick-meta":"","astra-migrate-meta-layouts":"set","ast-page-background-enabled":"default","ast-page-background-meta":{"desktop":{"background-color":"","background-image":"","background-repeat":"repeat","background-position":"center center","background-size":"auto","background-attachment":"scroll","background-type":"","background-media":"","overlay-type":"","overlay-color":"","overlay-opacity":"","overlay-gradient":""},"tablet":{"background-color":"","background-image":"","background-repeat":"repeat","background-position":"center center","background-size":"auto","background-attachment":"scroll","background-type":"","background-media":"","overlay-type":"","overlay-color":"","overlay-opacity":"","overlay-gradient":""},"mobile":{"background-color":"","background-image":"","background-repeat":"repeat","background-position":"center center","background-size":"auto","background-attachment":"scroll","background-type":"","background-media":"","overlay-type":"","overlay-color":"","overlay-opacity":"","overlay-gradient":""}},"ast-content-background-meta":{"desktop":{"background-color":"var(--ast-global-color-5)","background-image":"","background-repeat":"repeat","background-position":"center center","background-size":"auto","background-attachment":"scroll","background-type":"","background-media":"","overlay-type":"","overlay-color":"","overlay-opacity":"","overlay-gradient":""},"tablet":{"background-color":"var(--ast-global-color-5)","background-image":"","background-repeat":"repeat","background-position":"center center","background-size":"auto","background-attachment":"scroll","background-type":"","background-media":"","overlay-type":"","overlay-color":"","overlay-opacity":"","overlay-gradient":""},"mobile":{"background-color":"var(--ast-global-color-5)","background-image":"","background-repeat":"repeat","background-position":"center center","background-size":"auto","background-attachment":"scroll","background-type":"","background-media":"","overlay-type":"","overlay-color":"","overlay-opacity":"","overlay-gradient":""}},"footnotes":""},"class_list":["post-3498","page","type-page","status-publish","hentry"],"aioseo_notices":[],"_links":{"self":[{"href":"https:\/\/masante-cam.org\/masante\/en\/wp-json\/wp\/v2\/pages\/3498","targetHints":{"allow":["GET"]}}],"collection":[{"href":"https:\/\/masante-cam.org\/masante\/en\/wp-json\/wp\/v2\/pages"}],"about":[{"href":"https:\/\/masante-cam.org\/masante\/en\/wp-json\/wp\/v2\/types\/page"}],"author":[{"embeddable":true,"href":"https:\/\/masante-cam.org\/masante\/en\/wp-json\/wp\/v2\/users\/1"}],"replies":[{"embeddable":true,"href":"https:\/\/masante-cam.org\/masante\/en\/wp-json\/wp\/v2\/comments?post=3498"}],"version-history":[{"count":7,"href":"https:\/\/masante-cam.org\/masante\/en\/wp-json\/wp\/v2\/pages\/3498\/revisions"}],"predecessor-version":[{"id":3516,"href":"https:\/\/masante-cam.org\/masante\/en\/wp-json\/wp\/v2\/pages\/3498\/revisions\/3516"}],"wp:attachment":[{"href":"https:\/\/masante-cam.org\/masante\/en\/wp-json\/wp\/v2\/media?parent=3498"}],"curies":[{"name":"wp","href":"https:\/\/api.w.org\/{rel}","templated":true}]}}