{"id":3599,"date":"2025-02-13T07:09:42","date_gmt":"2025-02-13T06:09:42","guid":{"rendered":"https:\/\/masante-cam.org\/masante\/?page_id=3599"},"modified":"2025-03-01T11:16:19","modified_gmt":"2025-03-01T10:16:19","slug":"appel-doffre-stagiaire-secretaire","status":"publish","type":"page","link":"https:\/\/masante-cam.org\/masante\/en\/appel-doffre-stagiaire-secretaire\/","title":{"rendered":"APPEL D\u2019OFFRE :\u00a0STAGIAIRE SECRETAIRE"},"content":{"rendered":"\t\t<div data-elementor-type=\"wp-page\" data-elementor-id=\"3599\" class=\"elementor elementor-3599\">\n\t\t\t\t\t\t<section class=\"elementor-section elementor-top-section elementor-element elementor-element-379cd31 elementor-section-full_width elementor-section-height-default elementor-section-height-default\" data-id=\"379cd31\" data-element_type=\"section\" data-e-type=\"section\" data-settings=\"{&quot;background_background&quot;:&quot;classic&quot;}\">\n\t\t\t\t\t\t<div class=\"elementor-container elementor-column-gap-default\">\n\t\t\t\t\t<div class=\"elementor-column elementor-col-100 elementor-top-column elementor-element elementor-element-f509396\" data-id=\"f509396\" data-element_type=\"column\" data-e-type=\"column\">\n\t\t\t<div class=\"elementor-widget-wrap elementor-element-populated\">\n\t\t\t\t\t\t<div class=\"elementor-element elementor-element-8240979 elementor-widget elementor-widget-heading\" data-id=\"8240979\" data-element_type=\"widget\" data-e-type=\"widget\" data-widget_type=\"heading.default\">\n\t\t\t\t<div class=\"elementor-widget-container\">\n\t\t\t\t\t<h3 class=\"elementor-heading-title elementor-size-default\">APPEL D\u2019OFFRE : STAGIAIRE SECRETAIRE<\/h3>\t\t\t\t<\/div>\n\t\t\t\t<\/div>\n\t\t\t\t\t<\/div>\n\t\t<\/div>\n\t\t\t\t\t<\/div>\n\t\t<\/section>\n\t\t\t\t<section class=\"elementor-section elementor-top-section elementor-element elementor-element-08d5d06 elementor-section-full_width elementor-section-height-default elementor-section-height-default\" data-id=\"08d5d06\" data-element_type=\"section\" data-e-type=\"section\" data-settings=\"{&quot;background_background&quot;:&quot;classic&quot;}\">\n\t\t\t\t\t\t<div class=\"elementor-container elementor-column-gap-default\">\n\t\t\t\t\t<div class=\"elementor-column elementor-col-100 elementor-top-column elementor-element elementor-element-e27046d\" data-id=\"e27046d\" data-element_type=\"column\" data-e-type=\"column\">\n\t\t\t<div class=\"elementor-widget-wrap elementor-element-populated\">\n\t\t\t\t\t\t<div class=\"elementor-element elementor-element-463f1c5 elementor-widget elementor-widget-spacer\" data-id=\"463f1c5\" data-element_type=\"widget\" data-e-type=\"widget\" data-widget_type=\"spacer.default\">\n\t\t\t\t<div class=\"elementor-widget-container\">\n\t\t\t\t\t\t\t<div class=\"elementor-spacer\">\n\t\t\t<div class=\"elementor-spacer-inner\"><\/div>\n\t\t<\/div>\n\t\t\t\t\t\t<\/div>\n\t\t\t\t<\/div>\n\t\t\t\t\t<\/div>\n\t\t<\/div>\n\t\t\t\t\t<\/div>\n\t\t<\/section>\n\t\t\t\t<section class=\"elementor-section elementor-top-section elementor-element elementor-element-ebb4884 elementor-section-boxed elementor-section-height-default elementor-section-height-default\" data-id=\"ebb4884\" data-element_type=\"section\" data-e-type=\"section\" data-settings=\"{&quot;background_background&quot;:&quot;classic&quot;}\">\n\t\t\t\t\t\t<div class=\"elementor-container elementor-column-gap-default\">\n\t\t\t\t\t<div class=\"elementor-column elementor-col-100 elementor-top-column elementor-element elementor-element-8fb9b44\" data-id=\"8fb9b44\" data-element_type=\"column\" data-e-type=\"column\">\n\t\t\t<div class=\"elementor-widget-wrap elementor-element-populated\">\n\t\t\t\t\t\t<div class=\"elementor-element elementor-element-16e2abf elementor-widget elementor-widget-text-editor\" data-id=\"16e2abf\" data-element_type=\"widget\" data-e-type=\"widget\" data-widget_type=\"text-editor.default\">\n\t\t\t\t<div class=\"elementor-widget-container\">\n\t\t\t\t\t\t\t\t\t<p><strong><u>Date limite de candidature : 12 Mars 2025 \u00e0 17h00<\/u><\/strong><\/p><p>M.A. SANT\u00c9 [Meilleur Acc\u00e8s aux Soins de Sant\u00e9] est une ONG camerounaise bas\u00e9e \u00e0 Yaound\u00e9. Elle a \u00e9t\u00e9 cr\u00e9\u00e9e depuis 2006 avec pour objectif de contribuer \u00e0 l\u2019am\u00e9lioration de l\u2019acc\u00e8s aux soins de sant\u00e9 au Cameroun \u00e0 travers la recherche, la formation et la mise en \u0153uvre des interventions sanitaires. Ses activit\u00e9s sont organis\u00e9es \u00e0 partir de son si\u00e8ge social \u00e0 Yaound\u00e9 et de ses sites d\u00e9centralis\u00e9s bas\u00e9s \u00e0 l\u2019h\u00f4pital r\u00e9gional annexe de Kousseri \u00a0(Extr\u00eame-Nord, Cameroun), au CMA de Congo I (Douala, Cameroun), au district de sant\u00e9 de\u00a0 Mogod\u00e9 (Extr\u00eame-Nord, Cameroun) et au district de sant\u00e9 de\u00a0 Foumban (Ouest, Cameroun).<\/p><p>Dans le cadre de la mise en \u0153uvre de ses activit\u00e9s, l\u2019Association recherche <strong>01 secr\u00e9taire\u00a0au poste de secretariat: <\/strong>Les conditions d\u2019\u00e9ligibilit\u00e9 sont les suivantes:<\/p><ul><li>\u00catre titulaire d\u2019au moins l\u2019un des dipl\u00f4mes suivants\u00a0: Baccalaur\u00e9at G1 ou G2, un BTS\/HND en secr\u00e9tariat bureautique ou comptabilit\u00e9<\/li><li>Avoir des connaissances pratiques en secretariat, archivage physique, \u00e9lectronique et sur r\u00e9seaux<\/li><li>Avoir une bonne ma\u00eetrise de l\u2019outil informatique (word, excel, publisher, powepoint\u2026),<\/li><li>Maitriser la lecture et l\u2019\u00e9criture d\u2019au moins une des deux langues officielles du Cameroun,<\/li><li>\u00catre int\u00e8gre et avoir un esprit de responsabilit\u00e9<\/li><\/ul><p><strong><u>Composition du dossier de candidature\u00a0:<\/u><\/strong><\/p><ul><li>CV de deux pages au maximum\u00a0;<\/li><li>Lettre de motivation d\u2019une page\u00a0;<\/li><li>Copie certifi\u00e9e de la Carte Nationale d\u2019Identit\u00e9\u00a0;<\/li><li>Copies de tous les dipl\u00f4mes obtenus ;<\/li><li>Tous documents attestant de l\u2019exp\u00e9rience dans le domaine.<\/li><\/ul><p><strong><u>Comment soumettre sa candidature<\/u><\/strong><u>\u00a0:<\/u><\/p><p>Les dossiers de candidature doivent soit \u00eatre d\u00e9pos\u00e9s au plus tard le 12 Mars<strong>\u00a02025 <\/strong>\u00e0 17h au si\u00e8ge de l\u2019Association\u00a0:\u00a0<strong>Yaound\u00e9, Quartier Biyem-Assi, face Wisdom Academic Complex\u00a0;\u00a0<\/strong>soit envoy\u00e9s \u00e0 l\u2019adresse suivante\u00a0:\u00a0<a href=\"mailto:secretariat@masante-cam.org\">secretariat@masante-cam.org<\/a>\u00a0avec copie \u00e0\u00a0\u00a0<u>cmmassante@gmail.com<\/u>.<\/p><p>Seules les candidatures pr\u00e9s\u00e9lectionn\u00e9es seront contact\u00e9es pour les auditions.<\/p><p><strong><u>NB<\/u><\/strong><strong>: Pr\u00e9cisez en Objet de Votre mail l\u2019Intitul\u00e9 du Poste<\/strong><\/p>\t\t\t\t\t\t\t\t<\/div>\n\t\t\t\t<\/div>\n\t\t\t\t\t<\/div>\n\t\t<\/div>\n\t\t\t\t\t<\/div>\n\t\t<\/section>\n\t\t\t\t<\/div>\n\t\t","protected":false},"excerpt":{"rendered":"<p>APPEL D\u2019OFFRE : STAGIAIRE SECRETAIRE Date limite de candidature : 12 Mars 2025 \u00e0 17h00 M.A. SANT\u00c9 [Meilleur Acc\u00e8s aux Soins de Sant\u00e9] est une ONG camerounaise bas\u00e9e \u00e0 Yaound\u00e9. Elle a \u00e9t\u00e9 cr\u00e9\u00e9e depuis 2006 avec pour objectif de contribuer \u00e0 l\u2019am\u00e9lioration de l\u2019acc\u00e8s aux soins de sant\u00e9 au Cameroun \u00e0 travers la recherche, [&hellip;]<\/p>\n","protected":false},"author":1,"featured_media":0,"parent":0,"menu_order":0,"comment_status":"closed","ping_status":"closed","template":"","meta":{"_eb_attr":"","om_disable_all_campaigns":false,"_exactmetrics_skip_tracking":false,"_exactmetrics_sitenote_active":false,"_exactmetrics_sitenote_note":"","_exactmetrics_sitenote_category":0,"_monsterinsights_skip_tracking":false,"_monsterinsights_sitenote_active":false,"_monsterinsights_sitenote_note":"","_monsterinsights_sitenote_category":0,"site-sidebar-layout":"no-sidebar","site-content-layout":"page-builder","ast-site-content-layout":"full-width-container","site-content-style":"default","site-sidebar-style":"default","ast-global-header-display":"","ast-banner-title-visibility":"","ast-main-header-display":"","ast-hfb-above-header-display":"","ast-hfb-below-header-display":"","ast-hfb-mobile-header-display":"","site-post-title":"disabled","ast-breadcrumbs-content":"","ast-featured-img":"disabled","footer-sml-layout":"","ast-disable-related-posts":"","theme-transparent-header-meta":"","adv-header-id-meta":"","stick-header-meta":"","header-above-stick-meta":"","header-main-stick-meta":"","header-below-stick-meta":"","astra-migrate-meta-layouts":"set","ast-page-background-enabled":"default","ast-page-background-meta":{"desktop":{"background-color":"","background-image":"","background-repeat":"repeat","background-position":"center center","background-size":"auto","background-attachment":"scroll","background-type":"","background-media":"","overlay-type":"","overlay-color":"","overlay-opacity":"","overlay-gradient":""},"tablet":{"background-color":"","background-image":"","background-repeat":"repeat","background-position":"center center","background-size":"auto","background-attachment":"scroll","background-type":"","background-media":"","overlay-type":"","overlay-color":"","overlay-opacity":"","overlay-gradient":""},"mobile":{"background-color":"","background-image":"","background-repeat":"repeat","background-position":"center center","background-size":"auto","background-attachment":"scroll","background-type":"","background-media":"","overlay-type":"","overlay-color":"","overlay-opacity":"","overlay-gradient":""}},"ast-content-background-meta":{"desktop":{"background-color":"var(--ast-global-color-5)","background-image":"","background-repeat":"repeat","background-position":"center center","background-size":"auto","background-attachment":"scroll","background-type":"","background-media":"","overlay-type":"","overlay-color":"","overlay-opacity":"","overlay-gradient":""},"tablet":{"background-color":"var(--ast-global-color-5)","background-image":"","background-repeat":"repeat","background-position":"center center","background-size":"auto","background-attachment":"scroll","background-type":"","background-media":"","overlay-type":"","overlay-color":"","overlay-opacity":"","overlay-gradient":""},"mobile":{"background-color":"var(--ast-global-color-5)","background-image":"","background-repeat":"repeat","background-position":"center center","background-size":"auto","background-attachment":"scroll","background-type":"","background-media":"","overlay-type":"","overlay-color":"","overlay-opacity":"","overlay-gradient":""}},"footnotes":""},"class_list":["post-3599","page","type-page","status-publish","hentry"],"aioseo_notices":[],"_links":{"self":[{"href":"https:\/\/masante-cam.org\/masante\/en\/wp-json\/wp\/v2\/pages\/3599","targetHints":{"allow":["GET"]}}],"collection":[{"href":"https:\/\/masante-cam.org\/masante\/en\/wp-json\/wp\/v2\/pages"}],"about":[{"href":"https:\/\/masante-cam.org\/masante\/en\/wp-json\/wp\/v2\/types\/page"}],"author":[{"embeddable":true,"href":"https:\/\/masante-cam.org\/masante\/en\/wp-json\/wp\/v2\/users\/1"}],"replies":[{"embeddable":true,"href":"https:\/\/masante-cam.org\/masante\/en\/wp-json\/wp\/v2\/comments?post=3599"}],"version-history":[{"count":10,"href":"https:\/\/masante-cam.org\/masante\/en\/wp-json\/wp\/v2\/pages\/3599\/revisions"}],"predecessor-version":[{"id":3614,"href":"https:\/\/masante-cam.org\/masante\/en\/wp-json\/wp\/v2\/pages\/3599\/revisions\/3614"}],"wp:attachment":[{"href":"https:\/\/masante-cam.org\/masante\/en\/wp-json\/wp\/v2\/media?parent=3599"}],"curies":[{"name":"wp","href":"https:\/\/api.w.org\/{rel}","templated":true}]}}