{"id":3700,"date":"2025-04-02T10:25:16","date_gmt":"2025-04-02T08:25:16","guid":{"rendered":"https:\/\/masante-cam.org\/masante\/?page_id=3700"},"modified":"2025-04-02T10:36:36","modified_gmt":"2025-04-02T08:36:36","slug":"appel-a-candidature-stagiaire-en-statistique-ou-mathematiques-appliquees-a-la-sante","status":"publish","type":"page","link":"https:\/\/masante-cam.org\/masante\/en\/appel-a-candidature-stagiaire-en-statistique-ou-mathematiques-appliquees-a-la-sante\/","title":{"rendered":"Appel \u00e0 candidature : stagiaire en statistique ou math\u00e9matiques appliqu\u00e9es \u00e0 la sante"},"content":{"rendered":"\t\t<div data-elementor-type=\"wp-page\" data-elementor-id=\"3700\" class=\"elementor elementor-3700\">\n\t\t\t\t\t\t<section class=\"elementor-section elementor-top-section elementor-element elementor-element-cb30b5e elementor-section-full_width elementor-section-height-default elementor-section-height-default\" data-id=\"cb30b5e\" data-element_type=\"section\" data-e-type=\"section\" data-settings=\"{&quot;background_background&quot;:&quot;classic&quot;}\">\n\t\t\t\t\t\t<div class=\"elementor-container elementor-column-gap-default\">\n\t\t\t\t\t<div class=\"elementor-column elementor-col-100 elementor-top-column elementor-element elementor-element-17836e2\" data-id=\"17836e2\" data-element_type=\"column\" data-e-type=\"column\">\n\t\t\t<div class=\"elementor-widget-wrap elementor-element-populated\">\n\t\t\t\t\t\t<div class=\"elementor-element elementor-element-5df2d49 elementor-widget elementor-widget-heading\" data-id=\"5df2d49\" data-element_type=\"widget\" data-e-type=\"widget\" data-widget_type=\"heading.default\">\n\t\t\t\t<div class=\"elementor-widget-container\">\n\t\t\t\t\t<h4 class=\"elementor-heading-title elementor-size-default\">Appel \u00e0 candidature : stagiaire en statistique ou math\u00e9matiques appliqu\u00e9es \u00e0 la sante\n\n<\/h4>\t\t\t\t<\/div>\n\t\t\t\t<\/div>\n\t\t\t\t\t<\/div>\n\t\t<\/div>\n\t\t\t\t\t<\/div>\n\t\t<\/section>\n\t\t\t\t<section class=\"elementor-section elementor-top-section elementor-element elementor-element-5b31934 elementor-section-boxed elementor-section-height-default elementor-section-height-default\" data-id=\"5b31934\" data-element_type=\"section\" data-e-type=\"section\" data-settings=\"{&quot;background_background&quot;:&quot;classic&quot;}\">\n\t\t\t\t\t\t<div class=\"elementor-container elementor-column-gap-default\">\n\t\t\t\t\t<div class=\"elementor-column elementor-col-100 elementor-top-column elementor-element elementor-element-ee1703d\" data-id=\"ee1703d\" data-element_type=\"column\" data-e-type=\"column\">\n\t\t\t<div class=\"elementor-widget-wrap elementor-element-populated\">\n\t\t\t\t\t\t<div class=\"elementor-element elementor-element-3d5f78f elementor-widget elementor-widget-spacer\" data-id=\"3d5f78f\" data-element_type=\"widget\" data-e-type=\"widget\" data-widget_type=\"spacer.default\">\n\t\t\t\t<div class=\"elementor-widget-container\">\n\t\t\t\t\t\t\t<div class=\"elementor-spacer\">\n\t\t\t<div class=\"elementor-spacer-inner\"><\/div>\n\t\t<\/div>\n\t\t\t\t\t\t<\/div>\n\t\t\t\t<\/div>\n\t\t\t\t\t<\/div>\n\t\t<\/div>\n\t\t\t\t\t<\/div>\n\t\t<\/section>\n\t\t\t\t<section class=\"elementor-section elementor-top-section elementor-element elementor-element-47221d2 elementor-section-boxed elementor-section-height-default elementor-section-height-default\" data-id=\"47221d2\" data-element_type=\"section\" data-e-type=\"section\" data-settings=\"{&quot;background_background&quot;:&quot;classic&quot;}\">\n\t\t\t\t\t\t<div class=\"elementor-container elementor-column-gap-default\">\n\t\t\t\t\t<div class=\"elementor-column elementor-col-100 elementor-top-column elementor-element elementor-element-5f90565\" data-id=\"5f90565\" data-element_type=\"column\" data-e-type=\"column\">\n\t\t\t<div class=\"elementor-widget-wrap elementor-element-populated\">\n\t\t\t\t\t\t<div class=\"elementor-element elementor-element-4093ec6 elementor-widget elementor-widget-text-editor\" data-id=\"4093ec6\" data-element_type=\"widget\" data-e-type=\"widget\" data-widget_type=\"text-editor.default\">\n\t\t\t\t<div class=\"elementor-widget-container\">\n\t\t\t\t\t\t\t\t\t<p>M.A. SANTE [Meilleur Acc\u00e8s aux Soins de Sant\u00e9] est une ONG camerounaise bas\u00e9e \u00e0 Yaound\u00e9, cr\u00e9\u00e9e en 2006 avec pour objectif de contribuer \u00e0 l\u2019am\u00e9lioration de l\u2019acc\u00e8s aux soins de sant\u00e9 au Cameroun par la recherche, la formation en sant\u00e9 ainsi que la mise en \u0153uvre d\u2019interventions sanitaires. Ses activit\u00e9s sont organis\u00e9es \u00e0 partir de son si\u00e8ge \u00e0 Yaound\u00e9 et de ses sites d\u00e9centralis\u00e9s.<\/p>\n<p>Dans le cadre de son programme de renforcement des capacit\u00e9s en recherche, M.A. SANTE recherche <strong>deux (02) jeunes<\/strong> motiv\u00e9s pour faire carri\u00e8re comme statisticien dans le domaine de la recherche en sant\u00e9. \u00a0<\/p>\n<p>Les candidats int\u00e9ress\u00e9s et s\u00e9lectionn\u00e9s vont b\u00e9n\u00e9ficier d\u2019un stage d\u2019une dur\u00e9e de <strong>06 mois renouvelable une fois pour se familiariser aux activit\u00e9s de recherche afin d\u2019\u00eatre \u00e9valu\u00e9 pour un \u00e9ventuel recrutement. Le stage va porter sur\u00a0:<\/strong><\/p>\n<ul>\n<li>L\u2019exposition aux s\u00e9minaires et cours en ligne pay\u00e9s dans les domaines de statistique en sant\u00e9 et du modeling.<\/li>\n<li>La formation sur les logiciels d\u2019analyse des donn\u00e9es<\/li>\n<li>La r\u00e9daction des volets statistiques des protocoles d\u2019enqu\u00eate, d\u2019\u00e9tudes longitudinales, d\u2019\u00e9tudes observationnelles analytique de type cas t\u00e9moins et cohorte, d\u2019essais clinique et d\u2019essais de terrain et, de revue syst\u00e9matique.<\/li>\n<li>Le pr\u00e9-test des protocoles et outils de collecte des donn\u00e9es.<\/li>\n<li>Le suivi de la collecte des donn\u00e9es.<\/li>\n<li>Le traitement des donn\u00e9s.<\/li>\n<li>L\u2019analyse des donn\u00e9es d\u2019enqu\u00eate, d\u2019\u00e9tudes longitudinales, d\u2019\u00e9tudes observationnelles analytique de type cas t\u00e9moins et cohorte, d\u2019essais clinique.<\/li>\n<\/ul>\n<p><strong>Lieu du Stage : \u00a0Bureau central de M.A. SANTE \u00e0 Yaound\u00e9<\/strong><\/p>\n<p><strong>Eligibilit\u00e9 <\/strong><\/p>\n<p>-\u00catre titulaire d\u2019une licence en Statistique ou en Math\u00e9matiques Appliqu\u00e9es\u00a0;<\/p>\n<p>&#8211; Avoir obtenu sa licence il y\u2019a moins de deux ans.<\/p>\n<p><strong>Composition du dossier<\/strong><\/p>\n<p>\u2013 Curriculum vitae de deux pages maximums (avec publication).<\/p>\n<p>\u2013 Tout document justifiant de ses qualifications.<\/p>\n<p>\u2013 Lettre de motivation de moins de 300 mots, adress\u00e9e au directeur scientifique de M.A. SANTE.<\/p>\n<p>\u2013 Copie du dipl\u00f4me ou de l\u2019attestation de r\u00e9ussite.<\/p>\n<p>\u2013 Photocopie de la carte d\u2019identit\u00e9 nationale.<\/p>\n<p>Pour les dossiers soumis par courrier \u00e9lectronique, les documents doivent \u00eatre envoy\u00e9s en format PDF dans un seul fichier (Nom Pr\u00e9nom.pdf).<\/p>\n<p><strong>Comment postuler ?<\/strong><\/p>\n<p>Les candidatures doivent \u00eatre d\u00e9pos\u00e9es au plus tard le\u00a0<strong>30\/04\/2025\u00a0<\/strong>\u00e0 17 heures au si\u00e8ge de l\u2019Association : Yaound\u00e9, quartier Biyem-Assi Lac, en face du Centre Educatif Tyrannus ; ou envoy\u00e9es \u00e0 l\u2019adresse suivante :\u00a0<a href=\"mailto:secretariat@masante-cam.org\">secretariat@masante-cam.org<\/a>\u00a0avec copie \u00e0 <a href=\"mailto:cmmassante@gmail.com\">cmmassante@gmail.com<\/a> et <a href=\"mailto:jateudj@yahoo.fr\">jateudj@yahoo.fr<\/a>.<\/p>\n<p>Les candidatures re\u00e7ues apr\u00e8s la date limite ou ne remplissant pas toutes les conditions ne seront pas prises en consid\u00e9ration.<\/p>\n<p>Seuls les candidats pr\u00e9s\u00e9lectionn\u00e9s seront contact\u00e9s pour des auditions.<\/p>\n<p>\u00a0<\/p>\t\t\t\t\t\t\t\t<\/div>\n\t\t\t\t<\/div>\n\t\t\t\t\t<\/div>\n\t\t<\/div>\n\t\t\t\t\t<\/div>\n\t\t<\/section>\n\t\t\t\t<\/div>\n\t\t","protected":false},"excerpt":{"rendered":"<p>Appel \u00e0 candidature : stagiaire en statistique ou math\u00e9matiques appliqu\u00e9es \u00e0 la sante M.A. SANTE [Meilleur Acc\u00e8s aux Soins de Sant\u00e9] est une ONG camerounaise bas\u00e9e \u00e0 Yaound\u00e9, cr\u00e9\u00e9e en 2006 avec pour objectif de contribuer \u00e0 l\u2019am\u00e9lioration de l\u2019acc\u00e8s aux soins de sant\u00e9 au Cameroun par la recherche, la formation en sant\u00e9 ainsi que [&hellip;]<\/p>\n","protected":false},"author":1,"featured_media":0,"parent":0,"menu_order":0,"comment_status":"closed","ping_status":"closed","template":"elementor_header_footer","meta":{"_eb_attr":"","om_disable_all_campaigns":false,"_exactmetrics_skip_tracking":false,"_exactmetrics_sitenote_active":false,"_exactmetrics_sitenote_note":"","_exactmetrics_sitenote_category":0,"_monsterinsights_skip_tracking":false,"_monsterinsights_sitenote_active":false,"_monsterinsights_sitenote_note":"","_monsterinsights_sitenote_category":0,"site-sidebar-layout":"default","site-content-layout":"","ast-site-content-layout":"default","site-content-style":"default","site-sidebar-style":"default","ast-global-header-display":"","ast-banner-title-visibility":"","ast-main-header-display":"","ast-hfb-above-header-display":"","ast-hfb-below-header-display":"","ast-hfb-mobile-header-display":"","site-post-title":"","ast-breadcrumbs-content":"","ast-featured-img":"","footer-sml-layout":"","ast-disable-related-posts":"","theme-transparent-header-meta":"","adv-header-id-meta":"","stick-header-meta":"","header-above-stick-meta":"","header-main-stick-meta":"","header-below-stick-meta":"","astra-migrate-meta-layouts":"set","ast-page-background-enabled":"default","ast-page-background-meta":{"desktop":{"background-color":"","background-image":"","background-repeat":"repeat","background-position":"center center","background-size":"auto","background-attachment":"scroll","background-type":"","background-media":"","overlay-type":"","overlay-color":"","overlay-opacity":"","overlay-gradient":""},"tablet":{"background-color":"","background-image":"","background-repeat":"repeat","background-position":"center center","background-size":"auto","background-attachment":"scroll","background-type":"","background-media":"","overlay-type":"","overlay-color":"","overlay-opacity":"","overlay-gradient":""},"mobile":{"background-color":"","background-image":"","background-repeat":"repeat","background-position":"center center","background-size":"auto","background-attachment":"scroll","background-type":"","background-media":"","overlay-type":"","overlay-color":"","overlay-opacity":"","overlay-gradient":""}},"ast-content-background-meta":{"desktop":{"background-color":"var(--ast-global-color-5)","background-image":"","background-repeat":"repeat","background-position":"center center","background-size":"auto","background-attachment":"scroll","background-type":"","background-media":"","overlay-type":"","overlay-color":"","overlay-opacity":"","overlay-gradient":""},"tablet":{"background-color":"var(--ast-global-color-5)","background-image":"","background-repeat":"repeat","background-position":"center center","background-size":"auto","background-attachment":"scroll","background-type":"","background-media":"","overlay-type":"","overlay-color":"","overlay-opacity":"","overlay-gradient":""},"mobile":{"background-color":"var(--ast-global-color-5)","background-image":"","background-repeat":"repeat","background-position":"center center","background-size":"auto","background-attachment":"scroll","background-type":"","background-media":"","overlay-type":"","overlay-color":"","overlay-opacity":"","overlay-gradient":""}},"footnotes":""},"class_list":["post-3700","page","type-page","status-publish","hentry"],"aioseo_notices":[],"_links":{"self":[{"href":"https:\/\/masante-cam.org\/masante\/en\/wp-json\/wp\/v2\/pages\/3700","targetHints":{"allow":["GET"]}}],"collection":[{"href":"https:\/\/masante-cam.org\/masante\/en\/wp-json\/wp\/v2\/pages"}],"about":[{"href":"https:\/\/masante-cam.org\/masante\/en\/wp-json\/wp\/v2\/types\/page"}],"author":[{"embeddable":true,"href":"https:\/\/masante-cam.org\/masante\/en\/wp-json\/wp\/v2\/users\/1"}],"replies":[{"embeddable":true,"href":"https:\/\/masante-cam.org\/masante\/en\/wp-json\/wp\/v2\/comments?post=3700"}],"version-history":[{"count":16,"href":"https:\/\/masante-cam.org\/masante\/en\/wp-json\/wp\/v2\/pages\/3700\/revisions"}],"predecessor-version":[{"id":3716,"href":"https:\/\/masante-cam.org\/masante\/en\/wp-json\/wp\/v2\/pages\/3700\/revisions\/3716"}],"wp:attachment":[{"href":"https:\/\/masante-cam.org\/masante\/en\/wp-json\/wp\/v2\/media?parent=3700"}],"curies":[{"name":"wp","href":"https:\/\/api.w.org\/{rel}","templated":true}]}}