{"id":3840,"date":"2025-10-31T11:48:41","date_gmt":"2025-10-31T10:48:41","guid":{"rendered":"https:\/\/masante-cam.org\/masante\/?page_id=3840"},"modified":"2025-10-31T12:33:47","modified_gmt":"2025-10-31T11:33:47","slug":"enquete-nationale-du-projet-syphilis-free-start","status":"publish","type":"page","link":"https:\/\/masante-cam.org\/masante\/en\/enquete-nationale-du-projet-syphilis-free-start\/","title":{"rendered":"Enqu\u00eate nationale du projet \u00ab\u00a0Syphilis-Free Start\u00a0\u00bb"},"content":{"rendered":"<div data-elementor-type=\"wp-page\" data-elementor-id=\"3840\" class=\"elementor elementor-3840\">\n\t\t\t\t\t\t<section class=\"elementor-section elementor-top-section elementor-element elementor-element-8d28b03 elementor-section-boxed elementor-section-height-default elementor-section-height-default\" data-id=\"8d28b03\" data-element_type=\"section\" data-e-type=\"section\">\n\t\t\t\t\t\t<div class=\"elementor-container elementor-column-gap-default\">\n\t\t\t\t\t<div class=\"elementor-column elementor-col-50 elementor-top-column elementor-element elementor-element-74cc827\" data-id=\"74cc827\" data-element_type=\"column\" data-e-type=\"column\">\n\t\t\t<div class=\"elementor-widget-wrap elementor-element-populated\">\n\t\t\t\t\t\t<div class=\"elementor-element elementor-element-55f7972 elementor-widget elementor-widget-text-editor\" data-id=\"55f7972\" data-element_type=\"widget\" data-e-type=\"widget\" data-widget_type=\"text-editor.default\">\n\t\t\t\t<div class=\"elementor-widget-container\">\n\t\t\t\t\t\t\t\t\t<p>Financ\u00e9 par Evidence Action et mis en \u0153uvre par le M.A. SANTE en partenariat avec le Minist\u00e8re de la Sant\u00e9 Publique du Cameroun, l&rsquo;enqu\u00eate nationale du projet \u00ab\u00a0Syphilis-Free Start\u00a0\u00bb s&rsquo;est d\u00e9roul\u00e9e avec succ\u00e8s en septembre-octobre 2025 dans les 10 r\u00e9gions du pays. Ce projet visait \u00e0 \u00e9valuer l&rsquo;utilisation des tests doubles VIH\/syphilis et l&rsquo;efficacit\u00e9 du d\u00e9pistage et traitement de la syphilis chez les femmes enceintes dans 43 formations sanitaires. Les donn\u00e9es recueillies permettront d&rsquo;am\u00e9liorer la couverture des services de sant\u00e9 maternelle et de renforcer la lutte contre la transmission m\u00e8re-enfant de la syphilis.<\/p>\t\t\t\t\t\t\t\t<\/div>\n\t\t\t\t<\/div>\n\t\t\t\t\t<\/div>\n\t\t<\/div>\n\t\t\t\t<div class=\"elementor-column elementor-col-50 elementor-top-column elementor-element elementor-element-7fb5727\" data-id=\"7fb5727\" data-element_type=\"column\" data-e-type=\"column\">\n\t\t\t<div class=\"elementor-widget-wrap elementor-element-populated\">\n\t\t\t\t\t\t<div class=\"elementor-element elementor-element-1c382d2 elementor-widget elementor-widget-image\" data-id=\"1c382d2\" data-element_type=\"widget\" data-e-type=\"widget\" data-widget_type=\"image.default\">\n\t\t\t\t<div class=\"elementor-widget-container\">\n\t\t\t\t\t\t\t\t\t\t\t\t\t\t\t<img fetchpriority=\"high\" decoding=\"async\" width=\"768\" height=\"1024\" src=\"https:\/\/masante-cam.org\/masante\/wp-content\/uploads\/2025\/10\/syphilis-free1.jpg\" class=\"attachment-large size-large wp-image-3842\" alt=\"\" srcset=\"https:\/\/masante-cam.org\/masante\/wp-content\/uploads\/2025\/10\/syphilis-free1.jpg 768w, https:\/\/masante-cam.org\/masante\/wp-content\/uploads\/2025\/10\/syphilis-free1-225x300.jpg 225w, https:\/\/masante-cam.org\/masante\/wp-content\/uploads\/2025\/10\/syphilis-free1-9x12.jpg 9w\" sizes=\"(max-width: 768px) 100vw, 768px\" \/>\t\t\t\t\t\t\t\t\t\t\t\t\t\t\t<\/div>\n\t\t\t\t<\/div>\n\t\t\t\t\t<\/div>\n\t\t<\/div>\n\t\t\t\t\t<\/div>\n\t\t<\/section>\n\t\t\t\t<\/div>","protected":false},"excerpt":{"rendered":"<p>Financ\u00e9 par Evidence Action et mis en \u0153uvre par le M.A. SANTE en partenariat avec le Minist\u00e8re de la Sant\u00e9 Publique du Cameroun, l&rsquo;enqu\u00eate nationale du projet \u00ab\u00a0Syphilis-Free Start\u00a0\u00bb s&rsquo;est d\u00e9roul\u00e9e avec succ\u00e8s en septembre-octobre 2025 dans les 10 r\u00e9gions du pays. Ce projet visait \u00e0 \u00e9valuer l&rsquo;utilisation des tests doubles VIH\/syphilis et l&rsquo;efficacit\u00e9 du [&hellip;]<\/p>\n","protected":false},"author":1,"featured_media":0,"parent":0,"menu_order":0,"comment_status":"closed","ping_status":"closed","template":"","meta":{"_eb_attr":"","om_disable_all_campaigns":false,"_exactmetrics_skip_tracking":false,"_exactmetrics_sitenote_active":false,"_exactmetrics_sitenote_note":"","_exactmetrics_sitenote_category":0,"_monsterinsights_skip_tracking":false,"_monsterinsights_sitenote_active":false,"_monsterinsights_sitenote_note":"","_monsterinsights_sitenote_category":0,"site-sidebar-layout":"no-sidebar","site-content-layout":"page-builder","ast-site-content-layout":"full-width-container","site-content-style":"default","site-sidebar-style":"default","ast-global-header-display":"","ast-banner-title-visibility":"","ast-main-header-display":"","ast-hfb-above-header-display":"","ast-hfb-below-header-display":"","ast-hfb-mobile-header-display":"","site-post-title":"","ast-breadcrumbs-content":"","ast-featured-img":"disabled","footer-sml-layout":"","ast-disable-related-posts":"","theme-transparent-header-meta":"","adv-header-id-meta":"","stick-header-meta":"","header-above-stick-meta":"","header-main-stick-meta":"","header-below-stick-meta":"","astra-migrate-meta-layouts":"set","ast-page-background-enabled":"default","ast-page-background-meta":{"desktop":{"background-color":"","background-image":"","background-repeat":"repeat","background-position":"center center","background-size":"auto","background-attachment":"scroll","background-type":"","background-media":"","overlay-type":"","overlay-color":"","overlay-opacity":"","overlay-gradient":""},"tablet":{"background-color":"","background-image":"","background-repeat":"repeat","background-position":"center center","background-size":"auto","background-attachment":"scroll","background-type":"","background-media":"","overlay-type":"","overlay-color":"","overlay-opacity":"","overlay-gradient":""},"mobile":{"background-color":"","background-image":"","background-repeat":"repeat","background-position":"center center","background-size":"auto","background-attachment":"scroll","background-type":"","background-media":"","overlay-type":"","overlay-color":"","overlay-opacity":"","overlay-gradient":""}},"ast-content-background-meta":{"desktop":{"background-color":"var(--ast-global-color-5)","background-image":"","background-repeat":"repeat","background-position":"center center","background-size":"auto","background-attachment":"scroll","background-type":"","background-media":"","overlay-type":"","overlay-color":"","overlay-opacity":"","overlay-gradient":""},"tablet":{"background-color":"var(--ast-global-color-5)","background-image":"","background-repeat":"repeat","background-position":"center center","background-size":"auto","background-attachment":"scroll","background-type":"","background-media":"","overlay-type":"","overlay-color":"","overlay-opacity":"","overlay-gradient":""},"mobile":{"background-color":"var(--ast-global-color-5)","background-image":"","background-repeat":"repeat","background-position":"center center","background-size":"auto","background-attachment":"scroll","background-type":"","background-media":"","overlay-type":"","overlay-color":"","overlay-opacity":"","overlay-gradient":""}},"footnotes":""},"class_list":["post-3840","page","type-page","status-publish","hentry"],"aioseo_notices":[],"_links":{"self":[{"href":"https:\/\/masante-cam.org\/masante\/en\/wp-json\/wp\/v2\/pages\/3840","targetHints":{"allow":["GET"]}}],"collection":[{"href":"https:\/\/masante-cam.org\/masante\/en\/wp-json\/wp\/v2\/pages"}],"about":[{"href":"https:\/\/masante-cam.org\/masante\/en\/wp-json\/wp\/v2\/types\/page"}],"author":[{"embeddable":true,"href":"https:\/\/masante-cam.org\/masante\/en\/wp-json\/wp\/v2\/users\/1"}],"replies":[{"embeddable":true,"href":"https:\/\/masante-cam.org\/masante\/en\/wp-json\/wp\/v2\/comments?post=3840"}],"version-history":[{"count":10,"href":"https:\/\/masante-cam.org\/masante\/en\/wp-json\/wp\/v2\/pages\/3840\/revisions"}],"predecessor-version":[{"id":3865,"href":"https:\/\/masante-cam.org\/masante\/en\/wp-json\/wp\/v2\/pages\/3840\/revisions\/3865"}],"wp:attachment":[{"href":"https:\/\/masante-cam.org\/masante\/en\/wp-json\/wp\/v2\/media?parent=3840"}],"curies":[{"name":"wp","href":"https:\/\/api.w.org\/{rel}","templated":true}]}}