{"id":1404,"date":"2023-04-14T10:20:40","date_gmt":"2023-04-14T08:20:40","guid":{"rendered":"http:\/\/masante-cam.org\/masante\/?page_id=1404"},"modified":"2023-10-30T10:40:15","modified_gmt":"2023-10-30T09:40:15","slug":"recherche","status":"publish","type":"page","link":"https:\/\/masante-cam.org\/masante\/recherche\/","title":{"rendered":"RECHERCHE"},"content":{"rendered":"\t\t<div data-elementor-type=\"wp-page\" data-elementor-id=\"1404\" class=\"elementor elementor-1404\">\n\t\t\t\t\t\t<section class=\"elementor-section elementor-top-section elementor-element elementor-element-14b22e3 elementor-section-boxed elementor-section-height-default elementor-section-height-default\" data-id=\"14b22e3\" data-element_type=\"section\" data-e-type=\"section\" data-settings=\"{&quot;background_background&quot;:&quot;classic&quot;}\">\n\t\t\t\t\t\t<div class=\"elementor-container elementor-column-gap-default\">\n\t\t\t\t\t<div class=\"elementor-column elementor-col-100 elementor-top-column elementor-element elementor-element-72f648d\" data-id=\"72f648d\" data-element_type=\"column\" data-e-type=\"column\">\n\t\t\t<div class=\"elementor-widget-wrap elementor-element-populated\">\n\t\t\t\t\t\t<div class=\"elementor-element elementor-element-46e52e2 elementor-widget elementor-widget-shortcode\" data-id=\"46e52e2\" data-element_type=\"widget\" data-e-type=\"widget\" data-widget_type=\"shortcode.default\">\n\t\t\t\t<div class=\"elementor-widget-container\">\n\t\t\t\t\t\t\t<div class=\"elementor-shortcode\"><\/div>\n\t\t\t\t\t\t<\/div>\n\t\t\t\t<\/div>\n\t\t\t\t\t<\/div>\n\t\t<\/div>\n\t\t\t\t\t<\/div>\n\t\t<\/section>\n\t\t\t\t<section class=\"elementor-section elementor-top-section elementor-element elementor-element-a1d87a1 elementor-section-boxed elementor-section-height-default elementor-section-height-default\" data-id=\"a1d87a1\" data-element_type=\"section\" data-e-type=\"section\" data-settings=\"{&quot;background_background&quot;:&quot;classic&quot;}\">\n\t\t\t\t\t\t<div class=\"elementor-container elementor-column-gap-default\">\n\t\t\t\t\t<div class=\"elementor-column elementor-col-100 elementor-top-column elementor-element elementor-element-b9c00f7\" data-id=\"b9c00f7\" data-element_type=\"column\" data-e-type=\"column\">\n\t\t\t<div class=\"elementor-widget-wrap elementor-element-populated\">\n\t\t\t\t\t\t<div class=\"elementor-element elementor-element-dd46dfa elementor-widget elementor-widget-spacer\" data-id=\"dd46dfa\" data-element_type=\"widget\" data-e-type=\"widget\" data-widget_type=\"spacer.default\">\n\t\t\t\t<div class=\"elementor-widget-container\">\n\t\t\t\t\t\t\t<div class=\"elementor-spacer\">\n\t\t\t<div class=\"elementor-spacer-inner\"><\/div>\n\t\t<\/div>\n\t\t\t\t\t\t<\/div>\n\t\t\t\t<\/div>\n\t\t\t\t\t<\/div>\n\t\t<\/div>\n\t\t\t\t\t<\/div>\n\t\t<\/section>\n\t\t\t\t<section class=\"elementor-section elementor-top-section elementor-element elementor-element-d0c7859 elementor-section-boxed elementor-section-height-default elementor-section-height-default\" data-id=\"d0c7859\" data-element_type=\"section\" data-e-type=\"section\" data-settings=\"{&quot;background_background&quot;:&quot;classic&quot;}\">\n\t\t\t\t\t\t<div class=\"elementor-container elementor-column-gap-default\">\n\t\t\t\t\t<div class=\"elementor-column elementor-col-100 elementor-top-column elementor-element elementor-element-da848da\" data-id=\"da848da\" data-element_type=\"column\" data-e-type=\"column\">\n\t\t\t<div class=\"elementor-widget-wrap elementor-element-populated\">\n\t\t\t\t\t\t<div class=\"elementor-element elementor-element-b32234e elementor-widget elementor-widget-text-editor\" data-id=\"b32234e\" data-element_type=\"widget\" data-e-type=\"widget\" data-widget_type=\"text-editor.default\">\n\t\t\t\t<div class=\"elementor-widget-container\">\n\t\t\t\t\t\t\t\t\t<p>Une tranche importante des fardeaux associes aux probl\u00e8mes de sante particuliers aux populations vuln\u00e9rables est associe \u00e0 l\u2019insuffisance d\u2019\u00e9vidence pour la r\u00e9ponse ad\u00e9quate.\u00a0 Le la situation est plus pr\u00e9occupante dans le contexte africain pour les maladies infectieuses, a potentiel \u00e9pid\u00e9mique, chroniques et \u00e9mergentes ; l\u2019acc\u00e8s p\u00e9renne aux m\u00e9dicaments, vaccins et interventions sanitaires efficients pour le control des probl\u00e8mes de sante. M.A. SANTE s\u2019est engag\u00e9 depuis sa cr\u00e9ation \u00e0 contribuer \u00e0 l\u2019am\u00e9lioration de l\u2019acc\u00e8s des populations aux soins en menant des projets de recherche ciblant un certain nombre de domaines prioritaires notamment\u00a0:<\/p><p>1- Pr\u00e9vention des \u00e9pid\u00e9mies et les maladies infectieuses\u00a0;<\/p><p>2- Acc\u00e8s aux m\u00e9dicaments et vaccins\u00a0;<\/p><p>3- Surveillance pharmacovigilance ;<\/p><p>4- Acc\u00e8s \u00e0 l\u2019eau potable, hygi\u00e8ne et l\u2019assainissement de l\u2019environnement;<\/p><p>5- Lutte contre les maladies chroniques et cancer ;<\/p><p>6- Syst\u00e8me de Sant\u00e9 et offre des soins ;<\/p><p>7- Protection des participants \u00e0 la recherche.<\/p>\t\t\t\t\t\t\t\t<\/div>\n\t\t\t\t<\/div>\n\t\t\t\t\t<\/div>\n\t\t<\/div>\n\t\t\t\t\t<\/div>\n\t\t<\/section>\n\t\t\t\t<\/div>\n\t\t","protected":false},"excerpt":{"rendered":"<p>Une tranche importante des fardeaux associes aux probl\u00e8mes de sante particuliers aux populations vuln\u00e9rables est associe \u00e0 l\u2019insuffisance d\u2019\u00e9vidence pour la r\u00e9ponse ad\u00e9quate.\u00a0 Le la situation est plus pr\u00e9occupante dans le contexte africain pour les maladies infectieuses, a potentiel \u00e9pid\u00e9mique, chroniques et \u00e9mergentes ; l\u2019acc\u00e8s p\u00e9renne aux m\u00e9dicaments, vaccins et interventions sanitaires efficients pour le [&hellip;]<\/p>\n","protected":false},"author":1,"featured_media":0,"parent":0,"menu_order":0,"comment_status":"closed","ping_status":"closed","template":"","meta":{"_eb_attr":"","om_disable_all_campaigns":false,"_exactmetrics_skip_tracking":false,"_exactmetrics_sitenote_active":false,"_exactmetrics_sitenote_note":"","_exactmetrics_sitenote_category":0,"_monsterinsights_skip_tracking":false,"_monsterinsights_sitenote_active":false,"_monsterinsights_sitenote_note":"","_monsterinsights_sitenote_category":0,"site-sidebar-layout":"no-sidebar","site-content-layout":"page-builder","ast-site-content-layout":"default","site-content-style":"default","site-sidebar-style":"default","ast-global-header-display":"","ast-banner-title-visibility":"","ast-main-header-display":"","ast-hfb-above-header-display":"","ast-hfb-below-header-display":"","ast-hfb-mobile-header-display":"","site-post-title":"disabled","ast-breadcrumbs-content":"","ast-featured-img":"disabled","footer-sml-layout":"","ast-disable-related-posts":"","theme-transparent-header-meta":"","adv-header-id-meta":"","stick-header-meta":"","header-above-stick-meta":"","header-main-stick-meta":"","header-below-stick-meta":"","astra-migrate-meta-layouts":"default","ast-page-background-enabled":"default","ast-page-background-meta":{"desktop":{"background-color":"","background-image":"","background-repeat":"repeat","background-position":"center center","background-size":"auto","background-attachment":"scroll","background-type":"","background-media":"","overlay-type":"","overlay-color":"","overlay-opacity":"","overlay-gradient":""},"tablet":{"background-color":"","background-image":"","background-repeat":"repeat","background-position":"center center","background-size":"auto","background-attachment":"scroll","background-type":"","background-media":"","overlay-type":"","overlay-color":"","overlay-opacity":"","overlay-gradient":""},"mobile":{"background-color":"","background-image":"","background-repeat":"repeat","background-position":"center center","background-size":"auto","background-attachment":"scroll","background-type":"","background-media":"","overlay-type":"","overlay-color":"","overlay-opacity":"","overlay-gradient":""}},"ast-content-background-meta":{"desktop":{"background-color":"var(--ast-global-color-5)","background-image":"","background-repeat":"repeat","background-position":"center center","background-size":"auto","background-attachment":"scroll","background-type":"","background-media":"","overlay-type":"","overlay-color":"","overlay-opacity":"","overlay-gradient":""},"tablet":{"background-color":"var(--ast-global-color-5)","background-image":"","background-repeat":"repeat","background-position":"center center","background-size":"auto","background-attachment":"scroll","background-type":"","background-media":"","overlay-type":"","overlay-color":"","overlay-opacity":"","overlay-gradient":""},"mobile":{"background-color":"var(--ast-global-color-5)","background-image":"","background-repeat":"repeat","background-position":"center center","background-size":"auto","background-attachment":"scroll","background-type":"","background-media":"","overlay-type":"","overlay-color":"","overlay-opacity":"","overlay-gradient":""}},"footnotes":""},"class_list":["post-1404","page","type-page","status-publish","hentry"],"aioseo_notices":[],"_links":{"self":[{"href":"https:\/\/masante-cam.org\/masante\/wp-json\/wp\/v2\/pages\/1404","targetHints":{"allow":["GET"]}}],"collection":[{"href":"https:\/\/masante-cam.org\/masante\/wp-json\/wp\/v2\/pages"}],"about":[{"href":"https:\/\/masante-cam.org\/masante\/wp-json\/wp\/v2\/types\/page"}],"author":[{"embeddable":true,"href":"https:\/\/masante-cam.org\/masante\/wp-json\/wp\/v2\/users\/1"}],"replies":[{"embeddable":true,"href":"https:\/\/masante-cam.org\/masante\/wp-json\/wp\/v2\/comments?post=1404"}],"version-history":[{"count":49,"href":"https:\/\/masante-cam.org\/masante\/wp-json\/wp\/v2\/pages\/1404\/revisions"}],"predecessor-version":[{"id":2294,"href":"https:\/\/masante-cam.org\/masante\/wp-json\/wp\/v2\/pages\/1404\/revisions\/2294"}],"wp:attachment":[{"href":"https:\/\/masante-cam.org\/masante\/wp-json\/wp\/v2\/media?parent=1404"}],"curies":[{"name":"wp","href":"https:\/\/api.w.org\/{rel}","templated":true}]}}