{"id":1568,"date":"2023-04-19T11:50:15","date_gmt":"2023-04-19T09:50:15","guid":{"rendered":"http:\/\/masante-cam.org\/masante\/?page_id=1568"},"modified":"2023-04-19T11:52:49","modified_gmt":"2023-04-19T09:52:49","slug":"articles-de-2018","status":"publish","type":"page","link":"https:\/\/masante-cam.org\/masante\/articles-de-2018\/","title":{"rendered":"Articles de 2018"},"content":{"rendered":"\t\t<div data-elementor-type=\"wp-page\" data-elementor-id=\"1568\" class=\"elementor elementor-1568\">\n\t\t\t\t\t\t<section class=\"elementor-section elementor-top-section elementor-element elementor-element-e8e9285 elementor-section-boxed elementor-section-height-default elementor-section-height-default\" data-id=\"e8e9285\" data-element_type=\"section\" data-e-type=\"section\">\n\t\t\t\t\t\t<div class=\"elementor-container elementor-column-gap-default\">\n\t\t\t\t\t<div class=\"elementor-column elementor-col-100 elementor-top-column elementor-element elementor-element-41a5961\" data-id=\"41a5961\" data-element_type=\"column\" data-e-type=\"column\">\n\t\t\t<div class=\"elementor-widget-wrap elementor-element-populated\">\n\t\t\t\t\t\t<div class=\"elementor-element elementor-element-2c67bc7 elementor-widget elementor-widget-heading\" data-id=\"2c67bc7\" data-element_type=\"widget\" data-e-type=\"widget\" data-widget_type=\"heading.default\">\n\t\t\t\t<div class=\"elementor-widget-container\">\n\t\t\t\t\t<h2 class=\"elementor-heading-title elementor-size-default\">Article de 2018<\/h2>\t\t\t\t<\/div>\n\t\t\t\t<\/div>\n\t\t\t\t\t<\/div>\n\t\t<\/div>\n\t\t\t\t\t<\/div>\n\t\t<\/section>\n\t\t\t\t<section class=\"elementor-section elementor-top-section elementor-element elementor-element-bcc73a3 elementor-section-boxed elementor-section-height-default elementor-section-height-default\" data-id=\"bcc73a3\" data-element_type=\"section\" data-e-type=\"section\" data-settings=\"{&quot;background_background&quot;:&quot;classic&quot;}\">\n\t\t\t\t\t\t<div class=\"elementor-container elementor-column-gap-default\">\n\t\t\t\t\t<div class=\"elementor-column elementor-col-100 elementor-top-column elementor-element elementor-element-58661ed\" data-id=\"58661ed\" data-element_type=\"column\" data-e-type=\"column\">\n\t\t\t<div class=\"elementor-widget-wrap elementor-element-populated\">\n\t\t\t\t\t\t<div class=\"elementor-element elementor-element-91f2a9c elementor-widget elementor-widget-text-editor\" data-id=\"91f2a9c\" data-element_type=\"widget\" data-e-type=\"widget\" data-widget_type=\"text-editor.default\">\n\t\t\t\t<div class=\"elementor-widget-container\">\n\t\t\t\t\t\t\t\t\t<div class=\"fusion-text\"><p>Ajong AB, Njotang PN, Kenfack B, Essi MJ, Yakum MN<strong>,\u00a0<\/strong>Iballa FBS, et al.\u00a0<strong>Contraceptive method mix and preference: A focus on long acting reversible contraception in Urban Cameroon<\/strong>. PLoS ONE. 2018;13(8): e0202967.\u00a0<a href=\"https:\/\/doi.org\/10.1371\/journal.pone.0202967\">https:\/\/doi.org\/10.1371\/journal.pone.0202967<\/a><\/p><\/div><div class=\"fusion-text\"><p>Ajong AB, Njotang PN, Nghoniji NE, Essi MJ, Yakum MN, Agbor VN, Kenfack B.\u00a0<strong>Quantification and determinants of HIV-related stigma among patients accessing antiretroviral therapy in the Bamenda Regional Hospital, North West Region of Cameroon.<\/strong>\u00a0Globalization and Health. 2018\u00a0;14:56.\u00a0<a href=\"https:\/\/doi.org\/10.1186\/s12992-018-0374-5\">https:\/\/doi.org\/10.1186\/s12992-018-0374-5<\/a><\/p><\/div><div class=\"fusion-text\"><p>Edietah EE, Njotang PN, Ajong AB, Essi MJ, Yakum MN<strong>,\u00a0<\/strong>Mbu ER.\u00a0<strong>Contraceptive use and determinants of unmet need for family planning; a cross sectional survey in the North West Region,Cameroon.<\/strong>BMC Women\u2019s Health. 2018;18:171.\u00a0<a href=\"https:\/\/doi.org\/10.1186\/s12905-018-0660-7\">https:\/\/doi.org\/10.1186\/s12905-018-0660-7<\/a><\/p><\/div><div class=\"fusion-text\"><p>Ateudjieu J, Beyala BL, Guenou E, Njimbia CA, Chukuwchindun AB, Goura Koukoum AP, Zoung-Kani Bisseck AC.\u00a0<strong>Profil et antibiosensibilit\u00e9 des bact\u00e9ries pathog\u00e8nes associ\u00e9es aux diarrh\u00e9es chez les patients consultant \u00e0 l\u2019H\u00f4pital R\u00e9gional Annexe de Kousseri, Extr\u00eame-NordCameroun<\/strong>.ThePanAfricanMedicalJournal.2018;29:170.doi:10.11604\/pamj.2018.29.170.14296.\u00a0<a href=\"http:\/\/www.panafrican-med-journal.com\/content\/article\/29\/170\/full\">http:\/\/www.panafrican-med-journal.com\/content\/article\/29\/170\/full<\/a><\/p><\/div><div class=\"fusion-text\"><p>Ateudjieu J, Muhamed MA, Yakum NM, Bayiha EJ, Vukugah AT, Watcho P, Zoung-Kanyi Bissek\u00a0<strong>Assessing The Availability And Readiness Of Diabetes Healthcare Service In The West Region Of Cameroon<\/strong>. International Journal of Advanced Research and Publications. 2018;2(2):79-84.\u00a0<a href=\"http:\/\/www.ijarp.org\/online-papers-publishing\/feb2018.html\">http:\/\/www.ijarp.org\/online-papers-publishing\/feb2018.html<\/a><\/p><\/div>\t\t\t\t\t\t\t\t<\/div>\n\t\t\t\t<\/div>\n\t\t\t\t\t<\/div>\n\t\t<\/div>\n\t\t\t\t\t<\/div>\n\t\t<\/section>\n\t\t\t\t<\/div>\n\t\t","protected":false},"excerpt":{"rendered":"<p>Article de 2018 Ajong AB, Njotang PN, Kenfack B, Essi MJ, Yakum MN,\u00a0Iballa FBS, et al.\u00a0Contraceptive method mix and preference: A focus on long acting reversible contraception in Urban Cameroon. PLoS ONE. 2018;13(8): e0202967.\u00a0https:\/\/doi.org\/10.1371\/journal.pone.0202967 Ajong AB, Njotang PN, Nghoniji NE, Essi MJ, Yakum MN, Agbor VN, Kenfack B.\u00a0Quantification and determinants of HIV-related stigma among patients [&hellip;]<\/p>\n","protected":false},"author":1,"featured_media":0,"parent":0,"menu_order":0,"comment_status":"closed","ping_status":"closed","template":"","meta":{"_eb_attr":"","om_disable_all_campaigns":false,"_exactmetrics_skip_tracking":false,"_exactmetrics_sitenote_active":false,"_exactmetrics_sitenote_note":"","_exactmetrics_sitenote_category":0,"_monsterinsights_skip_tracking":false,"_monsterinsights_sitenote_active":false,"_monsterinsights_sitenote_note":"","_monsterinsights_sitenote_category":0,"site-sidebar-layout":"no-sidebar","site-content-layout":"page-builder","ast-site-content-layout":"default","site-content-style":"default","site-sidebar-style":"default","ast-global-header-display":"","ast-banner-title-visibility":"","ast-main-header-display":"","ast-hfb-above-header-display":"","ast-hfb-below-header-display":"","ast-hfb-mobile-header-display":"","site-post-title":"disabled","ast-breadcrumbs-content":"","ast-featured-img":"disabled","footer-sml-layout":"","ast-disable-related-posts":"","theme-transparent-header-meta":"","adv-header-id-meta":"","stick-header-meta":"","header-above-stick-meta":"","header-main-stick-meta":"","header-below-stick-meta":"","astra-migrate-meta-layouts":"default","ast-page-background-enabled":"default","ast-page-background-meta":{"desktop":{"background-color":"","background-image":"","background-repeat":"repeat","background-position":"center center","background-size":"auto","background-attachment":"scroll","background-type":"","background-media":"","overlay-type":"","overlay-color":"","overlay-opacity":"","overlay-gradient":""},"tablet":{"background-color":"","background-image":"","background-repeat":"repeat","background-position":"center center","background-size":"auto","background-attachment":"scroll","background-type":"","background-media":"","overlay-type":"","overlay-color":"","overlay-opacity":"","overlay-gradient":""},"mobile":{"background-color":"","background-image":"","background-repeat":"repeat","background-position":"center center","background-size":"auto","background-attachment":"scroll","background-type":"","background-media":"","overlay-type":"","overlay-color":"","overlay-opacity":"","overlay-gradient":""}},"ast-content-background-meta":{"desktop":{"background-color":"var(--ast-global-color-5)","background-image":"","background-repeat":"repeat","background-position":"center center","background-size":"auto","background-attachment":"scroll","background-type":"","background-media":"","overlay-type":"","overlay-color":"","overlay-opacity":"","overlay-gradient":""},"tablet":{"background-color":"var(--ast-global-color-5)","background-image":"","background-repeat":"repeat","background-position":"center center","background-size":"auto","background-attachment":"scroll","background-type":"","background-media":"","overlay-type":"","overlay-color":"","overlay-opacity":"","overlay-gradient":""},"mobile":{"background-color":"var(--ast-global-color-5)","background-image":"","background-repeat":"repeat","background-position":"center center","background-size":"auto","background-attachment":"scroll","background-type":"","background-media":"","overlay-type":"","overlay-color":"","overlay-opacity":"","overlay-gradient":""}},"footnotes":""},"class_list":["post-1568","page","type-page","status-publish","hentry"],"aioseo_notices":[],"_links":{"self":[{"href":"https:\/\/masante-cam.org\/masante\/wp-json\/wp\/v2\/pages\/1568","targetHints":{"allow":["GET"]}}],"collection":[{"href":"https:\/\/masante-cam.org\/masante\/wp-json\/wp\/v2\/pages"}],"about":[{"href":"https:\/\/masante-cam.org\/masante\/wp-json\/wp\/v2\/types\/page"}],"author":[{"embeddable":true,"href":"https:\/\/masante-cam.org\/masante\/wp-json\/wp\/v2\/users\/1"}],"replies":[{"embeddable":true,"href":"https:\/\/masante-cam.org\/masante\/wp-json\/wp\/v2\/comments?post=1568"}],"version-history":[{"count":4,"href":"https:\/\/masante-cam.org\/masante\/wp-json\/wp\/v2\/pages\/1568\/revisions"}],"predecessor-version":[{"id":1575,"href":"https:\/\/masante-cam.org\/masante\/wp-json\/wp\/v2\/pages\/1568\/revisions\/1575"}],"wp:attachment":[{"href":"https:\/\/masante-cam.org\/masante\/wp-json\/wp\/v2\/media?parent=1568"}],"curies":[{"name":"wp","href":"https:\/\/api.w.org\/{rel}","templated":true}]}}