{"id":2130,"date":"2023-08-01T09:41:34","date_gmt":"2023-08-01T07:41:34","guid":{"rendered":"https:\/\/masante-cam.org\/masante\/?page_id=2130"},"modified":"2023-08-01T09:48:59","modified_gmt":"2023-08-01T07:48:59","slug":"appel-a-candidature-hotesse","status":"publish","type":"page","link":"https:\/\/masante-cam.org\/masante\/appel-a-candidature-hotesse\/","title":{"rendered":"Appel \u00e0 candidature h\u00f4tesse"},"content":{"rendered":"\t\t<div data-elementor-type=\"wp-page\" data-elementor-id=\"2130\" class=\"elementor elementor-2130\">\n\t\t\t\t\t\t<section class=\"elementor-section elementor-top-section elementor-element elementor-element-aef91bd elementor-section-boxed elementor-section-height-default elementor-section-height-default\" data-id=\"aef91bd\" data-element_type=\"section\" data-e-type=\"section\">\n\t\t\t\t\t\t<div class=\"elementor-container elementor-column-gap-default\">\n\t\t\t\t\t<div class=\"elementor-column elementor-col-100 elementor-top-column elementor-element elementor-element-cb0aee0\" data-id=\"cb0aee0\" data-element_type=\"column\" data-e-type=\"column\">\n\t\t\t<div class=\"elementor-widget-wrap elementor-element-populated\">\n\t\t\t\t\t\t<div class=\"elementor-element elementor-element-84763c8 elementor-widget elementor-widget-heading\" data-id=\"84763c8\" data-element_type=\"widget\" data-e-type=\"widget\" data-widget_type=\"heading.default\">\n\t\t\t\t<div class=\"elementor-widget-container\">\n\t\t\t\t\t<h3 class=\"elementor-heading-title elementor-size-default\">Appel \u00e0 candidature h\u00f4tesse<\/h3>\t\t\t\t<\/div>\n\t\t\t\t<\/div>\n\t\t\t\t\t<\/div>\n\t\t<\/div>\n\t\t\t\t\t<\/div>\n\t\t<\/section>\n\t\t\t\t<section class=\"elementor-section elementor-top-section elementor-element elementor-element-1022166 elementor-section-boxed elementor-section-height-default elementor-section-height-default\" data-id=\"1022166\" data-element_type=\"section\" data-e-type=\"section\">\n\t\t\t\t\t\t<div class=\"elementor-container elementor-column-gap-default\">\n\t\t\t\t\t<div class=\"elementor-column elementor-col-100 elementor-top-column elementor-element elementor-element-ccc06ca\" data-id=\"ccc06ca\" data-element_type=\"column\" data-e-type=\"column\" data-settings=\"{&quot;background_background&quot;:&quot;gradient&quot;}\">\n\t\t\t<div class=\"elementor-widget-wrap elementor-element-populated\">\n\t\t\t\t\t\t<div class=\"elementor-element elementor-element-43e697a elementor-widget elementor-widget-text-editor\" data-id=\"43e697a\" data-element_type=\"widget\" data-e-type=\"widget\" data-widget_type=\"text-editor.default\">\n\t\t\t\t<div class=\"elementor-widget-container\">\n\t\t\t\t\t\t\t\t\t<p>CaHReF \u00ab\u00a0Cameroon Health Research Forum\u00a0\u00bb est une plateforme de diss\u00e9mination des r\u00e9sultats de recherche qui vise \u00e0 am\u00e9liorer l&rsquo;acc\u00e8s et l\u2019utilisation des r\u00e9sultats de recherche en sant\u00e9 au Cameroun en particulier et en Afrique en g\u00e9n\u00e9ral. C&rsquo;est une conf\u00e9rence organis\u00e9e tous les deux ans par un ensemble d\u2019institutions partenaires sous la coordination de M.A. SANTE (Meilleur Acc\u00e8s aux Soins de Sant\u00e9). Les deux premi\u00e8res \u00e9ditions organis\u00e9es en 2016 et 2018 ont permis des communications et des recommandations sur les b\u00e9n\u00e9fices de la recherche conduite par les \u00e9tudiants et sur l\u2019utilisation de donn\u00e9es des patients pour am\u00e9liorer l\u2019offre de soin.<\/p><p>\u00a0<\/p><p>L&rsquo;\u00e9dition 2023 du CaHReF est pr\u00e9vu du 16 au 19 Aout 2023 au Palais des Congr\u00e8s de Yaound\u00e9 avec pour th\u00e8me : <strong>\u00ab\u00a0Learning from past pandemics to efficiently respond to future epidemics and pandemics\u00a0\u00bb. <\/strong>\u00a0L&rsquo;objectif est de r\u00e9unir des chercheurs, des innovateurs, des formateurs, des \u00e9tudiants de divers domaines du syst\u00e8me de sant\u00e9 afin de partager et de discuter des r\u00e9sultats de recherche et des exp\u00e9riences des interventions mises en \u0153uvre au cours des pand\u00e9mies pass\u00e9es. Les recommandations issues de ces discussions seront prioris\u00e9es et mises \u00e0 la disposition des acteurs en charge pour une meilleur pr\u00e9paration et r\u00e9ponse aux \u00e9pid\u00e9mies future.<\/p><p>Dans le cadre de l\u2019organisation de CaHReF 2023, il est pr\u00e9vu de recruter les h\u00f4tesses pour accompagner l\u2019organisation sur l\u2019accueil, l\u2019installation et l\u2019enregistrement des participants, communicateurs et mod\u00e9rateurs\u00a0; faciliter les interactions entre les participants, les communicateurs et les mod\u00e9rateurs et, le respect du temps. A cet fin, les organisateurs recherchent <strong>16 h\u00f4tesses et 06 superviseurs de salle. <\/strong><\/p><p><strong>\u00a0Comp\u00e9tences \/ exigences \/ Qualit\u00e9s Requises\u00a0:<\/strong><\/p><ul><li>Avoir un niveau d\u2019\u00e9tude universitaire,<\/li><li>\u00catre actuellement inscrits \u00e0 l\u2019universit\u00e9<\/li><li>Avoir une bonne maitrise de la communication orale de langue anglaise\u00a0et fran\u00e7aise<\/li><li>R\u00e9sider \u00e0 Yaound\u00e9<\/li><li>\u00catre \u00e2g\u00e9e entre 21 et 28 ans<\/li><li>\u00catre physiquement pr\u00e9sentable (teint uniforme et prestance)<\/li><li>Avoir le minimum de `connaissances sur l\u2019utilisation du smartphone<\/li><li>\u00catre de nature humble<\/li><li>Ne pas \u00eatre sous contrat<\/li><li>\u00catre ponctuel<\/li><\/ul><p><strong>Composition du dossier<\/strong><\/p><ul><li>Copie de votre CV (2 pages) sign\u00e9<\/li><li>Lettre de motivation d\u2019une page adress\u00e9e au coordonnateur scientifique de CaHReF<\/li><li>Photocopie de la Carte Nationale d\u2019Identit\u00e9\\<\/li><li>Preuve d\u2019incription a l\u2019universite<\/li><li>Photocopie du dipl\u00f4me du Baccalaur\u00e9at et ou le dipl\u00f4me le plus \u00e9lev\u00e9<\/li><\/ul><p>\u00a0<\/p><p>Pour les dossiers soumis par mail, les pi\u00e8ces devront parvenir au format PDF dans\u00a0<strong>un seul\u00a0fichier\u00a0<\/strong>nomm\u00e9 selon le format suivant<strong>\u00a0:\u00a0<\/strong>Nom_Pr\u00e9nom.pdf.<strong>Comment soumettre sa candidature<\/strong>\u00a0:<\/p><p>Les dossiers de candidature doivent \u00eatre d\u00e9pos\u00e9s au plus tard le\u00a0<strong>07\/08\/2023<\/strong>\u00a0soit au si\u00e8ge de M.A SANTE sis \u00e0 Biyem Assi lac en face du complexe \u00e9ducatif Tyrannus ou envoy\u00e9s \u00e0 l\u2019adresse suivante<strong>\u00a0:\u00a0cahref@masante-cam.org\u00a0<\/strong>avec copie \u00e0<strong>\u00a0\u00a0<\/strong><a href=\"mailto:secretariat@masante-cam.org\"><strong>secretariat@masante-cam.org<\/strong><\/a><\/p><p>Les candidatures re\u00e7ues apr\u00e8s la date limite ou ne remplissant pas toutes les conditions ne seront pas prises en compte. <strong>Seules les candidatures pr\u00e9s\u00e9lectionn\u00e9es seront contact\u00e9es pour les auditions.<\/strong><\/p>\t\t\t\t\t\t\t\t<\/div>\n\t\t\t\t<\/div>\n\t\t\t\t\t<\/div>\n\t\t<\/div>\n\t\t\t\t\t<\/div>\n\t\t<\/section>\n\t\t\t\t<\/div>\n\t\t","protected":false},"excerpt":{"rendered":"<p>Appel \u00e0 candidature h\u00f4tesse CaHReF \u00ab\u00a0Cameroon Health Research Forum\u00a0\u00bb est une plateforme de diss\u00e9mination des r\u00e9sultats de recherche qui vise \u00e0 am\u00e9liorer l&rsquo;acc\u00e8s et l\u2019utilisation des r\u00e9sultats de recherche en sant\u00e9 au Cameroun en particulier et en Afrique en g\u00e9n\u00e9ral. C&rsquo;est une conf\u00e9rence organis\u00e9e tous les deux ans par un ensemble d\u2019institutions partenaires sous la [&hellip;]<\/p>\n","protected":false},"author":1,"featured_media":0,"parent":0,"menu_order":0,"comment_status":"closed","ping_status":"closed","template":"","meta":{"_eb_attr":"","om_disable_all_campaigns":false,"_exactmetrics_skip_tracking":false,"_exactmetrics_sitenote_active":false,"_exactmetrics_sitenote_note":"","_exactmetrics_sitenote_category":0,"_monsterinsights_skip_tracking":false,"_monsterinsights_sitenote_active":false,"_monsterinsights_sitenote_note":"","_monsterinsights_sitenote_category":0,"site-sidebar-layout":"no-sidebar","site-content-layout":"page-builder","ast-site-content-layout":"default","site-content-style":"default","site-sidebar-style":"default","ast-global-header-display":"","ast-banner-title-visibility":"","ast-main-header-display":"","ast-hfb-above-header-display":"","ast-hfb-below-header-display":"","ast-hfb-mobile-header-display":"","site-post-title":"disabled","ast-breadcrumbs-content":"","ast-featured-img":"disabled","footer-sml-layout":"","ast-disable-related-posts":"","theme-transparent-header-meta":"","adv-header-id-meta":"","stick-header-meta":"","header-above-stick-meta":"","header-main-stick-meta":"","header-below-stick-meta":"","astra-migrate-meta-layouts":"default","ast-page-background-enabled":"default","ast-page-background-meta":{"desktop":{"background-color":"","background-image":"","background-repeat":"repeat","background-position":"center center","background-size":"auto","background-attachment":"scroll","background-type":"","background-media":"","overlay-type":"","overlay-color":"","overlay-opacity":"","overlay-gradient":""},"tablet":{"background-color":"","background-image":"","background-repeat":"repeat","background-position":"center center","background-size":"auto","background-attachment":"scroll","background-type":"","background-media":"","overlay-type":"","overlay-color":"","overlay-opacity":"","overlay-gradient":""},"mobile":{"background-color":"","background-image":"","background-repeat":"repeat","background-position":"center center","background-size":"auto","background-attachment":"scroll","background-type":"","background-media":"","overlay-type":"","overlay-color":"","overlay-opacity":"","overlay-gradient":""}},"ast-content-background-meta":{"desktop":{"background-color":"var(--ast-global-color-5)","background-image":"","background-repeat":"repeat","background-position":"center center","background-size":"auto","background-attachment":"scroll","background-type":"","background-media":"","overlay-type":"","overlay-color":"","overlay-opacity":"","overlay-gradient":""},"tablet":{"background-color":"var(--ast-global-color-5)","background-image":"","background-repeat":"repeat","background-position":"center center","background-size":"auto","background-attachment":"scroll","background-type":"","background-media":"","overlay-type":"","overlay-color":"","overlay-opacity":"","overlay-gradient":""},"mobile":{"background-color":"var(--ast-global-color-5)","background-image":"","background-repeat":"repeat","background-position":"center center","background-size":"auto","background-attachment":"scroll","background-type":"","background-media":"","overlay-type":"","overlay-color":"","overlay-opacity":"","overlay-gradient":""}},"footnotes":""},"class_list":["post-2130","page","type-page","status-publish","hentry"],"aioseo_notices":[],"_links":{"self":[{"href":"https:\/\/masante-cam.org\/masante\/wp-json\/wp\/v2\/pages\/2130","targetHints":{"allow":["GET"]}}],"collection":[{"href":"https:\/\/masante-cam.org\/masante\/wp-json\/wp\/v2\/pages"}],"about":[{"href":"https:\/\/masante-cam.org\/masante\/wp-json\/wp\/v2\/types\/page"}],"author":[{"embeddable":true,"href":"https:\/\/masante-cam.org\/masante\/wp-json\/wp\/v2\/users\/1"}],"replies":[{"embeddable":true,"href":"https:\/\/masante-cam.org\/masante\/wp-json\/wp\/v2\/comments?post=2130"}],"version-history":[{"count":4,"href":"https:\/\/masante-cam.org\/masante\/wp-json\/wp\/v2\/pages\/2130\/revisions"}],"predecessor-version":[{"id":2134,"href":"https:\/\/masante-cam.org\/masante\/wp-json\/wp\/v2\/pages\/2130\/revisions\/2134"}],"wp:attachment":[{"href":"https:\/\/masante-cam.org\/masante\/wp-json\/wp\/v2\/media?parent=2130"}],"curies":[{"name":"wp","href":"https:\/\/api.w.org\/{rel}","templated":true}]}}