{"id":2248,"date":"2023-09-29T09:54:15","date_gmt":"2023-09-29T07:54:15","guid":{"rendered":"https:\/\/masante-cam.org\/masante\/?page_id=2248"},"modified":"2023-10-03T13:32:58","modified_gmt":"2023-10-03T11:32:58","slug":"appel-a-candidature-3-superviseurs-de-terrain-7-moniteurs-de-collecte-de-donnees-et-21-enqueteurs","status":"publish","type":"page","link":"https:\/\/masante-cam.org\/masante\/appel-a-candidature-3-superviseurs-de-terrain-7-moniteurs-de-collecte-de-donnees-et-21-enqueteurs\/","title":{"rendered":"Appel \u00e0 candidature 3 Superviseurs de terrain, 7 moniteurs de collecte de donn\u00e9es et 21 enqu\u00eateurs"},"content":{"rendered":"\t\t<div data-elementor-type=\"wp-page\" data-elementor-id=\"2248\" class=\"elementor elementor-2248\">\n\t\t\t\t\t\t<section class=\"elementor-section elementor-top-section elementor-element elementor-element-a2c4384 elementor-section-boxed elementor-section-height-default elementor-section-height-default\" data-id=\"a2c4384\" data-element_type=\"section\" data-e-type=\"section\">\n\t\t\t\t\t\t<div class=\"elementor-container elementor-column-gap-default\">\n\t\t\t\t\t<div class=\"elementor-column elementor-col-100 elementor-top-column elementor-element elementor-element-34619cb\" data-id=\"34619cb\" data-element_type=\"column\" data-e-type=\"column\">\n\t\t\t<div class=\"elementor-widget-wrap elementor-element-populated\">\n\t\t\t\t\t\t<div class=\"elementor-element elementor-element-710564a elementor-widget elementor-widget-heading\" data-id=\"710564a\" data-element_type=\"widget\" data-e-type=\"widget\" data-widget_type=\"heading.default\">\n\t\t\t\t<div class=\"elementor-widget-container\">\n\t\t\t\t\t<h4 class=\"elementor-heading-title elementor-size-default\">Appel \u00e0 candidature 3 Superviseurs de terrain, 7 moniteurs de collecte de donn\u00e9es et 21 enqu\u00eateurs<\/h4>\t\t\t\t<\/div>\n\t\t\t\t<\/div>\n\t\t\t\t\t<\/div>\n\t\t<\/div>\n\t\t\t\t\t<\/div>\n\t\t<\/section>\n\t\t\t\t<section class=\"elementor-section elementor-top-section elementor-element elementor-element-8cf3d35 elementor-section-boxed elementor-section-height-default elementor-section-height-default\" data-id=\"8cf3d35\" data-element_type=\"section\" data-e-type=\"section\" data-settings=\"{&quot;background_background&quot;:&quot;classic&quot;}\">\n\t\t\t\t\t\t<div class=\"elementor-container elementor-column-gap-default\">\n\t\t\t\t\t<div class=\"elementor-column elementor-col-100 elementor-top-column elementor-element elementor-element-9ee21dd\" data-id=\"9ee21dd\" data-element_type=\"column\" data-e-type=\"column\">\n\t\t\t<div class=\"elementor-widget-wrap elementor-element-populated\">\n\t\t\t\t\t\t<div class=\"elementor-element elementor-element-e7c2368 elementor-widget elementor-widget-text-editor\" data-id=\"e7c2368\" data-element_type=\"widget\" data-e-type=\"widget\" data-widget_type=\"text-editor.default\">\n\t\t\t\t<div class=\"elementor-widget-container\">\n\t\t\t\t\t\t\t\t\t<p>Dans le cadre de la r\u00e9alisation de l\u2019enqu\u00eate de base du projet \u00ab Digital Technologies for Health Financing: Introducing openIMIS to Improve Population outcomes of the Ch\u00e8que Sant\u00e9 Program in Cameroon \u00bb M.A. SANT\u00c9 recherche <strong>3 Superviseurs de terrain<\/strong>, <strong>7 moniteurs de collecte de donn\u00e9es et 21 enqu\u00eateurs.<\/strong><\/p>\n<p>\u00ab Digital Technologies for Health Financing: Introducing openIMIS to Improve Population outcomes of the Ch\u00e8que Sant\u00e9 Program in Cameroon \u00bb &nbsp;est un projet mis en \u0153uvre au Cameroun dans les r\u00e9gions de l\u2019Extr\u00eame Nord (Maroua), du Nord (Garoua) et de l\u2019Adamaoua (Ngaoundere) par M.A. SANTE <strong>(<\/strong>Meilleur Acces Aux Soins de Sant\u00e9) en collaboration avec Heidelberg Institute of Global Health sous le financement de Deutsches Evaluierungsinstitut der Entwicklungszusammenarbeit (DEval) avec pour objectif d\u2019\u00e9valuer le b\u00e9nefice de la digitalisation (utilisation du logiciel open IMIS) du programme ch\u00e8que sant\u00e9 sur les performances des formations sanitaires, sur l\u2019offre de service aux femmes (par exemple, la proportion de femmes inscrites qui re\u00e7oivent des soins maternels r\u00e9pondant aux normes de qualit\u00e9 souhait\u00e9es) et sur la protection financi\u00e8re (par exemple, la proportion de femmes inscrites qui re\u00e7oivent des services de soins maternels pour lesquels elles sont \u00e9ligibles sans frais).<\/p>\n<p>M.A. SANT\u00c9 [Meilleur Acc\u00e8s aux Soins de Sant\u00e9] est une ONG camerounaise bas\u00e9e \u00e0 Yaound\u00e9. Elle a \u00e9t\u00e9 cr\u00e9\u00e9e depuis 2006 avec pour objectif de contribuer \u00e0 l\u2019am\u00e9lioration de l\u2019acc\u00e8s aux soins de sant\u00e9 au Cameroun \u00e0 travers la recherche, la formation et la mise en \u0153uvre des interventions sanitaires. Ses activit\u00e9s sont organis\u00e9es \u00e0 partir de son si\u00e8ge social \u00e0 Yaound\u00e9 et de ses sites d\u00e9centralis\u00e9s bas\u00e9s \u00e0 l\u2019h\u00f4pital r\u00e9gional annexe de Kousseri (Extr\u00eame-Nord, Cameroun), au CMA de Congo I (Douala, Cameroun), au district de sant\u00e9 de Mogod\u00e9 (Extr\u00eame-Nord, Cameroun) et au district de sant\u00e9 de Foumban (Ouest, Cameroun).<\/p>\n<p><\/p>\n<p><strong><u>Lieux de l\u2019enqu\u00eate <\/u><\/strong><\/p>\n<p>Les enqu\u00eates se d\u00e9rouleront dans les 3 r\u00e9gions septentrionales du Cameroun \u00e0 savoir&nbsp;: l\u2019Extr\u00eame Nord, le Nord et l\u2019Adamaoua.<\/p>\n<ol>\n<li><strong><u>Superviseurs de terrains<\/u><\/strong><\/li>\n<\/ol>\n<p>Le superviseur de terrain sera charg\u00e9 de superviser les activit\u00e9s de collecte de donn\u00e9es dans la r\u00e9gion dont il en aura la charge et ses t\u00e2ches principales seront de :<\/p>\n<ul>\n<li>Participer \u00e0 la formation sur les outils\/m\u00e9thodes de collecte de donn\u00e9es quantitatives<\/li>\n<li>Obtenir les accords administratifs des responsables des formations sanitaires et des autorit\u00e9s traditionnelles des villages qui seront s\u00e9lectionn\u00e9s dans sa r\u00e9gion en charge<\/li>\n<li>Introduire chaque \u00e9quipe dans les formations sanitaires et les villages qui seront s\u00e9lectionn\u00e9s dans sa r\u00e9gion<\/li>\n<li>S\u2019assurer de la conformit\u00e9 du processus de collecte de donn\u00e9es dans sa r\u00e9gion en charge<\/li>\n<li>V\u00e9rifier r\u00e9guli\u00e8rement la qualit\u00e9 des donn\u00e9es qui seront produites par les \u00e9quipes pr\u00e9sentes dans sa r\u00e9gion en charge avant soumission au serveur en ligne<\/li>\n<li>Suivre la discipline et assiduit\u00e9 des membre de l\u2019\u00e9quipe de l\u2019enqu\u00eate<\/li>\n<li>Collecter les donn\u00e9es aupr\u00e8s des cibles \u00e0 l\u2019aide des tablettes<\/li>\n<li>Assister aux r\u00e9unions de d\u00e9briefing<\/li>\n<li>Rendre compte au charg\u00e9 du suivi et \u00e9valuation du projet ainsi que sa hi\u00e9rarchie<\/li>\n<li>S\u2019assurer de la disponibilit\u00e9 et du bon fonctionnement du mat\u00e9riel n\u00e9cessaire \u00e0 la collecte de donn\u00e9es dans sa r\u00e9gion en charge<\/li>\n<li>Elaborer un rapport final de collecte de donn\u00e9es<\/li>\n<\/ul>\n<p>Les conditions d\u2019\u00e9ligibilit\u00e9 pour le poste de Superviseur de terrain sont les suivantes :<\/p>\n<ul>\n<li>\u00catre titulaire d\u2019un Master en Sant\u00e9 Publique et Epid\u00e9miologie, d\u00e9mographie, statistique<\/li>\n<li>Avoir une exp\u00e9rience av\u00e9r\u00e9e en Supervision de terrain dans les enqu\u00eates quantitatives<\/li>\n<li>\u00catre capable de s\u2019exprimer en fran\u00e7ais et en anglais, l\u2019expression en arabe et fulfulde serait un atout<\/li>\n<li>Avoir une exp\u00e9rience av\u00e9r\u00e9e en monitoring de la collecte de donn\u00e9es \u00e0 base hospitali\u00e8re et communautaire<\/li>\n<li>Avoir une bonne ma\u00eetrise des activit\u00e9s communautaires,<\/li>\n<li>Avoir une exp\u00e9rience av\u00e9r\u00e9e en suivi de la qualit\u00e9 des donn\u00e9es<\/li>\n<li>Avoir une connaissance de l\u2019une des r\u00e9gions cibles de l\u2019\u00e9tude<\/li>\n<li>\u00catre disponible pour une enqu\u00eate de la p\u00e9riode allant du 15 Octobre au 15 D\u00e9cembre<\/li>\n<li>Maitriser les outils de collecte de donn\u00e9es sera un atout (KOBO collect, ODK collect)<\/li>\n<\/ul>\n<ol start=\"2\">\n<li><strong><u>Moniteur de la collecte de donn\u00e9es<\/u><\/strong><\/li>\n<\/ol>\n<p>Le Moniteur de collecte de donn\u00e9es sera charg\u00e9 de superviser les activit\u00e9s de collecte de l\u2019\u00e9quipe dont il aura la charge et ses t\u00e2ches principales seront de :<\/p>\n<ul>\n<li>Participer \u00e0 la formation sur les outils\/m\u00e9thodes de collecte de donn\u00e9es quantitatives<\/li>\n<li>S\u2019assurer de la conformit\u00e9 du processus de collecte de donn\u00e9es au sein de son \u00e9quipe<\/li>\n<li>V\u00e9rifier r\u00e9guli\u00e8rement la qualit\u00e9 des donn\u00e9es qui seront produites par son \u00e9quipe<\/li>\n<li>Collecter les donn\u00e9es aupr\u00e8s des cibles \u00e0 l\u2019aide des tablettes<\/li>\n<li>Assister aux r\u00e9unions de d\u00e9briefing<\/li>\n<li>Rendre compte au charg\u00e9 du suivi et \u00e9valuation du projet ainsi que sa hi\u00e9rarchie<\/li>\n<li>S\u2019assurer de la disponibilit\u00e9 et du bon fonctionnement du mat\u00e9riel de son \u00e9quipe<\/li>\n<li>Elaborer un rapport final de collecte de donn\u00e9es<\/li>\n<li>Transmettre les donn\u00e9es collect\u00e9es au serveur des donn\u00e9es<\/li>\n<\/ul>\n<p>Les conditions d\u2019\u00e9ligibilit\u00e9 pour le poste de Moniteur de la collecte de donn\u00e9es sont les suivantes :<\/p>\n<ul>\n<li>\u00catre titulaire d\u2019une licence en Sciences Biom\u00e9dicales, d\u00e9mographie, statistique<\/li>\n<li>Avoir une exp\u00e9rience av\u00e9r\u00e9e en monitoring de la collecte de donn\u00e9es \u00e0 base hospitali\u00e8re et communautaire<\/li>\n<li>\u00catre capable de s\u2019exprimer en fran\u00e7ais et en anglais, l\u2019expression en arabe et fulfulde serait un atout<\/li>\n<li>Avoir une exp\u00e9rience av\u00e9r\u00e9e en suivi de la qualit\u00e9 des donn\u00e9es<\/li>\n<li>Avoir une bonne ma\u00eetrise des activit\u00e9s communautaires,<\/li>\n<li>Avoir une connaissance de l\u2019une des r\u00e9gions cibles de l\u2019\u00e9tude<\/li>\n<li>\u00catre disponible pour une enqu\u00eate de la p\u00e9riode allant du 15 Octobre au 15 D\u00e9cembre<\/li>\n<li>Maitriser les outils de collecte de donn\u00e9es sera un atout (KOBO collect, ODK collect)<\/li>\n<\/ul>\n<ol start=\"3\">\n<li><strong><u>Les enqu\u00eateurs&nbsp;<\/u><\/strong><strong>:<\/strong><\/li>\n<\/ol>\n<p>Les enqu\u00eateurs seront charg\u00e9s de&nbsp;:<\/p>\n<ul>\n<li>Participer \u00e0 la formation sur les outils\/m\u00e9thodes de collecte de donn\u00e9es quantitatives<\/li>\n<li>Interviewer les cibles en utilisant la langue \u00e0 laquelle ils sont le plus \u00e0 l\u2019aise<\/li>\n<li>Collecter les donn\u00e9es aupr\u00e8s des cibles \u00e0 l\u2019aide des tablettes<\/li>\n<li>Recueillir les donn\u00e9es dans les registres des formations sanitaires<\/li>\n<li>V\u00e9rifier r\u00e9guli\u00e8rement la qualit\u00e9 des donn\u00e9es apr\u00e8s chaque interview<\/li>\n<li>Assister aux r\u00e9unions de d\u00e9briefing<\/li>\n<li>Rendre compte \u00e0 son superviseur ainsi que sa hi\u00e9rarchie<\/li>\n<li>Elaborer un rapport final de collecte de donn\u00e9es<\/li>\n<\/ul>\n<p>Les conditions d\u2019\u00e9ligibilit\u00e9 sont les suivantes :<\/p>\n<ul>\n<li>\u00catre titulaire d\u2019un Baccalaur\u00e9at, d\u00e9mographie, statistique<\/li>\n<li>Avoir une exp\u00e9rience av\u00e9r\u00e9e dans la collecte de donn\u00e9es \u00e0 base hospitali\u00e8re et communautaire<\/li>\n<li>\u00catre capable de s\u2019exprimer en fran\u00e7ais et en anglais, l\u2019expression en arabe et fulfulde serait un atout<\/li>\n<li>Avoir une bonne ma\u00eetrise des activit\u00e9s communautaires,<\/li>\n<li>Avoir une connaissance de l\u2019une des r\u00e9gions cibles de l\u2019\u00e9tude<\/li>\n<li>\u00catre disponible pour une enqu\u00eate de la p\u00e9riode allant du 15 Octobre au 15 D\u00e9cembre<\/li>\n<li>Maitriser les outils de collecte de donn\u00e9es sera un atout (KOBO collect, ODK collect)<\/li>\n<\/ul>\n<p><strong>Composition du dossier de candidature :<\/strong><\/p>\n<p>Le dossier de candidature r\u00e9dig\u00e9 en langue fran\u00e7aise ou anglaise comprendra<\/p>\n<ul>\n<li>Un curriculum vitae de deux pages au maximum ;<\/li>\n<li>Une lettre de motivation pr\u00e9cisant l\u2019objet de la candidature, la r\u00e9gion choisie ;<\/li>\n<li>Copie&nbsp; de la Carte Nationale d\u2019Identit\u00e9 ;<\/li>\n<li>Copies du dipl\u00f4me le plus \u00e9lev\u00e9 ;<\/li>\n<li>Tous documents attestant de l\u2019exp\u00e9rience dans le domaine.<\/li>\n<\/ul>\n<p><strong><u>N.B :<\/u><\/strong> Dans le processus de s\u00e9lection des candidats, un test de langue et d\u2019utilisation de tablette pour administrer un questionnaire pourrait \u00eatre organis\u00e9. Seuls les candidats pr\u00e9s\u00e9lectionn\u00e9s seront contact\u00e9s<\/p>\n<p><strong>Comment soumettre sa candidature :<\/strong><\/p>\n<p>Les dossiers de candidature doivent soit \u00eatre d\u00e9pos\u00e9s au plus tard le 11 Octobre 2023 \u00e0 17h au si\u00e8ge de l\u2019Association : Yaound\u00e9, Quartier Biyem-Assi, face Wisdom Academic Complex ; soit envoy\u00e9s \u00e0 l\u2019adresse suivante : <a href=\"mailto:secretariat@masante-cam.org\">secretariat@masante-cam.org<\/a> avec copie \u00e0 <a href=\"mailto:cmmassante@gmail.com\">cmmassante@gmail.com<\/a>.<\/p>\n<p><strong>NB: Pr\u00e9ciser en Objet de Votre mail l\u2019Intitul\u00e9 du Poste choisi <\/strong><\/p>\t\t\t\t\t\t\t\t<\/div>\n\t\t\t\t<\/div>\n\t\t\t\t\t<\/div>\n\t\t<\/div>\n\t\t\t\t\t<\/div>\n\t\t<\/section>\n\t\t\t\t<\/div>\n\t\t","protected":false},"excerpt":{"rendered":"<p>Appel \u00e0 candidature 3 Superviseurs de terrain, 7 moniteurs de collecte de donn\u00e9es et 21 enqu\u00eateurs Dans le cadre de la r\u00e9alisation de l\u2019enqu\u00eate de base du projet \u00ab Digital Technologies for Health Financing: Introducing openIMIS to Improve Population outcomes of the Ch\u00e8que Sant\u00e9 Program in Cameroon \u00bb M.A. SANT\u00c9 recherche 3 Superviseurs de terrain, [&hellip;]<\/p>\n","protected":false},"author":1,"featured_media":0,"parent":0,"menu_order":0,"comment_status":"closed","ping_status":"closed","template":"","meta":{"_eb_attr":"","om_disable_all_campaigns":false,"_exactmetrics_skip_tracking":false,"_exactmetrics_sitenote_active":false,"_exactmetrics_sitenote_note":"","_exactmetrics_sitenote_category":0,"_monsterinsights_skip_tracking":false,"_monsterinsights_sitenote_active":false,"_monsterinsights_sitenote_note":"","_monsterinsights_sitenote_category":0,"site-sidebar-layout":"no-sidebar","site-content-layout":"page-builder","ast-site-content-layout":"default","site-content-style":"default","site-sidebar-style":"default","ast-global-header-display":"","ast-banner-title-visibility":"","ast-main-header-display":"","ast-hfb-above-header-display":"","ast-hfb-below-header-display":"","ast-hfb-mobile-header-display":"","site-post-title":"disabled","ast-breadcrumbs-content":"","ast-featured-img":"disabled","footer-sml-layout":"","ast-disable-related-posts":"","theme-transparent-header-meta":"","adv-header-id-meta":"","stick-header-meta":"","header-above-stick-meta":"","header-main-stick-meta":"","header-below-stick-meta":"","astra-migrate-meta-layouts":"set","ast-page-background-enabled":"default","ast-page-background-meta":{"desktop":{"background-color":"","background-image":"","background-repeat":"repeat","background-position":"center center","background-size":"auto","background-attachment":"scroll","background-type":"","background-media":"","overlay-type":"","overlay-color":"","overlay-opacity":"","overlay-gradient":""},"tablet":{"background-color":"","background-image":"","background-repeat":"repeat","background-position":"center center","background-size":"auto","background-attachment":"scroll","background-type":"","background-media":"","overlay-type":"","overlay-color":"","overlay-opacity":"","overlay-gradient":""},"mobile":{"background-color":"","background-image":"","background-repeat":"repeat","background-position":"center center","background-size":"auto","background-attachment":"scroll","background-type":"","background-media":"","overlay-type":"","overlay-color":"","overlay-opacity":"","overlay-gradient":""}},"ast-content-background-meta":{"desktop":{"background-color":"var(--ast-global-color-5)","background-image":"","background-repeat":"repeat","background-position":"center center","background-size":"auto","background-attachment":"scroll","background-type":"","background-media":"","overlay-type":"","overlay-color":"","overlay-opacity":"","overlay-gradient":""},"tablet":{"background-color":"var(--ast-global-color-5)","background-image":"","background-repeat":"repeat","background-position":"center center","background-size":"auto","background-attachment":"scroll","background-type":"","background-media":"","overlay-type":"","overlay-color":"","overlay-opacity":"","overlay-gradient":""},"mobile":{"background-color":"var(--ast-global-color-5)","background-image":"","background-repeat":"repeat","background-position":"center center","background-size":"auto","background-attachment":"scroll","background-type":"","background-media":"","overlay-type":"","overlay-color":"","overlay-opacity":"","overlay-gradient":""}},"footnotes":""},"class_list":["post-2248","page","type-page","status-publish","hentry"],"aioseo_notices":[],"_links":{"self":[{"href":"https:\/\/masante-cam.org\/masante\/wp-json\/wp\/v2\/pages\/2248","targetHints":{"allow":["GET"]}}],"collection":[{"href":"https:\/\/masante-cam.org\/masante\/wp-json\/wp\/v2\/pages"}],"about":[{"href":"https:\/\/masante-cam.org\/masante\/wp-json\/wp\/v2\/types\/page"}],"author":[{"embeddable":true,"href":"https:\/\/masante-cam.org\/masante\/wp-json\/wp\/v2\/users\/1"}],"replies":[{"embeddable":true,"href":"https:\/\/masante-cam.org\/masante\/wp-json\/wp\/v2\/comments?post=2248"}],"version-history":[{"count":10,"href":"https:\/\/masante-cam.org\/masante\/wp-json\/wp\/v2\/pages\/2248\/revisions"}],"predecessor-version":[{"id":2289,"href":"https:\/\/masante-cam.org\/masante\/wp-json\/wp\/v2\/pages\/2248\/revisions\/2289"}],"wp:attachment":[{"href":"https:\/\/masante-cam.org\/masante\/wp-json\/wp\/v2\/media?parent=2248"}],"curies":[{"name":"wp","href":"https:\/\/api.w.org\/{rel}","templated":true}]}}