{"id":2576,"date":"2023-12-12T12:39:36","date_gmt":"2023-12-12T11:39:36","guid":{"rendered":"https:\/\/masante-cam.org\/masante\/?page_id=2576"},"modified":"2023-12-12T14:41:14","modified_gmt":"2023-12-12T13:41:14","slug":"projets-2015","status":"publish","type":"page","link":"https:\/\/masante-cam.org\/masante\/projets-2015\/","title":{"rendered":"Projets 2015"},"content":{"rendered":"\t\t<div data-elementor-type=\"wp-page\" data-elementor-id=\"2576\" class=\"elementor elementor-2576\">\n\t\t\t\t\t\t<section class=\"elementor-section elementor-top-section elementor-element elementor-element-2e6641c elementor-section-boxed elementor-section-height-default elementor-section-height-default\" data-id=\"2e6641c\" data-element_type=\"section\" data-e-type=\"section\">\n\t\t\t\t\t\t<div class=\"elementor-container elementor-column-gap-default\">\n\t\t\t\t\t<div class=\"elementor-column elementor-col-100 elementor-top-column elementor-element elementor-element-14ad22f\" data-id=\"14ad22f\" data-element_type=\"column\" data-e-type=\"column\">\n\t\t\t<div class=\"elementor-widget-wrap elementor-element-populated\">\n\t\t\t\t\t\t<div class=\"elementor-element elementor-element-9464031 elementor-widget elementor-widget-heading\" data-id=\"9464031\" data-element_type=\"widget\" data-e-type=\"widget\" data-widget_type=\"heading.default\">\n\t\t\t\t<div class=\"elementor-widget-container\">\n\t\t\t\t\t<h2 class=\"elementor-heading-title elementor-size-default\">Projets 2013\/2014\/2015<\/h2>\t\t\t\t<\/div>\n\t\t\t\t<\/div>\n\t\t\t\t\t<\/div>\n\t\t<\/div>\n\t\t\t\t\t<\/div>\n\t\t<\/section>\n\t\t\t\t<section class=\"elementor-section elementor-top-section elementor-element elementor-element-3cc6420 elementor-section-boxed elementor-section-height-default elementor-section-height-default\" data-id=\"3cc6420\" data-element_type=\"section\" data-e-type=\"section\" data-settings=\"{&quot;background_background&quot;:&quot;classic&quot;}\">\n\t\t\t\t\t\t<div class=\"elementor-container elementor-column-gap-default\">\n\t\t\t\t\t<div class=\"elementor-column elementor-col-100 elementor-top-column elementor-element elementor-element-3b92cf2\" data-id=\"3b92cf2\" data-element_type=\"column\" data-e-type=\"column\">\n\t\t\t<div class=\"elementor-widget-wrap elementor-element-populated\">\n\t\t\t\t\t\t<div class=\"elementor-element elementor-element-180e303 elementor-widget-divider--view-line elementor-widget elementor-widget-divider\" data-id=\"180e303\" data-element_type=\"widget\" data-e-type=\"widget\" data-widget_type=\"divider.default\">\n\t\t\t\t<div class=\"elementor-widget-container\">\n\t\t\t\t\t\t\t<div class=\"elementor-divider\">\n\t\t\t<span class=\"elementor-divider-separator\">\n\t\t\t\t\t\t<\/span>\n\t\t<\/div>\n\t\t\t\t\t\t<\/div>\n\t\t\t\t<\/div>\n\t\t\t\t\t<\/div>\n\t\t<\/div>\n\t\t\t\t\t<\/div>\n\t\t<\/section>\n\t\t\t\t<section class=\"elementor-section elementor-top-section elementor-element elementor-element-cc42347 elementor-section-boxed elementor-section-height-default elementor-section-height-default\" data-id=\"cc42347\" data-element_type=\"section\" data-e-type=\"section\" data-settings=\"{&quot;background_background&quot;:&quot;classic&quot;}\">\n\t\t\t\t\t\t<div class=\"elementor-container elementor-column-gap-default\">\n\t\t\t\t\t<div class=\"elementor-column elementor-col-100 elementor-top-column elementor-element elementor-element-2ae8fea\" data-id=\"2ae8fea\" data-element_type=\"column\" data-e-type=\"column\">\n\t\t\t<div class=\"elementor-widget-wrap elementor-element-populated\">\n\t\t\t\t\t\t<div class=\"elementor-element elementor-element-65467a3 elementor-widget elementor-widget-text-editor\" data-id=\"65467a3\" data-element_type=\"widget\" data-e-type=\"widget\" data-widget_type=\"text-editor.default\">\n\t\t\t\t<div class=\"elementor-widget-container\">\n\t\t\t\t\t\t\t\t\t<h3><img decoding=\"async\" class=\"alignnone wp-image-2305\" src=\"http:\/\/masante-cam.org\/masante\/wp-content\/uploads\/2023\/11\/fleche-300x146.png\" alt=\"\" width=\"99\" height=\"48\" srcset=\"https:\/\/masante-cam.org\/masante\/wp-content\/uploads\/2023\/11\/fleche-300x146.png 300w, https:\/\/masante-cam.org\/masante\/wp-content\/uploads\/2023\/11\/fleche-1024x499.png 1024w, https:\/\/masante-cam.org\/masante\/wp-content\/uploads\/2023\/11\/fleche-768x374.png 768w, https:\/\/masante-cam.org\/masante\/wp-content\/uploads\/2023\/11\/fleche-1536x749.png 1536w, https:\/\/masante-cam.org\/masante\/wp-content\/uploads\/2023\/11\/fleche-18x9.png 18w, https:\/\/masante-cam.org\/masante\/wp-content\/uploads\/2023\/11\/fleche.png 1600w\" sizes=\"(max-width: 99px) 100vw, 99px\" \/><a href=\"https:\/\/masante-cam.org\/masante\/sustainable-cholera-surveillance-for-cameroon\/\"><strong>DOVE : SUSTAINABLE CHOLERA SURVEILLANCE FOR CAMEROON<\/strong><\/a><\/h3><p class=\"MsoNormal\">\u00a0<\/p>\t\t\t\t\t\t\t\t<\/div>\n\t\t\t\t<\/div>\n\t\t\t\t\t<\/div>\n\t\t<\/div>\n\t\t\t\t\t<\/div>\n\t\t<\/section>\n\t\t\t\t<section class=\"elementor-section elementor-top-section elementor-element elementor-element-4a0f458 elementor-section-boxed elementor-section-height-default elementor-section-height-default\" data-id=\"4a0f458\" data-element_type=\"section\" data-e-type=\"section\" data-settings=\"{&quot;background_background&quot;:&quot;classic&quot;}\">\n\t\t\t\t\t\t<div class=\"elementor-container elementor-column-gap-default\">\n\t\t\t\t\t<div class=\"elementor-column elementor-col-100 elementor-top-column elementor-element elementor-element-79e91c8\" data-id=\"79e91c8\" data-element_type=\"column\" data-e-type=\"column\">\n\t\t\t<div class=\"elementor-widget-wrap elementor-element-populated\">\n\t\t\t\t\t\t<div class=\"elementor-element elementor-element-52aacac elementor-widget-divider--view-line elementor-widget elementor-widget-divider\" data-id=\"52aacac\" data-element_type=\"widget\" data-e-type=\"widget\" data-widget_type=\"divider.default\">\n\t\t\t\t<div class=\"elementor-widget-container\">\n\t\t\t\t\t\t\t<div class=\"elementor-divider\">\n\t\t\t<span class=\"elementor-divider-separator\">\n\t\t\t\t\t\t<\/span>\n\t\t<\/div>\n\t\t\t\t\t\t<\/div>\n\t\t\t\t<\/div>\n\t\t\t\t\t<\/div>\n\t\t<\/div>\n\t\t\t\t\t<\/div>\n\t\t<\/section>\n\t\t\t\t<section class=\"elementor-section elementor-top-section elementor-element elementor-element-fe62f5b elementor-section-boxed elementor-section-height-default elementor-section-height-default\" data-id=\"fe62f5b\" data-element_type=\"section\" data-e-type=\"section\" data-settings=\"{&quot;background_background&quot;:&quot;classic&quot;}\">\n\t\t\t\t\t\t<div class=\"elementor-container elementor-column-gap-default\">\n\t\t\t\t\t<div class=\"elementor-column elementor-col-100 elementor-top-column elementor-element elementor-element-e5f763a\" data-id=\"e5f763a\" data-element_type=\"column\" data-e-type=\"column\">\n\t\t\t<div class=\"elementor-widget-wrap elementor-element-populated\">\n\t\t\t\t\t\t<div class=\"elementor-element elementor-element-d816398 elementor-widget elementor-widget-text-editor\" data-id=\"d816398\" data-element_type=\"widget\" data-e-type=\"widget\" data-widget_type=\"text-editor.default\">\n\t\t\t\t<div class=\"elementor-widget-container\">\n\t\t\t\t\t\t\t\t\t<h3><img decoding=\"async\" class=\"alignnone wp-image-2305\" src=\"http:\/\/masante-cam.org\/masante\/wp-content\/uploads\/2023\/11\/fleche-300x146.png\" alt=\"\" width=\"99\" height=\"48\" srcset=\"https:\/\/masante-cam.org\/masante\/wp-content\/uploads\/2023\/11\/fleche-300x146.png 300w, https:\/\/masante-cam.org\/masante\/wp-content\/uploads\/2023\/11\/fleche-1024x499.png 1024w, https:\/\/masante-cam.org\/masante\/wp-content\/uploads\/2023\/11\/fleche-768x374.png 768w, https:\/\/masante-cam.org\/masante\/wp-content\/uploads\/2023\/11\/fleche-1536x749.png 1536w, https:\/\/masante-cam.org\/masante\/wp-content\/uploads\/2023\/11\/fleche-18x9.png 18w, https:\/\/masante-cam.org\/masante\/wp-content\/uploads\/2023\/11\/fleche.png 1600w\" sizes=\"(max-width: 99px) 100vw, 99px\" \/><a href=\"https:\/\/masante-cam.org\/masante\/comportements-lies-a-leau-comme-facteur-de-risque-des-maladies-diarrheiques-autour-du-lac-tchad\/\">\u00a0Comportements li\u00e9s \u00e0 l\u2019eau comme facteur de risque des maladies diarrh\u00e9iques autour du lac Tchad<\/a><\/h3><p class=\"MsoNormal\">\u00a0<\/p>\t\t\t\t\t\t\t\t<\/div>\n\t\t\t\t<\/div>\n\t\t\t\t\t<\/div>\n\t\t<\/div>\n\t\t\t\t\t<\/div>\n\t\t<\/section>\n\t\t\t\t<section class=\"elementor-section elementor-top-section elementor-element elementor-element-c4c88b0 elementor-section-boxed elementor-section-height-default elementor-section-height-default\" data-id=\"c4c88b0\" data-element_type=\"section\" data-e-type=\"section\" data-settings=\"{&quot;background_background&quot;:&quot;classic&quot;}\">\n\t\t\t\t\t\t<div class=\"elementor-container elementor-column-gap-default\">\n\t\t\t\t\t<div class=\"elementor-column elementor-col-100 elementor-top-column elementor-element elementor-element-a9823f0\" data-id=\"a9823f0\" data-element_type=\"column\" data-e-type=\"column\">\n\t\t\t<div class=\"elementor-widget-wrap elementor-element-populated\">\n\t\t\t\t\t\t<div class=\"elementor-element elementor-element-6326f81 elementor-widget-divider--view-line elementor-widget elementor-widget-divider\" data-id=\"6326f81\" data-element_type=\"widget\" data-e-type=\"widget\" data-widget_type=\"divider.default\">\n\t\t\t\t<div class=\"elementor-widget-container\">\n\t\t\t\t\t\t\t<div class=\"elementor-divider\">\n\t\t\t<span class=\"elementor-divider-separator\">\n\t\t\t\t\t\t<\/span>\n\t\t<\/div>\n\t\t\t\t\t\t<\/div>\n\t\t\t\t<\/div>\n\t\t\t\t\t<\/div>\n\t\t<\/div>\n\t\t\t\t\t<\/div>\n\t\t<\/section>\n\t\t\t\t<section class=\"elementor-section elementor-top-section elementor-element elementor-element-ec9e98f elementor-section-boxed elementor-section-height-default elementor-section-height-default\" data-id=\"ec9e98f\" data-element_type=\"section\" data-e-type=\"section\" data-settings=\"{&quot;background_background&quot;:&quot;classic&quot;}\">\n\t\t\t\t\t\t<div class=\"elementor-container elementor-column-gap-default\">\n\t\t\t\t\t<div class=\"elementor-column elementor-col-100 elementor-top-column elementor-element elementor-element-2bf6611\" data-id=\"2bf6611\" data-element_type=\"column\" data-e-type=\"column\">\n\t\t\t<div class=\"elementor-widget-wrap elementor-element-populated\">\n\t\t\t\t\t\t<div class=\"elementor-element elementor-element-aaafc2d elementor-widget elementor-widget-text-editor\" data-id=\"aaafc2d\" data-element_type=\"widget\" data-e-type=\"widget\" data-widget_type=\"text-editor.default\">\n\t\t\t\t<div class=\"elementor-widget-container\">\n\t\t\t\t\t\t\t\t\t<h3><img decoding=\"async\" class=\"alignnone wp-image-2305\" src=\"http:\/\/masante-cam.org\/masante\/wp-content\/uploads\/2023\/11\/fleche-300x146.png\" alt=\"\" width=\"99\" height=\"48\" srcset=\"https:\/\/masante-cam.org\/masante\/wp-content\/uploads\/2023\/11\/fleche-300x146.png 300w, https:\/\/masante-cam.org\/masante\/wp-content\/uploads\/2023\/11\/fleche-1024x499.png 1024w, https:\/\/masante-cam.org\/masante\/wp-content\/uploads\/2023\/11\/fleche-768x374.png 768w, https:\/\/masante-cam.org\/masante\/wp-content\/uploads\/2023\/11\/fleche-1536x749.png 1536w, https:\/\/masante-cam.org\/masante\/wp-content\/uploads\/2023\/11\/fleche-18x9.png 18w, https:\/\/masante-cam.org\/masante\/wp-content\/uploads\/2023\/11\/fleche.png 1600w\" sizes=\"(max-width: 99px) 100vw, 99px\" \/><a href=\"https:\/\/masante-cam.org\/masante\/cancer-du-col-faisabilite-de-la-mise-en-place-dun-systeme-de-surveillance-epidemiologique-continue-au-niveau-du-district-de-sante-de-dschang\/\">Cancer du col: faisabilit\u00e9 de la mise en place d\u2019un syst\u00e8me de surveillance \u00e9pid\u00e9miologique continue au niveau du District de Sant\u00e9 de Dschang<\/a><\/h3><p class=\"MsoNormal\">\u00a0<\/p>\t\t\t\t\t\t\t\t<\/div>\n\t\t\t\t<\/div>\n\t\t\t\t\t<\/div>\n\t\t<\/div>\n\t\t\t\t\t<\/div>\n\t\t<\/section>\n\t\t\t\t<section class=\"elementor-section elementor-top-section elementor-element elementor-element-41b8fac elementor-section-boxed elementor-section-height-default elementor-section-height-default\" data-id=\"41b8fac\" data-element_type=\"section\" data-e-type=\"section\" data-settings=\"{&quot;background_background&quot;:&quot;classic&quot;}\">\n\t\t\t\t\t\t<div class=\"elementor-container elementor-column-gap-default\">\n\t\t\t\t\t<div class=\"elementor-column elementor-col-100 elementor-top-column elementor-element elementor-element-319bc1a\" data-id=\"319bc1a\" data-element_type=\"column\" data-e-type=\"column\">\n\t\t\t<div class=\"elementor-widget-wrap elementor-element-populated\">\n\t\t\t\t\t\t<div class=\"elementor-element elementor-element-85c8a9e elementor-widget-divider--view-line elementor-widget elementor-widget-divider\" data-id=\"85c8a9e\" data-element_type=\"widget\" data-e-type=\"widget\" data-widget_type=\"divider.default\">\n\t\t\t\t<div class=\"elementor-widget-container\">\n\t\t\t\t\t\t\t<div class=\"elementor-divider\">\n\t\t\t<span class=\"elementor-divider-separator\">\n\t\t\t\t\t\t<\/span>\n\t\t<\/div>\n\t\t\t\t\t\t<\/div>\n\t\t\t\t<\/div>\n\t\t\t\t\t<\/div>\n\t\t<\/div>\n\t\t\t\t\t<\/div>\n\t\t<\/section>\n\t\t\t\t<\/div>\n\t\t","protected":false},"excerpt":{"rendered":"<p>Projets 2013\/2014\/2015 DOVE : SUSTAINABLE CHOLERA SURVEILLANCE FOR CAMEROON \u00a0 \u00a0Comportements li\u00e9s \u00e0 l\u2019eau comme facteur de risque des maladies diarrh\u00e9iques autour du lac Tchad \u00a0 Cancer du col: faisabilit\u00e9 de la mise en place d\u2019un syst\u00e8me de surveillance \u00e9pid\u00e9miologique continue au niveau du District de Sant\u00e9 de Dschang \u00a0<\/p>\n","protected":false},"author":1,"featured_media":0,"parent":0,"menu_order":0,"comment_status":"closed","ping_status":"closed","template":"","meta":{"_eb_attr":"","om_disable_all_campaigns":false,"_exactmetrics_skip_tracking":false,"_exactmetrics_sitenote_active":false,"_exactmetrics_sitenote_note":"","_exactmetrics_sitenote_category":0,"_monsterinsights_skip_tracking":false,"_monsterinsights_sitenote_active":false,"_monsterinsights_sitenote_note":"","_monsterinsights_sitenote_category":0,"site-sidebar-layout":"no-sidebar","site-content-layout":"page-builder","ast-site-content-layout":"full-width-container","site-content-style":"default","site-sidebar-style":"default","ast-global-header-display":"","ast-banner-title-visibility":"","ast-main-header-display":"","ast-hfb-above-header-display":"","ast-hfb-below-header-display":"","ast-hfb-mobile-header-display":"","site-post-title":"disabled","ast-breadcrumbs-content":"","ast-featured-img":"disabled","footer-sml-layout":"","ast-disable-related-posts":"","theme-transparent-header-meta":"","adv-header-id-meta":"","stick-header-meta":"","header-above-stick-meta":"","header-main-stick-meta":"","header-below-stick-meta":"","astra-migrate-meta-layouts":"set","ast-page-background-enabled":"default","ast-page-background-meta":{"desktop":{"background-color":"","background-image":"","background-repeat":"repeat","background-position":"center center","background-size":"auto","background-attachment":"scroll","background-type":"","background-media":"","overlay-type":"","overlay-color":"","overlay-opacity":"","overlay-gradient":""},"tablet":{"background-color":"","background-image":"","background-repeat":"repeat","background-position":"center center","background-size":"auto","background-attachment":"scroll","background-type":"","background-media":"","overlay-type":"","overlay-color":"","overlay-opacity":"","overlay-gradient":""},"mobile":{"background-color":"","background-image":"","background-repeat":"repeat","background-position":"center center","background-size":"auto","background-attachment":"scroll","background-type":"","background-media":"","overlay-type":"","overlay-color":"","overlay-opacity":"","overlay-gradient":""}},"ast-content-background-meta":{"desktop":{"background-color":"var(--ast-global-color-5)","background-image":"","background-repeat":"repeat","background-position":"center center","background-size":"auto","background-attachment":"scroll","background-type":"","background-media":"","overlay-type":"","overlay-color":"","overlay-opacity":"","overlay-gradient":""},"tablet":{"background-color":"var(--ast-global-color-5)","background-image":"","background-repeat":"repeat","background-position":"center center","background-size":"auto","background-attachment":"scroll","background-type":"","background-media":"","overlay-type":"","overlay-color":"","overlay-opacity":"","overlay-gradient":""},"mobile":{"background-color":"var(--ast-global-color-5)","background-image":"","background-repeat":"repeat","background-position":"center center","background-size":"auto","background-attachment":"scroll","background-type":"","background-media":"","overlay-type":"","overlay-color":"","overlay-opacity":"","overlay-gradient":""}},"footnotes":""},"class_list":["post-2576","page","type-page","status-publish","hentry"],"aioseo_notices":[],"_links":{"self":[{"href":"https:\/\/masante-cam.org\/masante\/wp-json\/wp\/v2\/pages\/2576","targetHints":{"allow":["GET"]}}],"collection":[{"href":"https:\/\/masante-cam.org\/masante\/wp-json\/wp\/v2\/pages"}],"about":[{"href":"https:\/\/masante-cam.org\/masante\/wp-json\/wp\/v2\/types\/page"}],"author":[{"embeddable":true,"href":"https:\/\/masante-cam.org\/masante\/wp-json\/wp\/v2\/users\/1"}],"replies":[{"embeddable":true,"href":"https:\/\/masante-cam.org\/masante\/wp-json\/wp\/v2\/comments?post=2576"}],"version-history":[{"count":23,"href":"https:\/\/masante-cam.org\/masante\/wp-json\/wp\/v2\/pages\/2576\/revisions"}],"predecessor-version":[{"id":2624,"href":"https:\/\/masante-cam.org\/masante\/wp-json\/wp\/v2\/pages\/2576\/revisions\/2624"}],"wp:attachment":[{"href":"https:\/\/masante-cam.org\/masante\/wp-json\/wp\/v2\/media?parent=2576"}],"curies":[{"name":"wp","href":"https:\/\/api.w.org\/{rel}","templated":true}]}}