{"id":2659,"date":"2023-12-19T16:47:53","date_gmt":"2023-12-19T15:47:53","guid":{"rendered":"https:\/\/masante-cam.org\/masante\/?page_id=2659"},"modified":"2023-12-27T15:02:47","modified_gmt":"2023-12-27T14:02:47","slug":"appel-a-candidature-stage-en-redaction-de-grants-et-darticles-scientifiques","status":"publish","type":"page","link":"https:\/\/masante-cam.org\/masante\/appel-a-candidature-stage-en-redaction-de-grants-et-darticles-scientifiques\/","title":{"rendered":"APPEL \u00c0 CANDIDATURE : STAGE EN R\u00c9DACTION DE GRANTS ET D&rsquo;ARTICLES SCIENTIFIQUES"},"content":{"rendered":"\t\t<div data-elementor-type=\"wp-page\" data-elementor-id=\"2659\" class=\"elementor elementor-2659\">\n\t\t\t\t\t\t<section class=\"elementor-section elementor-top-section elementor-element elementor-element-d0aa612 elementor-section-boxed elementor-section-height-default elementor-section-height-default\" data-id=\"d0aa612\" data-element_type=\"section\" data-e-type=\"section\">\n\t\t\t\t\t\t<div class=\"elementor-container elementor-column-gap-default\">\n\t\t\t\t\t<div class=\"elementor-column elementor-col-100 elementor-top-column elementor-element elementor-element-11663ac\" data-id=\"11663ac\" data-element_type=\"column\" data-e-type=\"column\">\n\t\t\t<div class=\"elementor-widget-wrap elementor-element-populated\">\n\t\t\t\t\t\t<div class=\"elementor-element elementor-element-c763443 elementor-widget elementor-widget-heading\" data-id=\"c763443\" data-element_type=\"widget\" data-e-type=\"widget\" data-widget_type=\"heading.default\">\n\t\t\t\t<div class=\"elementor-widget-container\">\n\t\t\t\t\t<h3 class=\"elementor-heading-title elementor-size-default\">APPEL \u00c0 CANDIDATURE : STAGE EN R\u00c9DACTION DE GRANTS ET D'ARTICLES SCIENTIFIQUES<\/h3>\t\t\t\t<\/div>\n\t\t\t\t<\/div>\n\t\t\t\t\t<\/div>\n\t\t<\/div>\n\t\t\t\t\t<\/div>\n\t\t<\/section>\n\t\t\t\t<section class=\"elementor-section elementor-top-section elementor-element elementor-element-d16093b elementor-section-boxed elementor-section-height-default elementor-section-height-default\" data-id=\"d16093b\" data-element_type=\"section\" data-e-type=\"section\" data-settings=\"{&quot;background_background&quot;:&quot;classic&quot;}\">\n\t\t\t\t\t\t<div class=\"elementor-container elementor-column-gap-default\">\n\t\t\t\t\t<div class=\"elementor-column elementor-col-100 elementor-top-column elementor-element elementor-element-fbf861d\" data-id=\"fbf861d\" data-element_type=\"column\" data-e-type=\"column\">\n\t\t\t<div class=\"elementor-widget-wrap elementor-element-populated\">\n\t\t\t\t\t\t<div class=\"elementor-element elementor-element-5e9446f elementor-widget elementor-widget-text-editor\" data-id=\"5e9446f\" data-element_type=\"widget\" data-e-type=\"widget\" data-widget_type=\"text-editor.default\">\n\t\t\t\t<div class=\"elementor-widget-container\">\n\t\t\t\t\t\t\t\t\t<p>M.A. SANTE [Meilleur Acc\u00e8s aux Soins de Sant\u00e9] est une ONG camerounaise bas\u00e9e \u00e0 Yaound\u00e9, cr\u00e9\u00e9e en 2006 avec pour objectif de contribuer \u00e0 l&rsquo;am\u00e9lioration de l&rsquo;acc\u00e8s aux soins de sant\u00e9 au Cameroun par la recherche, la formation en sant\u00e9 ainsi que la mise en \u0153uvre d&rsquo;interventions sanitaires. Ses activit\u00e9s sont organis\u00e9es \u00e0 partir de son si\u00e8ge \u00e0 Yaound\u00e9 et de ses sites d\u00e9centralis\u00e9s bas\u00e9s \u00e0 l&rsquo;h\u00f4pital r\u00e9gional de Kousseri (Extr\u00eame-Nord, Cameroun), au CMA de Congo I (Douala, Cameroun), au district sanitaire de Mogod\u00e9 (Extr\u00eame-Nord, Cameroun) et au district sanitaire de Dschang (Ouest, Cameroun).<\/p><p>Dans le cadre de son programme de renforcement des capacit\u00e9s de recherche, M.A SANTE recherche des candidats pour la r\u00e9daction de Grants et d&rsquo;articles scientifiques pour une dur\u00e9e de 06 mois.<\/p><p><strong>Lieu du Stage : Yaound\u00e9<\/strong><\/p><p><strong>Comp\u00e9tences \/ Exigences \/ Qualit\u00e9s :<\/strong><\/p><p>&#8211; \u00catre titulaire d&rsquo;un Master ou d&rsquo;un Doctorat en Epid\u00e9miologie, Biologie Clinique ou Pharmacie, M\u00e9decine, Parasitologie, Biostatistique<\/p><p>&#8211; Exp\u00e9rience d&rsquo;au moins 1 an ou preuve d&rsquo;engagement dans la recherche<\/p><p><strong>Composition du dossier<\/strong><\/p><p>&#8211; Curriculum vitae de deux pages maximums (avec publication)<\/p><p>&#8211; Preuve de la soutenance du m\u00e9moire ou de la th\u00e8se<\/p><p>&#8211; R\u00e9sum\u00e9 structur\u00e9 du m\u00e9moire ou de la th\u00e8se<\/p><p>&#8211; Lettre de motivation d&rsquo;une page adress\u00e9e au directeur scientifique du M.A. SANTE<\/p><p>&#8211; Copie du dipl\u00f4me ou de l&rsquo;attestation de r\u00e9ussite<\/p><p>&#8211; Photocopie de la carte d&rsquo;identit\u00e9 nationale.<\/p><p>Pour les dossiers soumis par courrier \u00e9lectronique, les documents doivent \u00eatre envoy\u00e9s en format PDF dans un seul fichier (Nom Pr\u00e9nom.pdf).<\/p><p><strong>Comment postuler ?<\/strong><\/p><p>Les candidatures doivent d\u00e9pos\u00e9es au plus tard le <strong>15\/01\/2024 <\/strong>\u00e0 17 heures au si\u00e8ge de l&rsquo;Association : Yaound\u00e9, quartier Biyem-Assi Lac, en face du Centre Educatif Tyrannus ; ou envoy\u00e9es \u00e0 l&rsquo;adresse suivante : <a href=\"mailto:secretariat@masante-cam.org\">secretariat@masante-cam.org<\/a> avec copie \u00e0 cmmassante@gmail.com.<\/p><p>Les candidatures re\u00e7ues apr\u00e8s la date limite ou ne remplissant pas toutes les conditions ne seront pas prises en consid\u00e9ration.<\/p><p>Seuls les candidats pr\u00e9s\u00e9lectionn\u00e9s seront contact\u00e9s pour des auditions.<\/p>\t\t\t\t\t\t\t\t<\/div>\n\t\t\t\t<\/div>\n\t\t\t\t\t<\/div>\n\t\t<\/div>\n\t\t\t\t\t<\/div>\n\t\t<\/section>\n\t\t\t\t<\/div>\n\t\t","protected":false},"excerpt":{"rendered":"<p>APPEL \u00c0 CANDIDATURE : STAGE EN R\u00c9DACTION DE GRANTS ET D&rsquo;ARTICLES SCIENTIFIQUES M.A. SANTE [Meilleur Acc\u00e8s aux Soins de Sant\u00e9] est une ONG camerounaise bas\u00e9e \u00e0 Yaound\u00e9, cr\u00e9\u00e9e en 2006 avec pour objectif de contribuer \u00e0 l&rsquo;am\u00e9lioration de l&rsquo;acc\u00e8s aux soins de sant\u00e9 au Cameroun par la recherche, la formation en sant\u00e9 ainsi que la [&hellip;]<\/p>\n","protected":false},"author":1,"featured_media":0,"parent":0,"menu_order":0,"comment_status":"closed","ping_status":"closed","template":"","meta":{"_eb_attr":"","om_disable_all_campaigns":false,"_exactmetrics_skip_tracking":false,"_exactmetrics_sitenote_active":false,"_exactmetrics_sitenote_note":"","_exactmetrics_sitenote_category":0,"_monsterinsights_skip_tracking":false,"_monsterinsights_sitenote_active":false,"_monsterinsights_sitenote_note":"","_monsterinsights_sitenote_category":0,"site-sidebar-layout":"no-sidebar","site-content-layout":"page-builder","ast-site-content-layout":"full-width-container","site-content-style":"default","site-sidebar-style":"default","ast-global-header-display":"","ast-banner-title-visibility":"","ast-main-header-display":"","ast-hfb-above-header-display":"","ast-hfb-below-header-display":"","ast-hfb-mobile-header-display":"","site-post-title":"disabled","ast-breadcrumbs-content":"","ast-featured-img":"disabled","footer-sml-layout":"","ast-disable-related-posts":"","theme-transparent-header-meta":"","adv-header-id-meta":"","stick-header-meta":"","header-above-stick-meta":"","header-main-stick-meta":"","header-below-stick-meta":"","astra-migrate-meta-layouts":"set","ast-page-background-enabled":"default","ast-page-background-meta":{"desktop":{"background-color":"","background-image":"","background-repeat":"repeat","background-position":"center center","background-size":"auto","background-attachment":"scroll","background-type":"","background-media":"","overlay-type":"","overlay-color":"","overlay-opacity":"","overlay-gradient":""},"tablet":{"background-color":"","background-image":"","background-repeat":"repeat","background-position":"center center","background-size":"auto","background-attachment":"scroll","background-type":"","background-media":"","overlay-type":"","overlay-color":"","overlay-opacity":"","overlay-gradient":""},"mobile":{"background-color":"","background-image":"","background-repeat":"repeat","background-position":"center center","background-size":"auto","background-attachment":"scroll","background-type":"","background-media":"","overlay-type":"","overlay-color":"","overlay-opacity":"","overlay-gradient":""}},"ast-content-background-meta":{"desktop":{"background-color":"var(--ast-global-color-5)","background-image":"","background-repeat":"repeat","background-position":"center center","background-size":"auto","background-attachment":"scroll","background-type":"","background-media":"","overlay-type":"","overlay-color":"","overlay-opacity":"","overlay-gradient":""},"tablet":{"background-color":"var(--ast-global-color-5)","background-image":"","background-repeat":"repeat","background-position":"center center","background-size":"auto","background-attachment":"scroll","background-type":"","background-media":"","overlay-type":"","overlay-color":"","overlay-opacity":"","overlay-gradient":""},"mobile":{"background-color":"var(--ast-global-color-5)","background-image":"","background-repeat":"repeat","background-position":"center center","background-size":"auto","background-attachment":"scroll","background-type":"","background-media":"","overlay-type":"","overlay-color":"","overlay-opacity":"","overlay-gradient":""}},"footnotes":""},"class_list":["post-2659","page","type-page","status-publish","hentry"],"aioseo_notices":[],"_links":{"self":[{"href":"https:\/\/masante-cam.org\/masante\/wp-json\/wp\/v2\/pages\/2659","targetHints":{"allow":["GET"]}}],"collection":[{"href":"https:\/\/masante-cam.org\/masante\/wp-json\/wp\/v2\/pages"}],"about":[{"href":"https:\/\/masante-cam.org\/masante\/wp-json\/wp\/v2\/types\/page"}],"author":[{"embeddable":true,"href":"https:\/\/masante-cam.org\/masante\/wp-json\/wp\/v2\/users\/1"}],"replies":[{"embeddable":true,"href":"https:\/\/masante-cam.org\/masante\/wp-json\/wp\/v2\/comments?post=2659"}],"version-history":[{"count":16,"href":"https:\/\/masante-cam.org\/masante\/wp-json\/wp\/v2\/pages\/2659\/revisions"}],"predecessor-version":[{"id":2681,"href":"https:\/\/masante-cam.org\/masante\/wp-json\/wp\/v2\/pages\/2659\/revisions\/2681"}],"wp:attachment":[{"href":"https:\/\/masante-cam.org\/masante\/wp-json\/wp\/v2\/media?parent=2659"}],"curies":[{"name":"wp","href":"https:\/\/api.w.org\/{rel}","templated":true}]}}