{"id":3031,"date":"2024-05-08T09:44:59","date_gmt":"2024-05-08T07:44:59","guid":{"rendered":"https:\/\/masante-cam.org\/masante\/?page_id=3031"},"modified":"2024-05-08T09:49:45","modified_gmt":"2024-05-08T07:49:45","slug":"appel-a-candidature-un-consultant-en-communication","status":"publish","type":"page","link":"https:\/\/masante-cam.org\/masante\/appel-a-candidature-un-consultant-en-communication\/","title":{"rendered":"APPEL \u00c0 CANDIDATURE : UN CONSULTANT EN COMMUNICATION"},"content":{"rendered":"\t\t<div data-elementor-type=\"wp-page\" data-elementor-id=\"3031\" class=\"elementor elementor-3031\">\n\t\t\t\t\t\t<section class=\"elementor-section elementor-top-section elementor-element elementor-element-62fb026 elementor-section-boxed elementor-section-height-default elementor-section-height-default\" data-id=\"62fb026\" data-element_type=\"section\" data-e-type=\"section\">\n\t\t\t\t\t\t<div class=\"elementor-container elementor-column-gap-default\">\n\t\t\t\t\t<div class=\"elementor-column elementor-col-100 elementor-top-column elementor-element elementor-element-aaa080a\" data-id=\"aaa080a\" data-element_type=\"column\" data-e-type=\"column\">\n\t\t\t<div class=\"elementor-widget-wrap elementor-element-populated\">\n\t\t\t\t\t\t<div class=\"elementor-element elementor-element-6b77513 elementor-widget elementor-widget-heading\" data-id=\"6b77513\" data-element_type=\"widget\" data-e-type=\"widget\" data-widget_type=\"heading.default\">\n\t\t\t\t<div class=\"elementor-widget-container\">\n\t\t\t\t\t<h3 class=\"elementor-heading-title elementor-size-default\">APPEL \u00c0 CANDIDATURE : UN CONSULTANT EN COMMUNICATION <\/h3>\t\t\t\t<\/div>\n\t\t\t\t<\/div>\n\t\t\t\t\t<\/div>\n\t\t<\/div>\n\t\t\t\t\t<\/div>\n\t\t<\/section>\n\t\t\t\t<section class=\"elementor-section elementor-top-section elementor-element elementor-element-c1983de elementor-section-boxed elementor-section-height-default elementor-section-height-default\" data-id=\"c1983de\" data-element_type=\"section\" data-e-type=\"section\" data-settings=\"{&quot;background_background&quot;:&quot;classic&quot;}\">\n\t\t\t\t\t\t<div class=\"elementor-container elementor-column-gap-default\">\n\t\t\t\t\t<div class=\"elementor-column elementor-col-100 elementor-top-column elementor-element elementor-element-59e5c7e\" data-id=\"59e5c7e\" data-element_type=\"column\" data-e-type=\"column\">\n\t\t\t<div class=\"elementor-widget-wrap elementor-element-populated\">\n\t\t\t\t\t\t<div class=\"elementor-element elementor-element-dbf3e54 elementor-widget elementor-widget-text-editor\" data-id=\"dbf3e54\" data-element_type=\"widget\" data-e-type=\"widget\" data-widget_type=\"text-editor.default\">\n\t\t\t\t<div class=\"elementor-widget-container\">\n\t\t\t\t\t\t\t\t\t<p>Meilleur Acc\u00e8s aux Soins de Sant\u00e9 est une ONG camerounaise bas\u00e9e \u00e0 Yaound\u00e9, cr\u00e9\u00e9e en 2006 avec pour objectif de contribuer \u00e0 l\u2019am\u00e9lioration de l\u2019acc\u00e8s aux soins de sant\u00e9 au Cameroun \u00e0 travers la recherche, la formation en sant\u00e9 ainsi que la mise en \u0153uvre des interventions sanitaires. Ses activit\u00e9s sont organis\u00e9es \u00e0 partir de son si\u00e8ge social \u00e0 Yaound\u00e9 et de ses sites d\u00e9centralis\u00e9s bas\u00e9s \u00e0 l\u2019h\u00f4pital r\u00e9gional de Kousseri\u00a0(Extr\u00eame-Nord, Cameroun), au CMA de Congo I (Douala, Cameroun), au district de sant\u00e9 de Mogod\u00e9 (Extr\u00eame-Nord, Cameroun) et au district de sant\u00e9 de Dschang (Ouest, Cameroun).<\/p><p>Dans le cadre du renforcement de la visibilit\u00e9 de l\u2019association M.A SANTE sur les r\u00e9seaux sociaux, M.A SANTE lance un appel \u00e0 candidature pour le poste d\u2019un <strong>CONSULTANT EN COMMUNICATION <\/strong><\/p><p><strong>Lieu de travail\u00a0: Yaound\u00e9 <\/strong><\/p><p><strong>Missions\u00a0:<\/strong><\/p><ul><li>Faire une synth\u00e8se, analyse et commentaire sur la communication, les \u00e9v\u00e8nements sanitaires nationales et internationales,<\/li><li>Proposer aux leaders des projets les plans de communication sur leurs activit\u00e9s et les r\u00e9sultats de leurs projets ;<\/li><li>Explorer et proposer un plan de communication pour r\u00e9pondre en besoins de communication sur les probl\u00e8mes de sant\u00e9 majeurs\u00a0;<\/li><li>Animer les principales plateformes de communication de M.A SANTE<\/li><li>Proposer les am\u00e9liorations sur la forme, le fond et le contenu du site web et des principales plateformes de communication de M.A SANTE<\/li><\/ul><p><strong>Profil du candidat<\/strong><\/p><ul><li>\u00catre de nationalit\u00e9 Camerounaise<\/li><li>\u00catre \u00e2g\u00e9 de 21 ans au moins<\/li><li>Avoir de l&rsquo;exp\u00e9rience dans le domaine de la communication sur les questions de sant\u00e9<\/li><li>Faire preuve d&rsquo;int\u00e9grit\u00e9, d&rsquo;honn\u00eatet\u00e9 et d&rsquo;une bonne moralit\u00e9<\/li><li>Avoir une grande capacit\u00e9 d&rsquo;adaptation et de r\u00e9solution de probl\u00e8mes,<\/li><li>Maitriser les deux langues officiel (anglais\/fran\u00e7ais)<\/li><li>Avoir au moins deux ans document\u00e9s de formation universitaire<\/li><\/ul><p><strong>Composition du dossier<\/strong><\/p><ul><li>Lettre de motivation adress\u00e9e au coordonnateur des projets M.A SANTE ;<\/li><li>Un curriculum vitae<\/li><li>Photocopie de la carte nationale d\u2019identit\u00e9<\/li><li>Copie des dipl\u00f4mes obtenus<\/li><\/ul><p>Pour les dossiers soumis par mail, les pi\u00e8ces devront parvenir au format PDF dans\u00a0<strong>un seul\u00a0fichier\u00a0<\/strong>(Nom_Pr\u00e9nom.pdf).<\/p><p><strong>Comment soumettre sa candidature<\/strong> : Les dossiers de candidature doivent \u00eatre d\u00e9pos\u00e9s au plus tard le\u00a017\/05\/24\u00a0\u00e0<strong>\u00a017\u00a0<\/strong>heures au si\u00e8ge de l\u2019Association\u00a0:\u00a0<strong>Yaound\u00e9, Quartier Biyem-Assi Lac, face Centre Educatif Tyrannus\u00a0;\u00a0<\/strong>soit envoy\u00e9s \u00e0 l\u2019adresse suivante\u00a0:\u00a0<a href=\"mailto:secretariat@masante-cam.org\">secretariat@masante-cam.org<\/a>\u00a0avec copie \u00e0\u00a0\u00a0<a href=\"mailto:cmmassante@gmail.com\">cmmassante@gmail.com<\/a>.<\/p><p>Les candidatures re\u00e7ues apr\u00e8s la date limite ou ne remplissant pas toutes les conditions ne seront pas prises en compte.<\/p><p>Seules les candidatures pr\u00e9s\u00e9lectionn\u00e9es seront contact\u00e9es pour les auditions. <\/p>\t\t\t\t\t\t\t\t<\/div>\n\t\t\t\t<\/div>\n\t\t\t\t\t<\/div>\n\t\t<\/div>\n\t\t\t\t\t<\/div>\n\t\t<\/section>\n\t\t\t\t<\/div>\n\t\t","protected":false},"excerpt":{"rendered":"<p>APPEL \u00c0 CANDIDATURE : UN CONSULTANT EN COMMUNICATION Meilleur Acc\u00e8s aux Soins de Sant\u00e9 est une ONG camerounaise bas\u00e9e \u00e0 Yaound\u00e9, cr\u00e9\u00e9e en 2006 avec pour objectif de contribuer \u00e0 l\u2019am\u00e9lioration de l\u2019acc\u00e8s aux soins de sant\u00e9 au Cameroun \u00e0 travers la recherche, la formation en sant\u00e9 ainsi que la mise en \u0153uvre des interventions [&hellip;]<\/p>\n","protected":false},"author":1,"featured_media":0,"parent":0,"menu_order":0,"comment_status":"closed","ping_status":"closed","template":"","meta":{"_eb_attr":"","om_disable_all_campaigns":false,"_exactmetrics_skip_tracking":false,"_exactmetrics_sitenote_active":false,"_exactmetrics_sitenote_note":"","_exactmetrics_sitenote_category":0,"_monsterinsights_skip_tracking":false,"_monsterinsights_sitenote_active":false,"_monsterinsights_sitenote_note":"","_monsterinsights_sitenote_category":0,"site-sidebar-layout":"no-sidebar","site-content-layout":"page-builder","ast-site-content-layout":"full-width-container","site-content-style":"default","site-sidebar-style":"default","ast-global-header-display":"","ast-banner-title-visibility":"","ast-main-header-display":"","ast-hfb-above-header-display":"","ast-hfb-below-header-display":"","ast-hfb-mobile-header-display":"","site-post-title":"disabled","ast-breadcrumbs-content":"","ast-featured-img":"disabled","footer-sml-layout":"","ast-disable-related-posts":"","theme-transparent-header-meta":"","adv-header-id-meta":"","stick-header-meta":"","header-above-stick-meta":"","header-main-stick-meta":"","header-below-stick-meta":"","astra-migrate-meta-layouts":"set","ast-page-background-enabled":"default","ast-page-background-meta":{"desktop":{"background-color":"","background-image":"","background-repeat":"repeat","background-position":"center center","background-size":"auto","background-attachment":"scroll","background-type":"","background-media":"","overlay-type":"","overlay-color":"","overlay-opacity":"","overlay-gradient":""},"tablet":{"background-color":"","background-image":"","background-repeat":"repeat","background-position":"center center","background-size":"auto","background-attachment":"scroll","background-type":"","background-media":"","overlay-type":"","overlay-color":"","overlay-opacity":"","overlay-gradient":""},"mobile":{"background-color":"","background-image":"","background-repeat":"repeat","background-position":"center center","background-size":"auto","background-attachment":"scroll","background-type":"","background-media":"","overlay-type":"","overlay-color":"","overlay-opacity":"","overlay-gradient":""}},"ast-content-background-meta":{"desktop":{"background-color":"var(--ast-global-color-5)","background-image":"","background-repeat":"repeat","background-position":"center center","background-size":"auto","background-attachment":"scroll","background-type":"","background-media":"","overlay-type":"","overlay-color":"","overlay-opacity":"","overlay-gradient":""},"tablet":{"background-color":"var(--ast-global-color-5)","background-image":"","background-repeat":"repeat","background-position":"center center","background-size":"auto","background-attachment":"scroll","background-type":"","background-media":"","overlay-type":"","overlay-color":"","overlay-opacity":"","overlay-gradient":""},"mobile":{"background-color":"var(--ast-global-color-5)","background-image":"","background-repeat":"repeat","background-position":"center center","background-size":"auto","background-attachment":"scroll","background-type":"","background-media":"","overlay-type":"","overlay-color":"","overlay-opacity":"","overlay-gradient":""}},"footnotes":""},"class_list":["post-3031","page","type-page","status-publish","hentry"],"aioseo_notices":[],"_links":{"self":[{"href":"https:\/\/masante-cam.org\/masante\/wp-json\/wp\/v2\/pages\/3031","targetHints":{"allow":["GET"]}}],"collection":[{"href":"https:\/\/masante-cam.org\/masante\/wp-json\/wp\/v2\/pages"}],"about":[{"href":"https:\/\/masante-cam.org\/masante\/wp-json\/wp\/v2\/types\/page"}],"author":[{"embeddable":true,"href":"https:\/\/masante-cam.org\/masante\/wp-json\/wp\/v2\/users\/1"}],"replies":[{"embeddable":true,"href":"https:\/\/masante-cam.org\/masante\/wp-json\/wp\/v2\/comments?post=3031"}],"version-history":[{"count":7,"href":"https:\/\/masante-cam.org\/masante\/wp-json\/wp\/v2\/pages\/3031\/revisions"}],"predecessor-version":[{"id":3038,"href":"https:\/\/masante-cam.org\/masante\/wp-json\/wp\/v2\/pages\/3031\/revisions\/3038"}],"wp:attachment":[{"href":"https:\/\/masante-cam.org\/masante\/wp-json\/wp\/v2\/media?parent=3031"}],"curies":[{"name":"wp","href":"https:\/\/api.w.org\/{rel}","templated":true}]}}