{"id":3485,"date":"2024-10-14T10:48:45","date_gmt":"2024-10-14T08:48:45","guid":{"rendered":"https:\/\/masante-cam.org\/masante\/?page_id=3485"},"modified":"2025-04-02T10:08:45","modified_gmt":"2025-04-02T08:08:45","slug":"appel-a-candidature-stagiaire","status":"publish","type":"page","link":"https:\/\/masante-cam.org\/masante\/appel-a-candidature-stagiaire\/","title":{"rendered":"APPEL \u00c0 CANDIDATURE : STAGIAIRES"},"content":{"rendered":"\t\t<div data-elementor-type=\"wp-page\" data-elementor-id=\"3485\" class=\"elementor elementor-3485\">\n\t\t\t\t\t\t<section class=\"elementor-section elementor-top-section elementor-element elementor-element-3277633 elementor-section-boxed elementor-section-height-default elementor-section-height-default\" data-id=\"3277633\" data-element_type=\"section\" data-e-type=\"section\" data-settings=\"{&quot;background_background&quot;:&quot;classic&quot;}\">\n\t\t\t\t\t\t<div class=\"elementor-container elementor-column-gap-default\">\n\t\t\t\t\t<div class=\"elementor-column elementor-col-100 elementor-top-column elementor-element elementor-element-97ffedf\" data-id=\"97ffedf\" data-element_type=\"column\" data-e-type=\"column\">\n\t\t\t<div class=\"elementor-widget-wrap elementor-element-populated\">\n\t\t\t\t\t\t<div class=\"elementor-element elementor-element-3b4dda5 elementor-widget elementor-widget-heading\" data-id=\"3b4dda5\" data-element_type=\"widget\" data-e-type=\"widget\" data-widget_type=\"heading.default\">\n\t\t\t\t<div class=\"elementor-widget-container\">\n\t\t\t\t\t<h3 class=\"elementor-heading-title elementor-size-default\">APPEL \u00c0 CANDIDATURE : STAGIAIRE  <\/h3>\t\t\t\t<\/div>\n\t\t\t\t<\/div>\n\t\t\t\t\t<\/div>\n\t\t<\/div>\n\t\t\t\t\t<\/div>\n\t\t<\/section>\n\t\t\t\t<section class=\"elementor-section elementor-top-section elementor-element elementor-element-a26170c elementor-section-boxed elementor-section-height-default elementor-section-height-default\" data-id=\"a26170c\" data-element_type=\"section\" data-e-type=\"section\" data-settings=\"{&quot;background_background&quot;:&quot;classic&quot;}\">\n\t\t\t\t\t\t<div class=\"elementor-container elementor-column-gap-default\">\n\t\t\t\t\t<div class=\"elementor-column elementor-col-100 elementor-top-column elementor-element elementor-element-26c86d7\" data-id=\"26c86d7\" data-element_type=\"column\" data-e-type=\"column\">\n\t\t\t<div class=\"elementor-widget-wrap elementor-element-populated\">\n\t\t\t\t\t\t<div class=\"elementor-element elementor-element-b33421e elementor-widget elementor-widget-text-editor\" data-id=\"b33421e\" data-element_type=\"widget\" data-e-type=\"widget\" data-widget_type=\"text-editor.default\">\n\t\t\t\t<div class=\"elementor-widget-container\">\n\t\t\t\t\t\t\t\t\t<p>M.A. SANTE [Meilleur Acc\u00e8s aux Soins de Sant\u00e9] est une ONG camerounaise bas\u00e9e \u00e0 Yaound\u00e9, cr\u00e9\u00e9e en 2006 avec pour objectif de contribuer \u00e0 l\u2019am\u00e9lioration de l\u2019acc\u00e8s aux soins de sant\u00e9 au Cameroun par la recherche, la formation en sant\u00e9 ainsi que la mise en \u0153uvre d\u2019interventions sanitaires. Ses activit\u00e9s sont organis\u00e9es \u00e0 partir de son si\u00e8ge \u00e0 Yaound\u00e9 et de ses sites d\u00e9centralis\u00e9s bas\u00e9s \u00e0 l\u2019h\u00f4pital r\u00e9gional de Kousseri (Extr\u00eame-Nord, Cameroun), au CMA de Congo I (Douala, Cameroun), au district sanitaire de Mogod\u00e9 (Extr\u00eame-Nord, Cameroun) et au district sanitaire de Dschang (Ouest, Cameroun).<\/p><p>Dans le cadre de son programme de renforcement des capacit\u00e9s de recherche, M.A SANTE recherche des jeunes motiv\u00e9s pour faire carri\u00e8re dans l\u2019un des domaines de la recherche en sant\u00e9 pour une dur\u00e9e de <strong>06 mois renouvelable.<\/strong>\u00a0; notamment<\/p><ul><li>L\u2019exploration de l\u2019\u00e9pid\u00e9miologie des probl\u00e8mes majeurs en sant\u00e9,<\/li><li>L\u2019\u00e9valuation de l\u2019efficience et l\u2019efficacit\u00e9 des protocoles de soins et intervention sanitaires,<\/li><li>Am\u00e9lioration des performances des syst\u00e8mes de sant\u00e9,<\/li><li>Sociologique de la demande des soins,<\/li><li>Biostatistiques et \u00e9thique de la recherche.<\/li><\/ul><p><strong>Lieu du Stage : Yaound\u00e9<\/strong><\/p><p><strong>Comp\u00e9tences \/ Exigences \/ Qualit\u00e9s :<\/strong><\/p><p>\u2013 \u00catre en ann\u00e9e terminale ou titulaire d\u2019un Master ou d\u2019un Doctorat en Epid\u00e9miologie, Biologie Clinique ou Pharmacie, M\u00e9decine, Parasitologie, Biostatistique, Anthropologie M\u00e9dical datant de moins de 12 mois.<\/p><p><strong>Composition du dossier<\/strong><\/p><p>\u2013 Curriculum vitae de deux pages maximums (avec publication)<\/p><p>\u2013 El\u00e9ments justifiants sa qualification<\/p><p>\u2013 R\u00e9sum\u00e9 structur\u00e9 du m\u00e9moire ou de la th\u00e8se<\/p><p>\u2013 Lettre de motivation d\u2019une page adress\u00e9e au directeur scientifique du M.A. SANTE<\/p><p>\u2013 Copie du dipl\u00f4me ou de l\u2019attestation de r\u00e9ussite<\/p><p>\u2013 Photocopie de la carte d\u2019identit\u00e9 nationale.<\/p><p>Pour les dossiers soumis par courrier \u00e9lectronique, les documents doivent \u00eatre envoy\u00e9s en format PDF dans un seul fichier (Nom Pr\u00e9nom.pdf).<\/p><p><strong>Comment postuler ?<\/strong><\/p><p>Les candidatures doivent d\u00e9pos\u00e9es au plus tard le\u00a0<strong>25\/10\/2024\u00a0<\/strong>\u00e0 17 heures au si\u00e8ge de l\u2019Association : Yaound\u00e9, quartier Biyem-Assi Lac, en face du Centre Educatif Tyrannus ; ou envoy\u00e9es \u00e0 l\u2019adresse suivante :\u00a0<a href=\"mailto:secretariat@masante-cam.org\">secretariat@masante-cam.org<\/a>\u00a0avec copie \u00e0 cmmassante@gmail.com.<\/p><p>Les candidatures re\u00e7ues apr\u00e8s la date limite ou ne remplissant pas toutes les conditions ne seront pas prises en consid\u00e9ration.<\/p><p>Seuls les candidats pr\u00e9s\u00e9lectionn\u00e9s seront contact\u00e9s pour des auditions.<\/p>\t\t\t\t\t\t\t\t<\/div>\n\t\t\t\t<\/div>\n\t\t\t\t\t<\/div>\n\t\t<\/div>\n\t\t\t\t\t<\/div>\n\t\t<\/section>\n\t\t\t\t<\/div>\n\t\t","protected":false},"excerpt":{"rendered":"<p>APPEL \u00c0 CANDIDATURE : STAGIAIRE M.A. SANTE [Meilleur Acc\u00e8s aux Soins de Sant\u00e9] est une ONG camerounaise bas\u00e9e \u00e0 Yaound\u00e9, cr\u00e9\u00e9e en 2006 avec pour objectif de contribuer \u00e0 l\u2019am\u00e9lioration de l\u2019acc\u00e8s aux soins de sant\u00e9 au Cameroun par la recherche, la formation en sant\u00e9 ainsi que la mise en \u0153uvre d\u2019interventions sanitaires. Ses activit\u00e9s [&hellip;]<\/p>\n","protected":false},"author":1,"featured_media":0,"parent":0,"menu_order":0,"comment_status":"closed","ping_status":"closed","template":"","meta":{"_eb_attr":"","om_disable_all_campaigns":false,"_exactmetrics_skip_tracking":false,"_exactmetrics_sitenote_active":false,"_exactmetrics_sitenote_note":"","_exactmetrics_sitenote_category":0,"_monsterinsights_skip_tracking":false,"_monsterinsights_sitenote_active":false,"_monsterinsights_sitenote_note":"","_monsterinsights_sitenote_category":0,"site-sidebar-layout":"no-sidebar","site-content-layout":"page-builder","ast-site-content-layout":"full-width-container","site-content-style":"default","site-sidebar-style":"default","ast-global-header-display":"","ast-banner-title-visibility":"","ast-main-header-display":"","ast-hfb-above-header-display":"","ast-hfb-below-header-display":"","ast-hfb-mobile-header-display":"","site-post-title":"disabled","ast-breadcrumbs-content":"","ast-featured-img":"disabled","footer-sml-layout":"","ast-disable-related-posts":"","theme-transparent-header-meta":"","adv-header-id-meta":"","stick-header-meta":"","header-above-stick-meta":"","header-main-stick-meta":"","header-below-stick-meta":"","astra-migrate-meta-layouts":"set","ast-page-background-enabled":"default","ast-page-background-meta":{"desktop":{"background-color":"","background-image":"","background-repeat":"repeat","background-position":"center center","background-size":"auto","background-attachment":"scroll","background-type":"","background-media":"","overlay-type":"","overlay-color":"","overlay-opacity":"","overlay-gradient":""},"tablet":{"background-color":"","background-image":"","background-repeat":"repeat","background-position":"center center","background-size":"auto","background-attachment":"scroll","background-type":"","background-media":"","overlay-type":"","overlay-color":"","overlay-opacity":"","overlay-gradient":""},"mobile":{"background-color":"","background-image":"","background-repeat":"repeat","background-position":"center center","background-size":"auto","background-attachment":"scroll","background-type":"","background-media":"","overlay-type":"","overlay-color":"","overlay-opacity":"","overlay-gradient":""}},"ast-content-background-meta":{"desktop":{"background-color":"var(--ast-global-color-5)","background-image":"","background-repeat":"repeat","background-position":"center center","background-size":"auto","background-attachment":"scroll","background-type":"","background-media":"","overlay-type":"","overlay-color":"","overlay-opacity":"","overlay-gradient":""},"tablet":{"background-color":"var(--ast-global-color-5)","background-image":"","background-repeat":"repeat","background-position":"center center","background-size":"auto","background-attachment":"scroll","background-type":"","background-media":"","overlay-type":"","overlay-color":"","overlay-opacity":"","overlay-gradient":""},"mobile":{"background-color":"var(--ast-global-color-5)","background-image":"","background-repeat":"repeat","background-position":"center center","background-size":"auto","background-attachment":"scroll","background-type":"","background-media":"","overlay-type":"","overlay-color":"","overlay-opacity":"","overlay-gradient":""}},"footnotes":""},"class_list":["post-3485","page","type-page","status-publish","hentry"],"aioseo_notices":[],"_links":{"self":[{"href":"https:\/\/masante-cam.org\/masante\/wp-json\/wp\/v2\/pages\/3485","targetHints":{"allow":["GET"]}}],"collection":[{"href":"https:\/\/masante-cam.org\/masante\/wp-json\/wp\/v2\/pages"}],"about":[{"href":"https:\/\/masante-cam.org\/masante\/wp-json\/wp\/v2\/types\/page"}],"author":[{"embeddable":true,"href":"https:\/\/masante-cam.org\/masante\/wp-json\/wp\/v2\/users\/1"}],"replies":[{"embeddable":true,"href":"https:\/\/masante-cam.org\/masante\/wp-json\/wp\/v2\/comments?post=3485"}],"version-history":[{"count":5,"href":"https:\/\/masante-cam.org\/masante\/wp-json\/wp\/v2\/pages\/3485\/revisions"}],"predecessor-version":[{"id":3691,"href":"https:\/\/masante-cam.org\/masante\/wp-json\/wp\/v2\/pages\/3485\/revisions\/3691"}],"wp:attachment":[{"href":"https:\/\/masante-cam.org\/masante\/wp-json\/wp\/v2\/media?parent=3485"}],"curies":[{"name":"wp","href":"https:\/\/api.w.org\/{rel}","templated":true}]}}