{"id":3674,"date":"2025-03-31T13:22:50","date_gmt":"2025-03-31T11:22:50","guid":{"rendered":"https:\/\/masante-cam.org\/masante\/?page_id=3674"},"modified":"2025-03-31T13:27:55","modified_gmt":"2025-03-31T11:27:55","slug":"appel-doffre-assistant-de-recherche","status":"publish","type":"page","link":"https:\/\/masante-cam.org\/masante\/appel-doffre-assistant-de-recherche\/","title":{"rendered":"Appel d\u2019offre :Assistant de recherche"},"content":{"rendered":"\t\t<div data-elementor-type=\"wp-page\" data-elementor-id=\"3674\" class=\"elementor elementor-3674\">\n\t\t\t\t\t\t<section class=\"elementor-section elementor-top-section elementor-element elementor-element-4ae39702 elementor-section-boxed elementor-section-height-default elementor-section-height-default\" data-id=\"4ae39702\" data-element_type=\"section\" data-e-type=\"section\">\n\t\t\t\t\t\t<div class=\"elementor-container elementor-column-gap-default\">\n\t\t\t\t\t<div class=\"elementor-column elementor-col-100 elementor-top-column elementor-element elementor-element-2dffc9e0\" data-id=\"2dffc9e0\" data-element_type=\"column\" data-e-type=\"column\">\n\t\t\t<div class=\"elementor-widget-wrap elementor-element-populated\">\n\t\t\t\t\t\t<div class=\"elementor-element elementor-element-140c2ad7 elementor-widget elementor-widget-text-editor\" data-id=\"140c2ad7\" data-element_type=\"widget\" data-e-type=\"widget\" data-widget_type=\"text-editor.default\">\n\t\t\t\t<div class=\"elementor-widget-container\">\n\t\t\t\t\t\t\t\t\t\n<p><strong>Position : <\/strong><strong>Assistant de recherche<\/strong><\/p>\n\n\n\n<p><\/p>\n\t\t\t\t\t\t\t\t<\/div>\n\t\t\t\t<\/div>\n\t\t\t\t\t<\/div>\n\t\t<\/div>\n\t\t\t\t\t<\/div>\n\t\t<\/section>\n\t\t\t\t<section class=\"elementor-section elementor-top-section elementor-element elementor-element-b3c873e elementor-section-boxed elementor-section-height-default elementor-section-height-default\" data-id=\"b3c873e\" data-element_type=\"section\" data-e-type=\"section\">\n\t\t\t\t\t\t<div class=\"elementor-container elementor-column-gap-default\">\n\t\t\t\t\t<div class=\"elementor-column elementor-col-100 elementor-top-column elementor-element elementor-element-c83f057\" data-id=\"c83f057\" data-element_type=\"column\" data-e-type=\"column\">\n\t\t\t<div class=\"elementor-widget-wrap\">\n\t\t\t\t\t\t\t<\/div>\n\t\t<\/div>\n\t\t\t\t\t<\/div>\n\t\t<\/section>\n\t\t\t\t<section class=\"elementor-section elementor-top-section elementor-element elementor-element-d014938 elementor-section-boxed elementor-section-height-default elementor-section-height-default\" data-id=\"d014938\" data-element_type=\"section\" data-e-type=\"section\">\n\t\t\t\t\t\t<div class=\"elementor-container elementor-column-gap-default\">\n\t\t\t\t\t<div class=\"elementor-column elementor-col-100 elementor-top-column elementor-element elementor-element-13656e3\" data-id=\"13656e3\" data-element_type=\"column\" data-e-type=\"column\">\n\t\t\t<div class=\"elementor-widget-wrap elementor-element-populated\">\n\t\t\t\t\t\t<div class=\"elementor-element elementor-element-475953c elementor-widget elementor-widget-text-editor\" data-id=\"475953c\" data-element_type=\"widget\" data-e-type=\"widget\" data-widget_type=\"text-editor.default\">\n\t\t\t\t<div class=\"elementor-widget-container\">\n\t\t\t\t\t\t\t\t\t<p>\u00a0<\/p>\n<p><strong>Dur\u00e9e du contrat\u00a0: 03 mois<\/strong><\/p>\n<p><strong>\u00a0<\/strong><\/p>\n<p><strong>Localisation\u00a0: Yaound\u00e9, Cameroun \/ Noter que le candidat retenu peut travailler en ligne.<\/strong><\/p>\n<p><strong>\u00a0<\/strong><\/p>\n<p><strong>M.A. SANTE\/BAHCARE<\/strong> [Meilleur Acc\u00e8s aux Soins de Sant\u00e9 \/ Better Access to healthcare] est une ONG camerounaise bas\u00e9e \u00e0 Yaound\u00e9, cr\u00e9\u00e9e en 2006 avec pour objectif de contribuer \u00e0 l\u2019am\u00e9lioration de l&rsquo;acc\u00e8s aux soins de sant\u00e9 au Cameroun \u00e0 travers la recherche, la formation en sant\u00e9 ainsi que la mise en \u0153uvre des interventions sanitaires. Ses activit\u00e9s sont organis\u00e9es \u00e0 partir de son si\u00e8ge social \u00e0 Yaound\u00e9 et de ses laboratoires d\u00e9centralis\u00e9s bas\u00e9 \u00e0 l\u2019h\u00f4pital r\u00e9gional de Kousseri \u00a0(Extr\u00eame-Nord, Cameroun), au CMA de Congo I (Douala, Cameroun) et \u00e0 Mogod\u00e9 (Extr\u00eame-Nord, Cameroun).<\/p>\n<p>Dans le cadre de la mise en \u0153uvre de ses activit\u00e9s, l\u2019Association recherche <strong>01 assistant de recherche pour <\/strong><strong>R\u00e9diger et mettre en \u0153uvre une protocole de revue revue syst\u00e9matique devant aboutir \u00e0 la publication de deux articles en revue syt\u00e9matiqu<\/strong>.<\/p>\n<p><strong>\u00a0<\/strong><\/p>\n<p><strong>Poste\u00a0: Yaound\u00e9<\/strong><\/p>\n<p><strong>Profil requis\u00a0:<\/strong><\/p>\n<ul>\n<li>Peut faire acte de candidature, tout titulaire d\u2019un Master, Doctorat ou PHD en Epid\u00e9miologie, Biostatistiques, Sant\u00e9 publique, Medecine, ou en toute sciences biom\u00e9dicales ayant une formation et une exp\u00e9rience av\u00e9r\u00e9e en revue syst\u00e9matique.<\/li>\n<\/ul>\n<p>\u00a0<\/p>\n<p><strong>Langue : <\/strong>Avoir une maitrise de la langue anglaise.<\/p>\n<p>\u00a0<\/p>\n<p><strong>Qualit\u00e9s exig\u00e9es<\/strong> :\u00a0<\/p>\n<ul>\n<li>Etre capable d\u2019apprendre rapidement, de travailler sous pression et en \u00e9quipe<\/li>\n<\/ul>\n<p>\u00a0<\/p>\n<p><strong>Composition du dossier<\/strong><\/p>\n<ul>\n<li>Lettre de motivation de 500 mots au maximum\u00a0;<\/li>\n<li>Le CV de quatre pages au maximum qui pr\u00e9sente entre autres les formations, l\u2019exp\u00e9rience et les r\u00e9f\u00e9rences d\u2019articles publi\u00e9s en revue syst\u00e9matique;<\/li>\n<li>La copie des diplomes universitaires et de formation continue<\/li>\n<\/ul>\n<p>\u00a0<\/p>\n<p><strong>Comment soumettre sa candidature\u00a0:<\/strong><\/p>\n<p><strong>\u00a0<\/strong><\/p>\n<p>Les dossiers de candidature peuvent \u00eatre soient d\u00e9pos\u00e9s en copie physique au si\u00e8ge de l\u2019Association\u00a0(Yaound\u00e9, Biye, Assi Lac, Avenue de Mvolye, Rue 33490\u00a0 batiment 1416 , 1410), soit envoy\u00e9\u00a0en un PDF (Nom-Re-Reference de l\u2019appel d\u2019offre) \u00e0 l\u2019adresse suivante\u00a0: <a href=\"mailto:secretariat@masante-cam.org\"><strong>secretariat@masante-cam.org<\/strong><\/a> avec copie \u00e0\u00a0 <a href=\"mailto:cmmassante@gmail.com\"><strong>cmmassante@gmail.com<\/strong><\/a><strong>.<\/strong><\/p>\n<p>\u00a0<\/p>\n<p><strong>Date limite de candidature\u00a0: 27 Mai 2025 \u00e0 17hOO.<\/strong><\/p>\n<p>\u00a0<\/p>\n<p>Seules les candidatures pr\u00e9selection\u00e9es seront contact\u00e9es pour les auditions.<\/p>\n<p>\u00a0<\/p>\t\t\t\t\t\t\t\t<\/div>\n\t\t\t\t<\/div>\n\t\t\t\t\t<\/div>\n\t\t<\/div>\n\t\t\t\t\t<\/div>\n\t\t<\/section>\n\t\t\t\t<\/div>\n\t\t","protected":false},"excerpt":{"rendered":"<p>Position : Assistant de recherche \u00a0 Dur\u00e9e du contrat\u00a0: 03 mois \u00a0 Localisation\u00a0: Yaound\u00e9, Cameroun \/ Noter que le candidat retenu peut travailler en ligne. \u00a0 M.A. SANTE\/BAHCARE [Meilleur Acc\u00e8s aux Soins de Sant\u00e9 \/ Better Access to healthcare] est une ONG camerounaise bas\u00e9e \u00e0 Yaound\u00e9, cr\u00e9\u00e9e en 2006 avec pour objectif de contribuer \u00e0 [&hellip;]<\/p>\n","protected":false},"author":1,"featured_media":0,"parent":0,"menu_order":0,"comment_status":"closed","ping_status":"closed","template":"","meta":{"_eb_attr":"","om_disable_all_campaigns":false,"_exactmetrics_skip_tracking":false,"_exactmetrics_sitenote_active":false,"_exactmetrics_sitenote_note":"","_exactmetrics_sitenote_category":0,"_monsterinsights_skip_tracking":false,"_monsterinsights_sitenote_active":false,"_monsterinsights_sitenote_note":"","_monsterinsights_sitenote_category":0,"site-sidebar-layout":"default","site-content-layout":"","ast-site-content-layout":"default","site-content-style":"default","site-sidebar-style":"default","ast-global-header-display":"","ast-banner-title-visibility":"","ast-main-header-display":"","ast-hfb-above-header-display":"","ast-hfb-below-header-display":"","ast-hfb-mobile-header-display":"","site-post-title":"","ast-breadcrumbs-content":"","ast-featured-img":"","footer-sml-layout":"","ast-disable-related-posts":"","theme-transparent-header-meta":"","adv-header-id-meta":"","stick-header-meta":"","header-above-stick-meta":"","header-main-stick-meta":"","header-below-stick-meta":"","astra-migrate-meta-layouts":"set","ast-page-background-enabled":"default","ast-page-background-meta":{"desktop":{"background-color":"","background-image":"","background-repeat":"repeat","background-position":"center center","background-size":"auto","background-attachment":"scroll","background-type":"","background-media":"","overlay-type":"","overlay-color":"","overlay-opacity":"","overlay-gradient":""},"tablet":{"background-color":"","background-image":"","background-repeat":"repeat","background-position":"center center","background-size":"auto","background-attachment":"scroll","background-type":"","background-media":"","overlay-type":"","overlay-color":"","overlay-opacity":"","overlay-gradient":""},"mobile":{"background-color":"","background-image":"","background-repeat":"repeat","background-position":"center center","background-size":"auto","background-attachment":"scroll","background-type":"","background-media":"","overlay-type":"","overlay-color":"","overlay-opacity":"","overlay-gradient":""}},"ast-content-background-meta":{"desktop":{"background-color":"var(--ast-global-color-5)","background-image":"","background-repeat":"repeat","background-position":"center center","background-size":"auto","background-attachment":"scroll","background-type":"","background-media":"","overlay-type":"","overlay-color":"","overlay-opacity":"","overlay-gradient":""},"tablet":{"background-color":"var(--ast-global-color-5)","background-image":"","background-repeat":"repeat","background-position":"center center","background-size":"auto","background-attachment":"scroll","background-type":"","background-media":"","overlay-type":"","overlay-color":"","overlay-opacity":"","overlay-gradient":""},"mobile":{"background-color":"var(--ast-global-color-5)","background-image":"","background-repeat":"repeat","background-position":"center center","background-size":"auto","background-attachment":"scroll","background-type":"","background-media":"","overlay-type":"","overlay-color":"","overlay-opacity":"","overlay-gradient":""}},"footnotes":""},"class_list":["post-3674","page","type-page","status-publish","hentry"],"aioseo_notices":[],"_links":{"self":[{"href":"https:\/\/masante-cam.org\/masante\/wp-json\/wp\/v2\/pages\/3674","targetHints":{"allow":["GET"]}}],"collection":[{"href":"https:\/\/masante-cam.org\/masante\/wp-json\/wp\/v2\/pages"}],"about":[{"href":"https:\/\/masante-cam.org\/masante\/wp-json\/wp\/v2\/types\/page"}],"author":[{"embeddable":true,"href":"https:\/\/masante-cam.org\/masante\/wp-json\/wp\/v2\/users\/1"}],"replies":[{"embeddable":true,"href":"https:\/\/masante-cam.org\/masante\/wp-json\/wp\/v2\/comments?post=3674"}],"version-history":[{"count":7,"href":"https:\/\/masante-cam.org\/masante\/wp-json\/wp\/v2\/pages\/3674\/revisions"}],"predecessor-version":[{"id":3681,"href":"https:\/\/masante-cam.org\/masante\/wp-json\/wp\/v2\/pages\/3674\/revisions\/3681"}],"wp:attachment":[{"href":"https:\/\/masante-cam.org\/masante\/wp-json\/wp\/v2\/media?parent=3674"}],"curies":[{"name":"wp","href":"https:\/\/api.w.org\/{rel}","templated":true}]}}